{"id":13195,"date":"2023-07-30T15:56:39","date_gmt":"2023-07-30T07:56:39","guid":{"rendered":"https:\/\/prologium.com\/products\/llcb\/"},"modified":"2025-10-30T16:26:09","modified_gmt":"2025-10-30T08:26:09","slug":"llcb","status":"publish","type":"page","link":"https:\/\/prologium.com\/fr\/produits\/llcb\/","title":{"rendered":"LLCB"},"content":{"rendered":"\n<style type=\"text\/css\" id=\"style-css-av-204wskr-40cd53897f528ad5b7143a1c111c60d3\">\n.avia-section.av-204wskr-40cd53897f528ad5b7143a1c111c60d3{\nbackground-color:#ffffff;\n}\n<\/style>\n<div id='av_section_1'  class='avia-section av-204wskr-40cd53897f528ad5b7143a1c111c60d3 alternate_color avia-section-default avia-no-border-styling  avia-builder-el-0  avia-builder-el-no-sibling  avia-bg-style-scroll  av-minimum-height av-minimum-height-100  container_wrap sidebar_right'   data-av_minimum_height_pc='100'><div class='container av-section-cont-open' ><main  role=\"main\" itemprop=\"mainContentOfPage\"  class='template-page content  av-content-small alpha units'><div class='post-entry post-entry-type-page post-entry-13195'><div class='entry-content-wrapper clearfix'>\n<div class='flex_column_table av-1fj6z57-453485e8b143315863946d93c15b6408 sc-av_one_half av-equal-height-column-flextable'>\n<style type=\"text\/css\" id=\"style-css-av-1fj6z57-453485e8b143315863946d93c15b6408\">\n#top .flex_column.av-1fj6z57-453485e8b143315863946d93c15b6408{\nborder-radius:0px;\n-webkit-border-radius:0px;\n-moz-border-radius:0px;\npadding:2.5%;\n}\n<\/style>\n<div class='flex_column av-1fj6z57-453485e8b143315863946d93c15b6408 av_one_half  avia-builder-el-1  el_before_av_one_half  avia-builder-el-first  first no_margin flex_column_table_cell av-equal-height-column av-align-middle '   ><style type=\"text\/css\" id=\"style-css-av-lkp5ewn9-e178c681d9546f489befd68c76325861\">\n.avia-image-container.av-lkp5ewn9-e178c681d9546f489befd68c76325861 .av-image-caption-overlay-center{\ncolor:#ffffff;\n}\n<\/style>\n<div  class='avia-image-container av-lkp5ewn9-e178c681d9546f489befd68c76325861 av-styling-no-styling avia-align-center  avia-builder-el-2  avia-builder-el-no-sibling  '  itemprop=\"image\" itemscope=\"itemscope\" itemtype=\"https:\/\/schema.org\/ImageObject\" ><div class=\"avia-image-container-inner\"><div class=\"avia-image-overlay-wrap\"><img class='wp-image-39426 avia-img-lazy-loading-not-39426 avia_image' src=\"https:\/\/prologium.com\/wp-content\/uploads\/2025\/10\/20251028\u5b98\u7db2\u63db\u5716_\u5167\u9801_\u6cd5\u6587-32\u7ba1\u5236\u660e\u6587-1.jpg\" alt='' title='20251028\u5b98\u7db2\u63db\u5716_\u5167\u9801_\u6cd5\u6587-32(\u7ba1\u5236\u660e\u6587)'  height=\"1042\" width=\"1562\"  itemprop=\"thumbnailUrl\" srcset=\"https:\/\/prologium.com\/wp-content\/uploads\/2025\/10\/20251028\u5b98\u7db2\u63db\u5716_\u5167\u9801_\u6cd5\u6587-32\u7ba1\u5236\u660e\u6587-1.jpg 1562w, https:\/\/prologium.com\/wp-content\/uploads\/2025\/10\/20251028\u5b98\u7db2\u63db\u5716_\u5167\u9801_\u6cd5\u6587-32\u7ba1\u5236\u660e\u6587-1-300x200.jpg 300w, https:\/\/prologium.com\/wp-content\/uploads\/2025\/10\/20251028\u5b98\u7db2\u63db\u5716_\u5167\u9801_\u6cd5\u6587-32\u7ba1\u5236\u660e\u6587-1-1030x687.jpg 1030w, https:\/\/prologium.com\/wp-content\/uploads\/2025\/10\/20251028\u5b98\u7db2\u63db\u5716_\u5167\u9801_\u6cd5\u6587-32\u7ba1\u5236\u660e\u6587-1-768x512.jpg 768w, https:\/\/prologium.com\/wp-content\/uploads\/2025\/10\/20251028\u5b98\u7db2\u63db\u5716_\u5167\u9801_\u6cd5\u6587-32\u7ba1\u5236\u660e\u6587-1-1536x1025.jpg 1536w, https:\/\/prologium.com\/wp-content\/uploads\/2025\/10\/20251028\u5b98\u7db2\u63db\u5716_\u5167\u9801_\u6cd5\u6587-32\u7ba1\u5236\u660e\u6587-1-1500x1001.jpg 1500w, https:\/\/prologium.com\/wp-content\/uploads\/2025\/10\/20251028\u5b98\u7db2\u63db\u5716_\u5167\u9801_\u6cd5\u6587-32\u7ba1\u5236\u660e\u6587-1-705x470.jpg 705w\" sizes=\"(max-width: 1562px) 100vw, 1562px\" \/><\/div><\/div><\/div><\/div>\n<style type=\"text\/css\" id=\"style-css-av-13bzi6j-680d53858c0157c9c1c01716a2c759f2\">\n#top .flex_column.av-13bzi6j-680d53858c0157c9c1c01716a2c759f2{\nborder-radius:0px;\n-webkit-border-radius:0px;\n-moz-border-radius:0px;\npadding:2.5%;\n}\n<\/style>\n<div class='flex_column av-13bzi6j-680d53858c0157c9c1c01716a2c759f2 av_one_half  avia-builder-el-3  el_after_av_one_half  avia-builder-el-last  no_margin flex_column_table_cell av-equal-height-column av-align-middle '   ><p>\n<style type=\"text\/css\" id=\"style-css-av-lmyhyvhw-9cd6a754695bd43e8feefa50750452f3\">\n#top .av-special-heading.av-lmyhyvhw-9cd6a754695bd43e8feefa50750452f3{\nmargin:0px;\npadding-bottom:10px;\ncolor:#b89843;\n}\n.av-special-heading.av-lmyhyvhw-9cd6a754695bd43e8feefa50750452f3 .special-heading-inner-border{\nborder-color:#b89843;\n}\n<\/style>\n<div  class='av-special-heading av-lmyhyvhw-9cd6a754695bd43e8feefa50750452f3 av-special-heading-h3 custom-color-heading blockquote modern-quote  avia-builder-el-4  el_before_av_heading  avia-builder-el-first   av-small-hide av-mini-hide'><h3 class='av-special-heading-tag '  itemprop=\"headline\"  ><u>LLCB (LCB \u00e0 grande emprinte)<\/u><\/h3><div class='special-heading-border'><div class='special-heading-inner-border'><\/div><\/div><\/div><br \/>\n\n<style type=\"text\/css\" id=\"style-css-av-lmyhz5ya-744dfaddfe1bd51499203a1a2edd2df6\">\n#top .av-special-heading.av-lmyhz5ya-744dfaddfe1bd51499203a1a2edd2df6{\nmargin:0px;\npadding-bottom:10px;\ncolor:#b89843;\n}\n.av-special-heading.av-lmyhz5ya-744dfaddfe1bd51499203a1a2edd2df6 .special-heading-inner-border{\nborder-color:#b89843;\n}\n<\/style>\n<div  class='av-special-heading av-lmyhz5ya-744dfaddfe1bd51499203a1a2edd2df6 av-special-heading-h3 custom-color-heading blockquote modern-quote  avia-builder-el-5  el_after_av_heading  el_before_av_hr   av-desktop-hide av-medium-hide'><h3 class='av-special-heading-tag '  itemprop=\"headline\"  ><u>LLCB<br \/>\n(LCB \u00e0 grande emprinte)<\/u><\/h3><div class='special-heading-border'><div class='special-heading-inner-border'><\/div><\/div><\/div><br \/>\n\n<style type=\"text\/css\" id=\"style-css-av-rnlbxn-a37d3915dbd4cdfa9d647f61f965790c\">\n.hr.av-rnlbxn-a37d3915dbd4cdfa9d647f61f965790c{\nheight:10px;\n}\n<\/style>\n<div  class='hr av-rnlbxn-a37d3915dbd4cdfa9d647f61f965790c hr-invisible  avia-builder-el-6  el_after_av_heading  el_before_av_textblock  '><span class='hr-inner '><span class=\"hr-inner-style\"><\/span><\/span><\/div><br \/>\n<section class=\"av_textblock_section \"  itemscope=\"itemscope\" itemtype=\"https:\/\/schema.org\/CreativeWork\" ><div class='avia_textblock  av_inherit_color '  style='color:#b89843; '  itemprop=\"text\" ><ul>\n<li>S\u00e9curit\u00e9 fondamentale<\/li>\n<li>La batterie en taille plus grande et le teneur d\u2019\u00e9nergie plus \u00e9lev\u00e9 dans une seule cellule<\/li>\n<li>Optimisation sur l\u2019espace cellulaire du pack<\/li>\n<li>Pack avec une densit\u00e9 d\u2019\u00e9nergie plus \u00e9lev\u00e9e, et une plus grande autonomie<\/li>\n<\/ul>\n<\/div><\/section><br \/>\n<section class=\"av_textblock_section \"  itemscope=\"itemscope\" itemtype=\"https:\/\/schema.org\/CreativeWork\" ><div class='avia_textblock  av_inherit_color '  style='color:#b89843; '  itemprop=\"text\" ><p><a href=\"https:\/\/prologium.com\/prologium-at-ees-europe-with-world-premiere-of-its-latest-solidstate-battery-innovation-largefootprint-lithium-ceramic-battery-llcb\/\">En savoir plus<\/a><\/p>\n<\/div><\/section><\/p><\/div><\/div><!--close column table wrapper. Autoclose: 1 --><\/div><\/div><\/main><!-- close content main element --><\/div><\/div><div id='after_section_1'  class='main_color av_default_container_wrap container_wrap sidebar_right'  ><div class='container av-section-cont-open' ><div class='template-page content  av-content-small alpha units'><div class='post-entry post-entry-type-page post-entry-13195'><div class='entry-content-wrapper clearfix'>\n","protected":false},"excerpt":{"rendered":"","protected":false},"author":10,"featured_media":0,"parent":12390,"menu_order":3,"comment_status":"closed","ping_status":"closed","template":"","meta":[],"yoast_head":"<!-- This site is optimized with the Yoast SEO plugin v16.8 - https:\/\/yoast.com\/wordpress\/plugins\/seo\/ -->\n<title>LLCB - ProLogium Technology Co., Ltd<\/title>\n<meta name=\"robots\" content=\"index, follow, max-snippet:-1, max-image-preview:large, max-video-preview:-1\" \/>\n<link rel=\"canonical\" href=\"https:\/\/prologium.com\/fr\/produits\/llcb\/\" \/>\n<meta property=\"og:locale\" content=\"fr_FR\" \/>\n<meta property=\"og:type\" content=\"article\" \/>\n<meta property=\"og:title\" content=\"LLCB - ProLogium Technology Co., Ltd\" \/>\n<meta property=\"og:url\" content=\"https:\/\/prologium.com\/fr\/produits\/llcb\/\" \/>\n<meta property=\"og:site_name\" content=\"ProLogium Technology Co., Ltd\" \/>\n<meta property=\"article:modified_time\" content=\"2025-10-30T08:26:09+00:00\" \/>\n<meta name=\"twitter:card\" content=\"summary\" \/>\n<script type=\"application\/ld+json\" class=\"yoast-schema-graph\">{\"@context\":\"https:\/\/schema.org\",\"@graph\":[{\"@type\":\"WebSite\",\"@id\":\"https:\/\/prologium.com\/#website\",\"url\":\"https:\/\/prologium.com\/\",\"name\":\"ProLogium Technology Co., Ltd\",\"description\":\"\",\"potentialAction\":[{\"@type\":\"SearchAction\",\"target\":{\"@type\":\"EntryPoint\",\"urlTemplate\":\"https:\/\/prologium.com\/?s={search_term_string}\"},\"query-input\":\"required name=search_term_string\"}],\"inLanguage\":\"fr-FR\"},{\"@type\":\"WebPage\",\"@id\":\"https:\/\/prologium.com\/fr\/produits\/llcb\/#webpage\",\"url\":\"https:\/\/prologium.com\/fr\/produits\/llcb\/\",\"name\":\"LLCB - ProLogium Technology Co., Ltd\",\"isPartOf\":{\"@id\":\"https:\/\/prologium.com\/#website\"},\"datePublished\":\"2023-07-30T07:56:39+00:00\",\"dateModified\":\"2025-10-30T08:26:09+00:00\",\"breadcrumb\":{\"@id\":\"https:\/\/prologium.com\/fr\/produits\/llcb\/#breadcrumb\"},\"inLanguage\":\"fr-FR\",\"potentialAction\":[{\"@type\":\"ReadAction\",\"target\":[\"https:\/\/prologium.com\/fr\/produits\/llcb\/\"]}]},{\"@type\":\"BreadcrumbList\",\"@id\":\"https:\/\/prologium.com\/fr\/produits\/llcb\/#breadcrumb\",\"itemListElement\":[{\"@type\":\"ListItem\",\"position\":1,\"name\":\"\\u9996\\u9801\",\"item\":\"https:\/\/prologium.com\/fr\/index\/\"},{\"@type\":\"ListItem\",\"position\":2,\"name\":\"Produits\",\"item\":\"https:\/\/prologium.com\/fr\/produits\/\"},{\"@type\":\"ListItem\",\"position\":3,\"name\":\"LLCB\"}]}]}<\/script>\n<!-- \/ Yoast SEO plugin. -->","yoast_head_json":{"title":"LLCB - ProLogium Technology Co., Ltd","robots":{"index":"index","follow":"follow","max-snippet":"max-snippet:-1","max-image-preview":"max-image-preview:large","max-video-preview":"max-video-preview:-1"},"canonical":"https:\/\/prologium.com\/fr\/produits\/llcb\/","og_locale":"fr_FR","og_type":"article","og_title":"LLCB - ProLogium Technology Co., Ltd","og_url":"https:\/\/prologium.com\/fr\/produits\/llcb\/","og_site_name":"ProLogium Technology Co., Ltd","article_modified_time":"2025-10-30T08:26:09+00:00","twitter_card":"summary","schema":{"@context":"https:\/\/schema.org","@graph":[{"@type":"WebSite","@id":"https:\/\/prologium.com\/#website","url":"https:\/\/prologium.com\/","name":"ProLogium Technology Co., Ltd","description":"","potentialAction":[{"@type":"SearchAction","target":{"@type":"EntryPoint","urlTemplate":"https:\/\/prologium.com\/?s={search_term_string}"},"query-input":"required name=search_term_string"}],"inLanguage":"fr-FR"},{"@type":"WebPage","@id":"https:\/\/prologium.com\/fr\/produits\/llcb\/#webpage","url":"https:\/\/prologium.com\/fr\/produits\/llcb\/","name":"LLCB - ProLogium Technology Co., Ltd","isPartOf":{"@id":"https:\/\/prologium.com\/#website"},"datePublished":"2023-07-30T07:56:39+00:00","dateModified":"2025-10-30T08:26:09+00:00","breadcrumb":{"@id":"https:\/\/prologium.com\/fr\/produits\/llcb\/#breadcrumb"},"inLanguage":"fr-FR","potentialAction":[{"@type":"ReadAction","target":["https:\/\/prologium.com\/fr\/produits\/llcb\/"]}]},{"@type":"BreadcrumbList","@id":"https:\/\/prologium.com\/fr\/produits\/llcb\/#breadcrumb","itemListElement":[{"@type":"ListItem","position":1,"name":"\u9996\u9801","item":"https:\/\/prologium.com\/fr\/index\/"},{"@type":"ListItem","position":2,"name":"Produits","item":"https:\/\/prologium.com\/fr\/produits\/"},{"@type":"ListItem","position":3,"name":"LLCB"}]}]}},"_links":{"self":[{"href":"https:\/\/prologium.com\/fr\/wp-json\/wp\/v2\/pages\/13195"}],"collection":[{"href":"https:\/\/prologium.com\/fr\/wp-json\/wp\/v2\/pages"}],"about":[{"href":"https:\/\/prologium.com\/fr\/wp-json\/wp\/v2\/types\/page"}],"author":[{"embeddable":true,"href":"https:\/\/prologium.com\/fr\/wp-json\/wp\/v2\/users\/10"}],"replies":[{"embeddable":true,"href":"https:\/\/prologium.com\/fr\/wp-json\/wp\/v2\/comments?post=13195"}],"version-history":[{"count":6,"href":"https:\/\/prologium.com\/fr\/wp-json\/wp\/v2\/pages\/13195\/revisions"}],"predecessor-version":[{"id":39425,"href":"https:\/\/prologium.com\/fr\/wp-json\/wp\/v2\/pages\/13195\/revisions\/39425"}],"up":[{"embeddable":true,"href":"https:\/\/prologium.com\/fr\/wp-json\/wp\/v2\/pages\/12390"}],"wp:attachment":[{"href":"https:\/\/prologium.com\/fr\/wp-json\/wp\/v2\/media?parent=13195"}],"curies":[{"name":"wp","href":"https:\/\/api.w.org\/{rel}","templated":true}]}}