{"id":12640,"date":"2022-05-31T16:35:49","date_gmt":"2022-05-31T08:35:49","guid":{"rendered":"https:\/\/prologium.com\/about\/declaration-of-compliance-with-rba-standards\/"},"modified":"2023-09-25T14:27:31","modified_gmt":"2023-09-25T06:27:31","slug":"declaration-de-conformite-aux-normes-de-lalliance-pour-une-societe-responsable-rba","status":"publish","type":"page","link":"https:\/\/prologium.com\/fr\/qui-sommes-nous\/declaration-de-conformite-aux-normes-de-lalliance-pour-une-societe-responsable-rba\/","title":{"rendered":"D\u00e9claration de conformit\u00e9 aux normes de l\u2019Alliance pour une soci\u00e9t\u00e9 responsable (RBA)"},"content":{"rendered":"\n<style type=\"text\/css\" id=\"style-css-av-44izkn-4eba54eb918ef1fbdd0fa1e76b329141\">\n.avia-section.av-44izkn-4eba54eb918ef1fbdd0fa1e76b329141{\nbackground-color:#ffffff;\n}\n<\/style>\n<div id='av_section_1'  class='avia-section av-44izkn-4eba54eb918ef1fbdd0fa1e76b329141 alternate_color avia-section-default avia-no-border-styling  avia-builder-el-0  avia-builder-el-no-sibling  avia-bg-style-scroll  av-minimum-height av-minimum-height-100  container_wrap sidebar_right'   data-av_minimum_height_pc='100'><div class='container av-section-cont-open' ><main  role=\"main\" itemprop=\"mainContentOfPage\"  class='template-page content  av-content-small alpha units'><div class='post-entry post-entry-type-page post-entry-12640'><div class='entry-content-wrapper clearfix'>\n\n<style type=\"text\/css\" id=\"style-css-av-2c98tj-29cba21b4181e5b00de227c209d88e16\">\n#top .flex_column.av-2c98tj-29cba21b4181e5b00de227c209d88e16{\nborder-radius:0px;\n-webkit-border-radius:0px;\n-moz-border-radius:0px;\npadding:0px;\n}\n<\/style>\n<div class='flex_column av-2c98tj-29cba21b4181e5b00de227c209d88e16 av_one_full  avia-builder-el-1  avia-builder-el-no-sibling  first flex_column_div av-zero-column-padding '   ><p>\n<style type=\"text\/css\" id=\"style-css-av-l3twn0qk-8298d8ad3fb3d3cb1ae4bfbb5cd74439\">\n#top .av-special-heading.av-l3twn0qk-8298d8ad3fb3d3cb1ae4bfbb5cd74439{\nmargin:0px;\npadding-bottom:10px;\n}\n<\/style>\n<div  class='av-special-heading av-l3twn0qk-8298d8ad3fb3d3cb1ae4bfbb5cd74439 av-special-heading-h3 blockquote modern-quote  avia-builder-el-2  el_before_av_textblock  avia-builder-el-first  '><h3 class='av-special-heading-tag '  itemprop=\"headline\"  >D\u00e9claration de conformit\u00e9 aux normes de l\u2019Alliance pour une soci\u00e9t\u00e9 responsable (RBA)<\/h3><div class='special-heading-border'><div class='special-heading-inner-border'><\/div><\/div><\/div><br \/>\n<section class=\"av_textblock_section \"  itemscope=\"itemscope\" itemtype=\"https:\/\/schema.org\/CreativeWork\" ><div class='avia_textblock  '   itemprop=\"text\" ><p>Prologium s&#8217;engage \u00e0 respecter la norme RBA (Alliance pour une soci\u00e9t\u00e9 responsable) et demander \u00e0 ses fournisseurs de fairede m\u00eame<\/p>\n<\/div><\/section><\/p><\/div><\/div><\/div><\/main><!-- close content main element --><\/div><\/div><div id='after_section_1'  class='main_color av_default_container_wrap container_wrap sidebar_right'  ><div class='container av-section-cont-open' ><div class='template-page content  av-content-small alpha units'><div class='post-entry post-entry-type-page post-entry-12640'><div class='entry-content-wrapper clearfix'>\n","protected":false},"excerpt":{"rendered":"","protected":false},"author":12,"featured_media":0,"parent":12331,"menu_order":0,"comment_status":"closed","ping_status":"closed","template":"","meta":[],"yoast_head":"<!-- This site is optimized with the Yoast SEO plugin v16.8 - https:\/\/yoast.com\/wordpress\/plugins\/seo\/ -->\n<title>D\u00e9claration de conformit\u00e9 aux normes de l\u2019Alliance pour une soci\u00e9t\u00e9 responsable (RBA) - ProLogium Technology Co., Ltd<\/title>\n<meta name=\"robots\" content=\"index, follow, max-snippet:-1, max-image-preview:large, max-video-preview:-1\" \/>\n<link rel=\"canonical\" href=\"https:\/\/prologium.com\/fr\/qui-sommes-nous\/declaration-de-conformite-aux-normes-de-lalliance-pour-une-societe-responsable-rba\/\" \/>\n<meta property=\"og:locale\" content=\"fr_FR\" \/>\n<meta property=\"og:type\" content=\"article\" \/>\n<meta property=\"og:title\" content=\"D\u00e9claration de conformit\u00e9 aux normes de l\u2019Alliance pour une soci\u00e9t\u00e9 responsable (RBA) - ProLogium Technology Co., Ltd\" \/>\n<meta property=\"og:url\" content=\"https:\/\/prologium.com\/fr\/qui-sommes-nous\/declaration-de-conformite-aux-normes-de-lalliance-pour-une-societe-responsable-rba\/\" \/>\n<meta property=\"og:site_name\" content=\"ProLogium Technology Co., Ltd\" \/>\n<meta property=\"article:modified_time\" content=\"2023-09-25T06:27:31+00:00\" \/>\n<meta name=\"twitter:card\" content=\"summary\" \/>\n<script type=\"application\/ld+json\" class=\"yoast-schema-graph\">{\"@context\":\"https:\/\/schema.org\",\"@graph\":[{\"@type\":\"WebSite\",\"@id\":\"https:\/\/prologium.com\/#website\",\"url\":\"https:\/\/prologium.com\/\",\"name\":\"ProLogium Technology Co., Ltd\",\"description\":\"\",\"potentialAction\":[{\"@type\":\"SearchAction\",\"target\":{\"@type\":\"EntryPoint\",\"urlTemplate\":\"https:\/\/prologium.com\/?s={search_term_string}\"},\"query-input\":\"required name=search_term_string\"}],\"inLanguage\":\"fr-FR\"},{\"@type\":\"WebPage\",\"@id\":\"https:\/\/prologium.com\/fr\/qui-sommes-nous\/declaration-de-conformite-aux-normes-de-lalliance-pour-une-societe-responsable-rba\/#webpage\",\"url\":\"https:\/\/prologium.com\/fr\/qui-sommes-nous\/declaration-de-conformite-aux-normes-de-lalliance-pour-une-societe-responsable-rba\/\",\"name\":\"D\\u00e9claration de conformit\\u00e9 aux normes de l\\u2019Alliance pour une soci\\u00e9t\\u00e9 responsable (RBA) - ProLogium Technology Co., Ltd\",\"isPartOf\":{\"@id\":\"https:\/\/prologium.com\/#website\"},\"datePublished\":\"2022-05-31T08:35:49+00:00\",\"dateModified\":\"2023-09-25T06:27:31+00:00\",\"breadcrumb\":{\"@id\":\"https:\/\/prologium.com\/fr\/qui-sommes-nous\/declaration-de-conformite-aux-normes-de-lalliance-pour-une-societe-responsable-rba\/#breadcrumb\"},\"inLanguage\":\"fr-FR\",\"potentialAction\":[{\"@type\":\"ReadAction\",\"target\":[\"https:\/\/prologium.com\/fr\/qui-sommes-nous\/declaration-de-conformite-aux-normes-de-lalliance-pour-une-societe-responsable-rba\/\"]}]},{\"@type\":\"BreadcrumbList\",\"@id\":\"https:\/\/prologium.com\/fr\/qui-sommes-nous\/declaration-de-conformite-aux-normes-de-lalliance-pour-une-societe-responsable-rba\/#breadcrumb\",\"itemListElement\":[{\"@type\":\"ListItem\",\"position\":1,\"name\":\"\\u9996\\u9801\",\"item\":\"https:\/\/prologium.com\/fr\/index\/\"},{\"@type\":\"ListItem\",\"position\":2,\"name\":\"Qui sommes-nous ?\",\"item\":\"https:\/\/prologium.com\/fr\/qui-sommes-nous\/\"},{\"@type\":\"ListItem\",\"position\":3,\"name\":\"D\\u00e9claration de conformit\\u00e9 aux normes de l\\u2019Alliance pour une soci\\u00e9t\\u00e9 responsable (RBA)\"}]}]}<\/script>\n<!-- \/ Yoast SEO plugin. -->","yoast_head_json":{"title":"D\u00e9claration de conformit\u00e9 aux normes de l\u2019Alliance pour une soci\u00e9t\u00e9 responsable (RBA) - ProLogium Technology Co., Ltd","robots":{"index":"index","follow":"follow","max-snippet":"max-snippet:-1","max-image-preview":"max-image-preview:large","max-video-preview":"max-video-preview:-1"},"canonical":"https:\/\/prologium.com\/fr\/qui-sommes-nous\/declaration-de-conformite-aux-normes-de-lalliance-pour-une-societe-responsable-rba\/","og_locale":"fr_FR","og_type":"article","og_title":"D\u00e9claration de conformit\u00e9 aux normes de l\u2019Alliance pour une soci\u00e9t\u00e9 responsable (RBA) - ProLogium Technology Co., Ltd","og_url":"https:\/\/prologium.com\/fr\/qui-sommes-nous\/declaration-de-conformite-aux-normes-de-lalliance-pour-une-societe-responsable-rba\/","og_site_name":"ProLogium Technology Co., Ltd","article_modified_time":"2023-09-25T06:27:31+00:00","twitter_card":"summary","schema":{"@context":"https:\/\/schema.org","@graph":[{"@type":"WebSite","@id":"https:\/\/prologium.com\/#website","url":"https:\/\/prologium.com\/","name":"ProLogium Technology Co., Ltd","description":"","potentialAction":[{"@type":"SearchAction","target":{"@type":"EntryPoint","urlTemplate":"https:\/\/prologium.com\/?s={search_term_string}"},"query-input":"required name=search_term_string"}],"inLanguage":"fr-FR"},{"@type":"WebPage","@id":"https:\/\/prologium.com\/fr\/qui-sommes-nous\/declaration-de-conformite-aux-normes-de-lalliance-pour-une-societe-responsable-rba\/#webpage","url":"https:\/\/prologium.com\/fr\/qui-sommes-nous\/declaration-de-conformite-aux-normes-de-lalliance-pour-une-societe-responsable-rba\/","name":"D\u00e9claration de conformit\u00e9 aux normes de l\u2019Alliance pour une soci\u00e9t\u00e9 responsable (RBA) - ProLogium Technology Co., Ltd","isPartOf":{"@id":"https:\/\/prologium.com\/#website"},"datePublished":"2022-05-31T08:35:49+00:00","dateModified":"2023-09-25T06:27:31+00:00","breadcrumb":{"@id":"https:\/\/prologium.com\/fr\/qui-sommes-nous\/declaration-de-conformite-aux-normes-de-lalliance-pour-une-societe-responsable-rba\/#breadcrumb"},"inLanguage":"fr-FR","potentialAction":[{"@type":"ReadAction","target":["https:\/\/prologium.com\/fr\/qui-sommes-nous\/declaration-de-conformite-aux-normes-de-lalliance-pour-une-societe-responsable-rba\/"]}]},{"@type":"BreadcrumbList","@id":"https:\/\/prologium.com\/fr\/qui-sommes-nous\/declaration-de-conformite-aux-normes-de-lalliance-pour-une-societe-responsable-rba\/#breadcrumb","itemListElement":[{"@type":"ListItem","position":1,"name":"\u9996\u9801","item":"https:\/\/prologium.com\/fr\/index\/"},{"@type":"ListItem","position":2,"name":"Qui sommes-nous ?","item":"https:\/\/prologium.com\/fr\/qui-sommes-nous\/"},{"@type":"ListItem","position":3,"name":"D\u00e9claration de conformit\u00e9 aux normes de l\u2019Alliance pour une soci\u00e9t\u00e9 responsable (RBA)"}]}]}},"_links":{"self":[{"href":"https:\/\/prologium.com\/fr\/wp-json\/wp\/v2\/pages\/12640"}],"collection":[{"href":"https:\/\/prologium.com\/fr\/wp-json\/wp\/v2\/pages"}],"about":[{"href":"https:\/\/prologium.com\/fr\/wp-json\/wp\/v2\/types\/page"}],"author":[{"embeddable":true,"href":"https:\/\/prologium.com\/fr\/wp-json\/wp\/v2\/users\/12"}],"replies":[{"embeddable":true,"href":"https:\/\/prologium.com\/fr\/wp-json\/wp\/v2\/comments?post=12640"}],"version-history":[{"count":5,"href":"https:\/\/prologium.com\/fr\/wp-json\/wp\/v2\/pages\/12640\/revisions"}],"predecessor-version":[{"id":14957,"href":"https:\/\/prologium.com\/fr\/wp-json\/wp\/v2\/pages\/12640\/revisions\/14957"}],"up":[{"embeddable":true,"href":"https:\/\/prologium.com\/fr\/wp-json\/wp\/v2\/pages\/12331"}],"wp:attachment":[{"href":"https:\/\/prologium.com\/fr\/wp-json\/wp\/v2\/media?parent=12640"}],"curies":[{"name":"wp","href":"https:\/\/api.w.org\/{rel}","templated":true}]}}