{"id":12633,"date":"2022-05-31T16:31:34","date_gmt":"2022-05-31T08:31:34","guid":{"rendered":"https:\/\/prologium.com\/about\/human-rights-policy\/"},"modified":"2023-09-25T14:28:02","modified_gmt":"2023-09-25T06:28:02","slug":"la-societe-prologium-souligne-ses-engagements-concernant-les-droits-de-lhomme","status":"publish","type":"page","link":"https:\/\/prologium.com\/fr\/qui-sommes-nous\/la-societe-prologium-souligne-ses-engagements-concernant-les-droits-de-lhomme\/","title":{"rendered":"La soci\u00e9t\u00e9 Prologium souligne ses engagements concernant les Droits de l\u2019Homme"},"content":{"rendered":"\n<style type=\"text\/css\" id=\"style-css-av-3oxuya-05b0b4ed00a4a3c599c7dcfdbd01da03\">\n.avia-section.av-3oxuya-05b0b4ed00a4a3c599c7dcfdbd01da03{\nbackground-color:#ffffff;\n}\n<\/style>\n<div id='av_section_1'  class='avia-section av-3oxuya-05b0b4ed00a4a3c599c7dcfdbd01da03 alternate_color avia-section-default avia-no-border-styling  avia-builder-el-0  avia-builder-el-no-sibling  avia-bg-style-scroll  av-minimum-height av-minimum-height-100  container_wrap sidebar_right'   data-av_minimum_height_pc='100'><div class='container av-section-cont-open' ><main  role=\"main\" itemprop=\"mainContentOfPage\"  class='template-page content  av-content-small alpha units'><div class='post-entry post-entry-type-page post-entry-12633'><div class='entry-content-wrapper clearfix'>\n\n<style type=\"text\/css\" id=\"style-css-av-27eciq-4626bda885a339712571350dad08c88b\">\n#top .flex_column.av-27eciq-4626bda885a339712571350dad08c88b{\nborder-radius:0px;\n-webkit-border-radius:0px;\n-moz-border-radius:0px;\npadding:0px;\n}\n<\/style>\n<div class='flex_column av-27eciq-4626bda885a339712571350dad08c88b av_one_full  avia-builder-el-1  avia-builder-el-no-sibling  first flex_column_div av-zero-column-padding '   ><p>\n<style type=\"text\/css\" id=\"style-css-av-l3tvz2nt-37521896f51ceeabddfbbaa203a6b923\">\n#top .av-special-heading.av-l3tvz2nt-37521896f51ceeabddfbbaa203a6b923{\nmargin:0px;\npadding-bottom:10px;\n}\n<\/style>\n<div  class='av-special-heading av-l3tvz2nt-37521896f51ceeabddfbbaa203a6b923 av-special-heading-h3 blockquote modern-quote  avia-builder-el-2  el_before_av_textblock  avia-builder-el-first  '><h3 class='av-special-heading-tag '  itemprop=\"headline\"  >La soci\u00e9t\u00e9 Prologium souligne ses engagements concernant les Droits de l\u2019Homme<\/h3><div class='special-heading-border'><div class='special-heading-inner-border'><\/div><\/div><\/div><br \/>\n<section class=\"av_textblock_section \"  itemscope=\"itemscope\" itemtype=\"https:\/\/schema.org\/CreativeWork\" ><div class='avia_textblock  '   itemprop=\"text\" ><p>La Soci\u00e9t\u00e9 Prologium souligne ses engagements sur le droit de l&#8217;homme sous tous ses aspects. Prologium assure que tous ses employ\u00e9s sont tra\u00eet\u00e9s \u00e0 \u00e9galit\u00e9, dans la dignit\u00e9 et le respect.<br \/>\nPrologium s&#8217;engage \u00e0 faire ce qui suit pour prot\u00e9ger le droit des employ\u00e9s:<\/p>\n<ol>\n<li>Ne jamais embaucher des mineurs ou faire des affaires en exploitant des mineurs. Assurer un lieu de travail d\u00e9cent, sain et securitaire.<\/li>\n<li>Interdite le travail forc\u00e9, sous toutes ses formes<\/li>\n<li>Ne jamais avoir de pr\u00e9jug\u00e9 ou de traitement injuste vis \u00e0 vis des salari\u00e9s ou des candidats, en particulier concernant le caract\u00e8re racial, l&#8217;\u00e2ge, le sexe, l&#8217;orientation sexuelle, l&#8217;handicap, la grossesse, la religion, la position politique, ou l&#8217;\u00e9tat civil&#8230;etc.<\/li>\n<li>L&#8217;harc\u00e8lement sexuel ou le traitement inhumain des salari\u00e9s est strictement interdit, physiquement ou mentalement.<\/li>\n<li>Respecter la l\u00e9gislation du travail, De l\u2019informer imm\u00e9diatement de toute information relative \u00e0 l\u2019approvisionnement la r\u00e8glementation \u00e8 r\u00e9glementation sur les salaires minimaux (SMIC), les heures de travail, le repos h\u00e9bdomadaire, les jours f\u00e9ri\u00e9s et les avantages sociaux&#8230;etc.<\/li>\n<li>Respecter et prot\u00e9ger la libert\u00e9 de parole et la possiibilit\u00e9 pour les salari\u00e9s de cr\u00e9er des associations et\/ou d&#8217;y adh\u00e9rer<\/li>\n<li>Etablir une voie de communication pour un dialogue social sans biais et sans interf\u00e9rence<\/li>\n<li>Le code de conduite Prologium est conforme \u00e0 la loi du travail locale et aux normes internationales<\/li>\n<\/ol>\n<\/div><\/section><\/p><\/div><\/div><\/div><\/main><!-- close content main element --><\/div><\/div><div id='after_section_1'  class='main_color av_default_container_wrap container_wrap sidebar_right'  ><div class='container av-section-cont-open' ><div class='template-page content  av-content-small alpha units'><div class='post-entry post-entry-type-page post-entry-12633'><div class='entry-content-wrapper clearfix'>\n","protected":false},"excerpt":{"rendered":"","protected":false},"author":12,"featured_media":0,"parent":12331,"menu_order":0,"comment_status":"closed","ping_status":"closed","template":"","meta":[],"yoast_head":"<!-- This site is optimized with the Yoast SEO plugin v16.8 - https:\/\/yoast.com\/wordpress\/plugins\/seo\/ -->\n<title>La soci\u00e9t\u00e9 Prologium souligne ses engagements concernant les Droits de l\u2019Homme - ProLogium Technology Co., Ltd<\/title>\n<meta name=\"robots\" content=\"index, follow, max-snippet:-1, max-image-preview:large, max-video-preview:-1\" \/>\n<link rel=\"canonical\" href=\"https:\/\/prologium.com\/fr\/qui-sommes-nous\/la-societe-prologium-souligne-ses-engagements-concernant-les-droits-de-lhomme\/\" \/>\n<meta property=\"og:locale\" content=\"fr_FR\" \/>\n<meta property=\"og:type\" content=\"article\" \/>\n<meta property=\"og:title\" content=\"La soci\u00e9t\u00e9 Prologium souligne ses engagements concernant les Droits de l\u2019Homme - ProLogium Technology Co., Ltd\" \/>\n<meta property=\"og:url\" content=\"https:\/\/prologium.com\/fr\/qui-sommes-nous\/la-societe-prologium-souligne-ses-engagements-concernant-les-droits-de-lhomme\/\" \/>\n<meta property=\"og:site_name\" content=\"ProLogium Technology Co., Ltd\" \/>\n<meta property=\"article:modified_time\" content=\"2023-09-25T06:28:02+00:00\" \/>\n<meta name=\"twitter:card\" content=\"summary\" \/>\n<meta name=\"twitter:label1\" content=\"Dur\u00e9e de lecture est.\" \/>\n\t<meta name=\"twitter:data1\" content=\"2 minutes\" \/>\n<script type=\"application\/ld+json\" class=\"yoast-schema-graph\">{\"@context\":\"https:\/\/schema.org\",\"@graph\":[{\"@type\":\"WebSite\",\"@id\":\"https:\/\/prologium.com\/#website\",\"url\":\"https:\/\/prologium.com\/\",\"name\":\"ProLogium Technology Co., Ltd\",\"description\":\"\",\"potentialAction\":[{\"@type\":\"SearchAction\",\"target\":{\"@type\":\"EntryPoint\",\"urlTemplate\":\"https:\/\/prologium.com\/?s={search_term_string}\"},\"query-input\":\"required name=search_term_string\"}],\"inLanguage\":\"fr-FR\"},{\"@type\":\"WebPage\",\"@id\":\"https:\/\/prologium.com\/fr\/qui-sommes-nous\/la-societe-prologium-souligne-ses-engagements-concernant-les-droits-de-lhomme\/#webpage\",\"url\":\"https:\/\/prologium.com\/fr\/qui-sommes-nous\/la-societe-prologium-souligne-ses-engagements-concernant-les-droits-de-lhomme\/\",\"name\":\"La soci\\u00e9t\\u00e9 Prologium souligne ses engagements concernant les Droits de l\\u2019Homme - ProLogium Technology Co., Ltd\",\"isPartOf\":{\"@id\":\"https:\/\/prologium.com\/#website\"},\"datePublished\":\"2022-05-31T08:31:34+00:00\",\"dateModified\":\"2023-09-25T06:28:02+00:00\",\"breadcrumb\":{\"@id\":\"https:\/\/prologium.com\/fr\/qui-sommes-nous\/la-societe-prologium-souligne-ses-engagements-concernant-les-droits-de-lhomme\/#breadcrumb\"},\"inLanguage\":\"fr-FR\",\"potentialAction\":[{\"@type\":\"ReadAction\",\"target\":[\"https:\/\/prologium.com\/fr\/qui-sommes-nous\/la-societe-prologium-souligne-ses-engagements-concernant-les-droits-de-lhomme\/\"]}]},{\"@type\":\"BreadcrumbList\",\"@id\":\"https:\/\/prologium.com\/fr\/qui-sommes-nous\/la-societe-prologium-souligne-ses-engagements-concernant-les-droits-de-lhomme\/#breadcrumb\",\"itemListElement\":[{\"@type\":\"ListItem\",\"position\":1,\"name\":\"\\u9996\\u9801\",\"item\":\"https:\/\/prologium.com\/fr\/index\/\"},{\"@type\":\"ListItem\",\"position\":2,\"name\":\"Qui sommes-nous ?\",\"item\":\"https:\/\/prologium.com\/fr\/qui-sommes-nous\/\"},{\"@type\":\"ListItem\",\"position\":3,\"name\":\"La soci\\u00e9t\\u00e9 Prologium souligne ses engagements concernant les Droits de l\\u2019Homme\"}]}]}<\/script>\n<!-- \/ Yoast SEO plugin. -->","yoast_head_json":{"title":"La soci\u00e9t\u00e9 Prologium souligne ses engagements concernant les Droits de l\u2019Homme - ProLogium Technology Co., Ltd","robots":{"index":"index","follow":"follow","max-snippet":"max-snippet:-1","max-image-preview":"max-image-preview:large","max-video-preview":"max-video-preview:-1"},"canonical":"https:\/\/prologium.com\/fr\/qui-sommes-nous\/la-societe-prologium-souligne-ses-engagements-concernant-les-droits-de-lhomme\/","og_locale":"fr_FR","og_type":"article","og_title":"La soci\u00e9t\u00e9 Prologium souligne ses engagements concernant les Droits de l\u2019Homme - ProLogium Technology Co., Ltd","og_url":"https:\/\/prologium.com\/fr\/qui-sommes-nous\/la-societe-prologium-souligne-ses-engagements-concernant-les-droits-de-lhomme\/","og_site_name":"ProLogium Technology Co., Ltd","article_modified_time":"2023-09-25T06:28:02+00:00","twitter_card":"summary","twitter_misc":{"Dur\u00e9e de lecture est.":"2 minutes"},"schema":{"@context":"https:\/\/schema.org","@graph":[{"@type":"WebSite","@id":"https:\/\/prologium.com\/#website","url":"https:\/\/prologium.com\/","name":"ProLogium Technology Co., Ltd","description":"","potentialAction":[{"@type":"SearchAction","target":{"@type":"EntryPoint","urlTemplate":"https:\/\/prologium.com\/?s={search_term_string}"},"query-input":"required name=search_term_string"}],"inLanguage":"fr-FR"},{"@type":"WebPage","@id":"https:\/\/prologium.com\/fr\/qui-sommes-nous\/la-societe-prologium-souligne-ses-engagements-concernant-les-droits-de-lhomme\/#webpage","url":"https:\/\/prologium.com\/fr\/qui-sommes-nous\/la-societe-prologium-souligne-ses-engagements-concernant-les-droits-de-lhomme\/","name":"La soci\u00e9t\u00e9 Prologium souligne ses engagements concernant les Droits de l\u2019Homme - ProLogium Technology Co., Ltd","isPartOf":{"@id":"https:\/\/prologium.com\/#website"},"datePublished":"2022-05-31T08:31:34+00:00","dateModified":"2023-09-25T06:28:02+00:00","breadcrumb":{"@id":"https:\/\/prologium.com\/fr\/qui-sommes-nous\/la-societe-prologium-souligne-ses-engagements-concernant-les-droits-de-lhomme\/#breadcrumb"},"inLanguage":"fr-FR","potentialAction":[{"@type":"ReadAction","target":["https:\/\/prologium.com\/fr\/qui-sommes-nous\/la-societe-prologium-souligne-ses-engagements-concernant-les-droits-de-lhomme\/"]}]},{"@type":"BreadcrumbList","@id":"https:\/\/prologium.com\/fr\/qui-sommes-nous\/la-societe-prologium-souligne-ses-engagements-concernant-les-droits-de-lhomme\/#breadcrumb","itemListElement":[{"@type":"ListItem","position":1,"name":"\u9996\u9801","item":"https:\/\/prologium.com\/fr\/index\/"},{"@type":"ListItem","position":2,"name":"Qui sommes-nous ?","item":"https:\/\/prologium.com\/fr\/qui-sommes-nous\/"},{"@type":"ListItem","position":3,"name":"La soci\u00e9t\u00e9 Prologium souligne ses engagements concernant les Droits de l\u2019Homme"}]}]}},"_links":{"self":[{"href":"https:\/\/prologium.com\/fr\/wp-json\/wp\/v2\/pages\/12633"}],"collection":[{"href":"https:\/\/prologium.com\/fr\/wp-json\/wp\/v2\/pages"}],"about":[{"href":"https:\/\/prologium.com\/fr\/wp-json\/wp\/v2\/types\/page"}],"author":[{"embeddable":true,"href":"https:\/\/prologium.com\/fr\/wp-json\/wp\/v2\/users\/12"}],"replies":[{"embeddable":true,"href":"https:\/\/prologium.com\/fr\/wp-json\/wp\/v2\/comments?post=12633"}],"version-history":[{"count":11,"href":"https:\/\/prologium.com\/fr\/wp-json\/wp\/v2\/pages\/12633\/revisions"}],"predecessor-version":[{"id":14959,"href":"https:\/\/prologium.com\/fr\/wp-json\/wp\/v2\/pages\/12633\/revisions\/14959"}],"up":[{"embeddable":true,"href":"https:\/\/prologium.com\/fr\/wp-json\/wp\/v2\/pages\/12331"}],"wp:attachment":[{"href":"https:\/\/prologium.com\/fr\/wp-json\/wp\/v2\/media?parent=12633"}],"curies":[{"name":"wp","href":"https:\/\/api.w.org\/{rel}","templated":true}]}}