{"id":12628,"date":"2022-05-27T15:43:43","date_gmt":"2022-05-27T07:43:43","guid":{"rendered":"https:\/\/prologium.com\/about\/conflict-minerals-statement\/"},"modified":"2023-09-25T14:26:53","modified_gmt":"2023-09-25T06:26:53","slug":"declaration-concernant-les-minerais-provenant-de-zones-de-conflit","status":"publish","type":"page","link":"https:\/\/prologium.com\/fr\/qui-sommes-nous\/declaration-concernant-les-minerais-provenant-de-zones-de-conflit\/","title":{"rendered":"D\u00e9claration concernant les minerais provenant de zones de conflit"},"content":{"rendered":"\n<style type=\"text\/css\" id=\"style-css-av-l3o5189e-2de2e69ca5628ae3165c815f5885fbed\">\n.avia-section.av-l3o5189e-2de2e69ca5628ae3165c815f5885fbed{\nbackground-color:#ffffff;\n}\n<\/style>\n<div id='av_section_1'  class='avia-section av-l3o5189e-2de2e69ca5628ae3165c815f5885fbed alternate_color avia-section-default avia-no-border-styling  avia-builder-el-0  avia-builder-el-no-sibling  avia-bg-style-scroll  av-minimum-height av-minimum-height-100  container_wrap sidebar_right'   data-av_minimum_height_pc='100'><div class='container av-section-cont-open' ><main  role=\"main\" itemprop=\"mainContentOfPage\"  class='template-page content  av-content-small alpha units'><div class='post-entry post-entry-type-page post-entry-12628'><div class='entry-content-wrapper clearfix'>\n\n<style type=\"text\/css\" id=\"style-css-av-29s2su-0b4e7bb8fb114753a2c8a605299406dc\">\n#top .flex_column.av-29s2su-0b4e7bb8fb114753a2c8a605299406dc{\nborder-radius:0px;\n-webkit-border-radius:0px;\n-moz-border-radius:0px;\npadding:0px;\n}\n<\/style>\n<div class='flex_column av-29s2su-0b4e7bb8fb114753a2c8a605299406dc av_one_full  avia-builder-el-1  avia-builder-el-no-sibling  first flex_column_div av-zero-column-padding '   ><p>\n<style type=\"text\/css\" id=\"style-css-av-l3o51rh5-a0edb0fc896c2d8063fa760e25c45efd\">\n#top .av-special-heading.av-l3o51rh5-a0edb0fc896c2d8063fa760e25c45efd{\nmargin:0px;\npadding-bottom:10px;\n}\n<\/style>\n<div  class='av-special-heading av-l3o51rh5-a0edb0fc896c2d8063fa760e25c45efd av-special-heading-h3 blockquote modern-quote  avia-builder-el-2  el_before_av_textblock  avia-builder-el-first  '><h3 class='av-special-heading-tag '  itemprop=\"headline\"  >D\u00e9claration concernant les minerais provenant de zones de conflit<\/h3><div class='special-heading-border'><div class='special-heading-inner-border'><\/div><\/div><\/div><br \/>\n<section class=\"av_textblock_section \"  itemscope=\"itemscope\" itemtype=\"https:\/\/schema.org\/CreativeWork\" ><div class='avia_textblock  '   itemprop=\"text\" ><p>Les minerais provenant de zones de conflit sont : l&#8217;or, le tantale, le tungst\u00e8ne, le cobalt, le mica et l&#8217;\u00e9tain provenant de R\u00e9publique d\u00e9mocratique du Congo ou des pays voisins qui sont exploit\u00e9s et vendus sous le contr\u00f4le arm\u00e9 pour financer les conflits caract\u00e9ris\u00e9s au niveau extr\u00eame de violence ou de violation des droits de l&#8217;homme.<\/p>\n<p>PROLOGIUM ach\u00e8te les mat\u00e9riaux utilis\u00e9s dans la fabrication de ses cellules aupr\u00e8s de fournisseurs choisis selon des crit\u00e8res stricts, notamment sur des aspects sociaux, soci\u00e9taux et environnementaux, tels que : la non-utilisation de minerais provenant des zones de conflit, la non-utilisation de nickel provenant de mines qui rejettent leurs r\u00e9sidus en mer, la non utilisation du cobalt provenant de mines de la R\u00e9publique d\u00e9mocratique du Congo ou des pays voisins, l&#8217;absence de lithium provenant de mines cr\u00e9ant un stress r\u00e9siduel sur les r\u00e9serves d&#8217;eau.<\/p>\n<p>ProLogium ne soutient ni n&#8217;utilise des min\u00e9raux issus des zones de conflit et le confirme sur son site officiel ainsi que sur les contrats avec ses fournisseurs et accords d&#8217;approvisionnement. Prologium attend que tous ses fournisseurs se conforment \u00e0 la norme de &#8220;Responsible Business Alliance&#8221; et approvisionnent ses min\u00e9raux aupr\u00e8s de fournisseurs socialement responsables<\/p>\n<p>ProLogium s&#8217;engage \u00e0 prendre des mesures suivantes aupr\u00e8s de ses fournisseurs:<\/p>\n<ol>\n<li>De l\u2019informer imm\u00e9diatement de toute information relative \u00e0 l\u2019approvisionnement des min\u00e9raux provenant des zones de conflit,<\/li>\n<li>De mettre en oeuvre le processus de vigilance pour un approvisonnement responsable en min\u00e9raux, tout en garantisant qu&#8217;aucun mat\u00e9riau provient de zones de conflit<\/li>\n<\/ol>\n<\/div><\/section><\/p><\/div><\/div><\/div><\/main><!-- close content main element --><\/div><\/div><div id='after_section_1'  class='main_color av_default_container_wrap container_wrap sidebar_right'  ><div class='container av-section-cont-open' ><div class='template-page content  av-content-small alpha units'><div class='post-entry post-entry-type-page post-entry-12628'><div class='entry-content-wrapper clearfix'>\n","protected":false},"excerpt":{"rendered":"","protected":false},"author":10,"featured_media":0,"parent":12331,"menu_order":0,"comment_status":"closed","ping_status":"closed","template":"","meta":[],"yoast_head":"<!-- This site is optimized with the Yoast SEO plugin v16.8 - https:\/\/yoast.com\/wordpress\/plugins\/seo\/ -->\n<title>D\u00e9claration concernant les minerais provenant de zones de conflit - ProLogium Technology Co., Ltd<\/title>\n<meta name=\"robots\" content=\"index, follow, max-snippet:-1, max-image-preview:large, max-video-preview:-1\" \/>\n<link rel=\"canonical\" href=\"https:\/\/prologium.com\/fr\/qui-sommes-nous\/declaration-concernant-les-minerais-provenant-de-zones-de-conflit\/\" \/>\n<meta property=\"og:locale\" content=\"fr_FR\" \/>\n<meta property=\"og:type\" content=\"article\" \/>\n<meta property=\"og:title\" content=\"D\u00e9claration concernant les minerais provenant de zones de conflit - ProLogium Technology Co., Ltd\" \/>\n<meta property=\"og:url\" content=\"https:\/\/prologium.com\/fr\/qui-sommes-nous\/declaration-concernant-les-minerais-provenant-de-zones-de-conflit\/\" \/>\n<meta property=\"og:site_name\" content=\"ProLogium Technology Co., Ltd\" \/>\n<meta property=\"article:modified_time\" content=\"2023-09-25T06:26:53+00:00\" \/>\n<meta name=\"twitter:card\" content=\"summary\" \/>\n<meta name=\"twitter:label1\" content=\"Dur\u00e9e de lecture est.\" \/>\n\t<meta name=\"twitter:data1\" content=\"2 minutes\" \/>\n<script type=\"application\/ld+json\" class=\"yoast-schema-graph\">{\"@context\":\"https:\/\/schema.org\",\"@graph\":[{\"@type\":\"WebSite\",\"@id\":\"https:\/\/prologium.com\/#website\",\"url\":\"https:\/\/prologium.com\/\",\"name\":\"ProLogium Technology Co., Ltd\",\"description\":\"\",\"potentialAction\":[{\"@type\":\"SearchAction\",\"target\":{\"@type\":\"EntryPoint\",\"urlTemplate\":\"https:\/\/prologium.com\/?s={search_term_string}\"},\"query-input\":\"required name=search_term_string\"}],\"inLanguage\":\"fr-FR\"},{\"@type\":\"WebPage\",\"@id\":\"https:\/\/prologium.com\/fr\/qui-sommes-nous\/declaration-concernant-les-minerais-provenant-de-zones-de-conflit\/#webpage\",\"url\":\"https:\/\/prologium.com\/fr\/qui-sommes-nous\/declaration-concernant-les-minerais-provenant-de-zones-de-conflit\/\",\"name\":\"D\\u00e9claration concernant les minerais provenant de zones de conflit - ProLogium Technology Co., Ltd\",\"isPartOf\":{\"@id\":\"https:\/\/prologium.com\/#website\"},\"datePublished\":\"2022-05-27T07:43:43+00:00\",\"dateModified\":\"2023-09-25T06:26:53+00:00\",\"breadcrumb\":{\"@id\":\"https:\/\/prologium.com\/fr\/qui-sommes-nous\/declaration-concernant-les-minerais-provenant-de-zones-de-conflit\/#breadcrumb\"},\"inLanguage\":\"fr-FR\",\"potentialAction\":[{\"@type\":\"ReadAction\",\"target\":[\"https:\/\/prologium.com\/fr\/qui-sommes-nous\/declaration-concernant-les-minerais-provenant-de-zones-de-conflit\/\"]}]},{\"@type\":\"BreadcrumbList\",\"@id\":\"https:\/\/prologium.com\/fr\/qui-sommes-nous\/declaration-concernant-les-minerais-provenant-de-zones-de-conflit\/#breadcrumb\",\"itemListElement\":[{\"@type\":\"ListItem\",\"position\":1,\"name\":\"\\u9996\\u9801\",\"item\":\"https:\/\/prologium.com\/fr\/index\/\"},{\"@type\":\"ListItem\",\"position\":2,\"name\":\"Qui sommes-nous ?\",\"item\":\"https:\/\/prologium.com\/fr\/qui-sommes-nous\/\"},{\"@type\":\"ListItem\",\"position\":3,\"name\":\"D\\u00e9claration concernant les minerais provenant de zones de conflit\"}]}]}<\/script>\n<!-- \/ Yoast SEO plugin. -->","yoast_head_json":{"title":"D\u00e9claration concernant les minerais provenant de zones de conflit - ProLogium Technology Co., Ltd","robots":{"index":"index","follow":"follow","max-snippet":"max-snippet:-1","max-image-preview":"max-image-preview:large","max-video-preview":"max-video-preview:-1"},"canonical":"https:\/\/prologium.com\/fr\/qui-sommes-nous\/declaration-concernant-les-minerais-provenant-de-zones-de-conflit\/","og_locale":"fr_FR","og_type":"article","og_title":"D\u00e9claration concernant les minerais provenant de zones de conflit - ProLogium Technology Co., Ltd","og_url":"https:\/\/prologium.com\/fr\/qui-sommes-nous\/declaration-concernant-les-minerais-provenant-de-zones-de-conflit\/","og_site_name":"ProLogium Technology Co., Ltd","article_modified_time":"2023-09-25T06:26:53+00:00","twitter_card":"summary","twitter_misc":{"Dur\u00e9e de lecture est.":"2 minutes"},"schema":{"@context":"https:\/\/schema.org","@graph":[{"@type":"WebSite","@id":"https:\/\/prologium.com\/#website","url":"https:\/\/prologium.com\/","name":"ProLogium Technology Co., Ltd","description":"","potentialAction":[{"@type":"SearchAction","target":{"@type":"EntryPoint","urlTemplate":"https:\/\/prologium.com\/?s={search_term_string}"},"query-input":"required name=search_term_string"}],"inLanguage":"fr-FR"},{"@type":"WebPage","@id":"https:\/\/prologium.com\/fr\/qui-sommes-nous\/declaration-concernant-les-minerais-provenant-de-zones-de-conflit\/#webpage","url":"https:\/\/prologium.com\/fr\/qui-sommes-nous\/declaration-concernant-les-minerais-provenant-de-zones-de-conflit\/","name":"D\u00e9claration concernant les minerais provenant de zones de conflit - ProLogium Technology Co., Ltd","isPartOf":{"@id":"https:\/\/prologium.com\/#website"},"datePublished":"2022-05-27T07:43:43+00:00","dateModified":"2023-09-25T06:26:53+00:00","breadcrumb":{"@id":"https:\/\/prologium.com\/fr\/qui-sommes-nous\/declaration-concernant-les-minerais-provenant-de-zones-de-conflit\/#breadcrumb"},"inLanguage":"fr-FR","potentialAction":[{"@type":"ReadAction","target":["https:\/\/prologium.com\/fr\/qui-sommes-nous\/declaration-concernant-les-minerais-provenant-de-zones-de-conflit\/"]}]},{"@type":"BreadcrumbList","@id":"https:\/\/prologium.com\/fr\/qui-sommes-nous\/declaration-concernant-les-minerais-provenant-de-zones-de-conflit\/#breadcrumb","itemListElement":[{"@type":"ListItem","position":1,"name":"\u9996\u9801","item":"https:\/\/prologium.com\/fr\/index\/"},{"@type":"ListItem","position":2,"name":"Qui sommes-nous ?","item":"https:\/\/prologium.com\/fr\/qui-sommes-nous\/"},{"@type":"ListItem","position":3,"name":"D\u00e9claration concernant les minerais provenant de zones de conflit"}]}]}},"_links":{"self":[{"href":"https:\/\/prologium.com\/fr\/wp-json\/wp\/v2\/pages\/12628"}],"collection":[{"href":"https:\/\/prologium.com\/fr\/wp-json\/wp\/v2\/pages"}],"about":[{"href":"https:\/\/prologium.com\/fr\/wp-json\/wp\/v2\/types\/page"}],"author":[{"embeddable":true,"href":"https:\/\/prologium.com\/fr\/wp-json\/wp\/v2\/users\/10"}],"replies":[{"embeddable":true,"href":"https:\/\/prologium.com\/fr\/wp-json\/wp\/v2\/comments?post=12628"}],"version-history":[{"count":6,"href":"https:\/\/prologium.com\/fr\/wp-json\/wp\/v2\/pages\/12628\/revisions"}],"predecessor-version":[{"id":14955,"href":"https:\/\/prologium.com\/fr\/wp-json\/wp\/v2\/pages\/12628\/revisions\/14955"}],"up":[{"embeddable":true,"href":"https:\/\/prologium.com\/fr\/wp-json\/wp\/v2\/pages\/12331"}],"wp:attachment":[{"href":"https:\/\/prologium.com\/fr\/wp-json\/wp\/v2\/media?parent=12628"}],"curies":[{"name":"wp","href":"https:\/\/api.w.org\/{rel}","templated":true}]}}