{"id":12442,"date":"2021-04-27T14:57:51","date_gmt":"2021-04-27T06:57:51","guid":{"rendered":"https:\/\/prologium.com\/contact\/"},"modified":"2025-10-15T10:39:17","modified_gmt":"2025-10-15T02:39:17","slug":"contact","status":"publish","type":"page","link":"https:\/\/prologium.com\/fr\/contact\/","title":{"rendered":"Contact"},"content":{"rendered":"<div id='all-banner'  class='avia-fullwidth-slider main_color avia-shadow   avia-builder-el-0  el_before_av_section  avia-builder-el-first   container_wrap sidebar_right'  ><div   data-size='no scaling'  data-lightbox_size='large'  data-animation='fade'  data-conditional_play=''  data-ids='6466'  data-video_counter='0'  data-autoplay='false'  data-bg_slider='false'  data-slide_height=''  data-handle='av_slideshow_full'  data-interval='5'  data-class=' '  data-el_id=''  data-css_id=''  data-scroll_down=''  data-control_layout='av-control-default'  data-custom_markup=''  data-perma_caption=''  data-autoplay_stopper=''  data-image_attachment=''  data-min_height='350px'  data-lazy_loading='disabled'  data-src=''  data-position='top left'  data-repeat='no-repeat'  data-attach='scroll'  data-stretch=''  class='avia-slideshow avia-slideshow-1  av-control-default avia-slideshow-no scaling av_slideshow_full   avia-fade-slider '  itemprop=\"image\" itemscope=\"itemscope\" itemtype=\"https:\/\/schema.org\/ImageObject\" ><ul class='avia-slideshow-inner '  ><\/ul><\/div><\/div>\n\n<style type=\"text\/css\" id=\"style-css-av-2a105ii-3e9b08b0dff933305aedf7e6280e0350\">\n.avia-section.av-2a105ii-3e9b08b0dff933305aedf7e6280e0350{\nbackground-color:#ffffff;\n}\n<\/style>\n<div id='av_section_1'  class='avia-section av-2a105ii-3e9b08b0dff933305aedf7e6280e0350 main_color avia-section-large avia-no-border-styling  avia-builder-el-1  el_after_av_slideshow_full  el_before_av_section  avia-bg-style-scroll  av-medium-hide av-small-hide av-mini-hide container_wrap sidebar_right'  ><div class='container av-section-cont-open' ><div class='template-page content  av-content-small alpha units'><div class='post-entry post-entry-type-page post-entry-12442'><div class='entry-content-wrapper clearfix'>\n<div class='flex_column_table av-27zdh4q-959fbe85deedce536d41db44ec43780a sc-av_one_fourth av-equal-height-column-flextable'>\n<style type=\"text\/css\" id=\"style-css-av-27zdh4q-959fbe85deedce536d41db44ec43780a\">\n#top .flex_column.av-27zdh4q-959fbe85deedce536d41db44ec43780a{\nborder-radius:0px;\n-webkit-border-radius:0px;\n-moz-border-radius:0px;\npadding:0px;\n}\n<\/style>\n<div class='flex_column av-27zdh4q-959fbe85deedce536d41db44ec43780a av_one_fourth  avia-builder-el-2  el_before_av_one_fourth  avia-builder-el-first  first flex_column_table_cell av-equal-height-column av-align-top av-zero-column-padding '   ><p>\n<style type=\"text\/css\" id=\"style-css-av-25wcfh6-2c8573b797d3276af4ad7ccc7dc2b1ab\">\n#top .av-special-heading.av-25wcfh6-2c8573b797d3276af4ad7ccc7dc2b1ab{\npadding-bottom:0px;\n}\n<\/style>\n<div  class='av-special-heading av-25wcfh6-2c8573b797d3276af4ad7ccc7dc2b1ab av-special-heading-h3 blockquote modern-quote  avia-builder-el-3  el_before_av_textblock  avia-builder-el-first  av-linked-heading '><h3 class='av-special-heading-tag '  itemprop=\"headline\"  >Service client\u00e8le<\/h3><div class='special-heading-border'><div class='special-heading-inner-border'><\/div><\/div><\/div><br \/>\n<section class=\"av_textblock_section \"  itemscope=\"itemscope\" itemtype=\"https:\/\/schema.org\/CreativeWork\" ><div class='avia_textblock  '   itemprop=\"text\" ><p>Conna\u00eetre vos besoins en mati\u00e8re de batteries \u00e9tat solide<\/p>\n<\/div><\/section><\/p><\/div><div class='av-flex-placeholder'><\/div>\n<style type=\"text\/css\" id=\"style-css-av-23q5562-67cf1a861cddd573063ae68614711ade\">\n#top .flex_column.av-23q5562-67cf1a861cddd573063ae68614711ade{\nborder-radius:0px;\n-webkit-border-radius:0px;\n-moz-border-radius:0px;\npadding:0px;\n}\n<\/style>\n<div class='flex_column av-23q5562-67cf1a861cddd573063ae68614711ade av_one_fourth  avia-builder-el-5  el_after_av_one_fourth  el_before_av_one_fourth  flex_column_table_cell av-equal-height-column av-align-top av-zero-column-padding '   ><p>\n<style type=\"text\/css\" id=\"style-css-av-2176bne-8953257c0ccb470ca8b4d255d9c22f4d\">\n#top .av-special-heading.av-2176bne-8953257c0ccb470ca8b4d255d9c22f4d{\npadding-bottom:0px;\n}\n<\/style>\n<div  class='av-special-heading av-2176bne-8953257c0ccb470ca8b4d255d9c22f4d av-special-heading-h3 blockquote modern-quote  avia-builder-el-6  el_before_av_textblock  avia-builder-el-first  av-linked-heading '><h3 class='av-special-heading-tag '  itemprop=\"headline\"  >Zone fournisseurs<\/h3><div class='special-heading-border'><div class='special-heading-inner-border'><\/div><\/div><\/div><br \/>\n<section class=\"av_textblock_section \"  itemscope=\"itemscope\" itemtype=\"https:\/\/schema.org\/CreativeWork\" ><div class='avia_textblock  '   itemprop=\"text\" ><p>Devenir fournisseur de ProLogium<\/p>\n<\/div><\/section><\/p><\/div><div class='av-flex-placeholder'><\/div>\n<style type=\"text\/css\" id=\"style-css-av-717ibu-c55f0be586c64844a519d7b2335f9621\">\n#top .flex_column.av-717ibu-c55f0be586c64844a519d7b2335f9621{\nborder-radius:0px;\n-webkit-border-radius:0px;\n-moz-border-radius:0px;\npadding:0px;\n}\n<\/style>\n<div class='flex_column av-717ibu-c55f0be586c64844a519d7b2335f9621 av_one_fourth  avia-builder-el-8  el_after_av_one_fourth  el_before_av_one_fourth  flex_column_table_cell av-equal-height-column av-align-top av-zero-column-padding '   ><p>\n<style type=\"text\/css\" id=\"style-css-av-1wuw1cq-7bfc8b428a1aff7bbfdb447504816c8f\">\n#top .av-special-heading.av-1wuw1cq-7bfc8b428a1aff7bbfdb447504816c8f{\npadding-bottom:0px;\n}\n<\/style>\n<div  class='av-special-heading av-1wuw1cq-7bfc8b428a1aff7bbfdb447504816c8f av-special-heading-h3 blockquote modern-quote  avia-builder-el-9  el_before_av_textblock  avia-builder-el-first  av-linked-heading '><h3 class='av-special-heading-tag '  itemprop=\"headline\"  >Demande des m\u00e9dias<\/h3><div class='special-heading-border'><div class='special-heading-inner-border'><\/div><\/div><\/div><br \/>\n<section class=\"av_textblock_section \"  itemscope=\"itemscope\" itemtype=\"https:\/\/schema.org\/CreativeWork\" ><div class='avia_textblock  '   itemprop=\"text\" ><p>Soumettre vos demandes d\u2019assistance m\u00e9dias<\/p>\n<\/div><\/section><\/p><\/div><div class='av-flex-placeholder'><\/div>\n<style type=\"text\/css\" id=\"style-css-av-1st0mfe-59f4b1156099ea83d35d7d2766f5fef9\">\n#top .flex_column.av-1st0mfe-59f4b1156099ea83d35d7d2766f5fef9{\nborder-radius:0px;\n-webkit-border-radius:0px;\n-moz-border-radius:0px;\npadding:0px;\n}\n<\/style>\n<div class='flex_column av-1st0mfe-59f4b1156099ea83d35d7d2766f5fef9 av_one_fourth  avia-builder-el-11  el_after_av_one_fourth  el_before_av_one_fourth  flex_column_table_cell av-equal-height-column av-align-top av-zero-column-padding '   ><p>\n<style type=\"text\/css\" id=\"style-css-av-6baane-77982daab0518bb76d5fdbc967030046\">\n#top .av-special-heading.av-6baane-77982daab0518bb76d5fdbc967030046{\npadding-bottom:0px;\n}\n<\/style>\n<div  class='av-special-heading av-6baane-77982daab0518bb76d5fdbc967030046 av-special-heading-h3 blockquote modern-quote  avia-builder-el-12  el_before_av_textblock  avia-builder-el-first  av-linked-heading '><h3 class='av-special-heading-tag '  itemprop=\"headline\"  >Suivre notre actualit\u00e9<\/h3><div class='special-heading-border'><div class='special-heading-inner-border'><\/div><\/div><\/div><br \/>\n<section class=\"av_textblock_section \"  itemscope=\"itemscope\" itemtype=\"https:\/\/schema.org\/CreativeWork\" ><div class='avia_textblock  '   itemprop=\"text\" ><p>S\u2019inscrire pour recevoir nos derni\u00e8res nouvelles<\/p>\n<\/div><\/section><\/p><\/div><\/div><!--close column table wrapper. Autoclose: 1 --><div class='flex_column_table av-1oq923e-31de4586ccffc0d955f16cb4bb12bcf2 sc-av_one_fourth av-equal-height-column-flextable'>\n<style type=\"text\/css\" id=\"style-css-av-1oq923e-31de4586ccffc0d955f16cb4bb12bcf2\">\n#top .flex_column.av-1oq923e-31de4586ccffc0d955f16cb4bb12bcf2{\nborder-radius:0px;\n-webkit-border-radius:0px;\n-moz-border-radius:0px;\npadding:10px 0px 0px 0px;\n}\n<\/style>\n<div class='flex_column av-1oq923e-31de4586ccffc0d955f16cb4bb12bcf2 av_one_fourth  avia-builder-el-14  el_after_av_one_fourth  el_before_av_one_fourth  first flex_column_table_cell av-equal-height-column av-align-top av-hide-on-mobile column-top-margin'   ><\/div><div class='av-flex-placeholder'><\/div>\n<style type=\"text\/css\" id=\"style-css-av-1lnai2y-bb031773c67f918ef5199d17765e9e87\">\n#top .flex_column.av-1lnai2y-bb031773c67f918ef5199d17765e9e87{\nborder-radius:0px;\n-webkit-border-radius:0px;\n-moz-border-radius:0px;\npadding:10px 0px 0px 0px;\n}\n<\/style>\n<div class='flex_column av-1lnai2y-bb031773c67f918ef5199d17765e9e87 av_one_fourth  avia-builder-el-16  el_after_av_one_fourth  el_before_av_one_fourth  flex_column_table_cell av-equal-height-column av-align-top av-hide-on-mobile column-top-margin'   ><\/div><div class='av-flex-placeholder'><\/div>\n<style type=\"text\/css\" id=\"style-css-av-1hvagd6-ad1fba7d6dda12b658868ab9b30d4838\">\n#top .flex_column.av-1hvagd6-ad1fba7d6dda12b658868ab9b30d4838{\nborder-radius:0px;\n-webkit-border-radius:0px;\n-moz-border-radius:0px;\npadding:10px 0px 0px 0px;\n}\n<\/style>\n<div class='flex_column av-1hvagd6-ad1fba7d6dda12b658868ab9b30d4838 av_one_fourth  avia-builder-el-18  el_after_av_one_fourth  el_before_av_one_fourth  flex_column_table_cell av-equal-height-column av-align-top av-hide-on-mobile column-top-margin'   ><\/div><div class='av-flex-placeholder'><\/div>\n<style type=\"text\/css\" id=\"style-css-av-1dtpr8q-3b5411748dacaf0f31120083b1ff798f\">\n#top .flex_column.av-1dtpr8q-3b5411748dacaf0f31120083b1ff798f{\nborder-radius:0px;\n-webkit-border-radius:0px;\n-moz-border-radius:0px;\npadding:10px 0px 0px 0px;\n}\n<\/style>\n<div class='flex_column av-1dtpr8q-3b5411748dacaf0f31120083b1ff798f av_one_fourth  avia-builder-el-20  el_after_av_one_fourth  el_before_av_codeblock  flex_column_table_cell av-equal-height-column av-align-top av-hide-on-mobile column-top-margin'   ><\/div><\/div><!--close column table wrapper. Autoclose: 1 -->\n<\/div><\/div><\/div><!-- close content main div --><\/div><\/div>\n<style type=\"text\/css\" id=\"style-css-av-193npq2-b0cc63d79e984f6602562a30df276f87\">\n.avia-section.av-193npq2-b0cc63d79e984f6602562a30df276f87{\nbackground-color:#ffffff;\n}\n<\/style>\n<div id='av_section_2'  class='avia-section av-193npq2-b0cc63d79e984f6602562a30df276f87 main_color avia-section-large avia-no-border-styling  avia-builder-el-23  el_after_av_section  el_before_av_section  avia-bg-style-scroll  av-desktop-hide container_wrap sidebar_right'  ><div class='container av-section-cont-open' ><div class='template-page content  av-content-small alpha units'><div class='post-entry post-entry-type-page post-entry-12442'><div class='entry-content-wrapper clearfix'>\n\n\n<style type=\"text\/css\" id=\"style-css-av-1656zbu-d2e1b3743643c0f2f7713d4b297ffb13\">\n#top .flex_column.av-1656zbu-d2e1b3743643c0f2f7713d4b297ffb13{\nborder-radius:0px;\n-webkit-border-radius:0px;\n-moz-border-radius:0px;\npadding:0px;\n}\n<\/style>\n<div class='flex_column av-1656zbu-d2e1b3743643c0f2f7713d4b297ffb13 av_one_full  avia-builder-el-25  el_after_av_codeblock  el_before_av_one_full  first flex_column_div av-zero-column-padding '   ><p>\n<style type=\"text\/css\" id=\"style-css-av-14mm6ay-9568d3db3f03e94e4839e5cb54581ffc\">\n#top .av-special-heading.av-14mm6ay-9568d3db3f03e94e4839e5cb54581ffc{\npadding-bottom:0px;\n}\n<\/style>\n<div  class='av-special-heading av-14mm6ay-9568d3db3f03e94e4839e5cb54581ffc av-special-heading-h3 blockquote modern-quote  avia-builder-el-26  el_before_av_textblock  avia-builder-el-first  av-linked-heading '><h3 class='av-special-heading-tag '  itemprop=\"headline\"  >Service client\u00e8le<\/h3><div class='special-heading-border'><div class='special-heading-inner-border'><\/div><\/div><\/div><br \/>\n<section class=\"av_textblock_section \"  itemscope=\"itemscope\" itemtype=\"https:\/\/schema.org\/CreativeWork\" ><div class='avia_textblock  '   itemprop=\"text\" ><p>Conna\u00eetre vos besoins en mati\u00e8re de batteries \u00e9tat solide<\/p>\n<\/div><\/section><br \/>\n<br \/>\n\n<style type=\"text\/css\" id=\"style-css-av-101o8ve-c97783151bb5b3bf637aaa215ea73739\">\n.hr.av-101o8ve-c97783151bb5b3bf637aaa215ea73739{\nheight:50px;\n}\n<\/style>\n<div  class='hr av-101o8ve-c97783151bb5b3bf637aaa215ea73739 hr-invisible  avia-builder-el-29  el_after_av_codeblock  avia-builder-el-last   av-desktop-hide av-medium-hide'><span class='hr-inner '><span class=\"hr-inner-style\"><\/span><\/span><\/div><\/p><\/div>\n<style type=\"text\/css\" id=\"style-css-av-xrjhyy-351b9ca38f4cae1bb40d2ca509f4c27d\">\n#top .flex_column.av-xrjhyy-351b9ca38f4cae1bb40d2ca509f4c27d{\nborder-radius:0px;\n-webkit-border-radius:0px;\n-moz-border-radius:0px;\npadding:0px;\n}\n<\/style>\n<div class='flex_column av-xrjhyy-351b9ca38f4cae1bb40d2ca509f4c27d av_one_full  avia-builder-el-30  el_after_av_one_full  el_before_av_one_full  first flex_column_div av-zero-column-padding column-top-margin'   ><p>\n<style type=\"text\/css\" id=\"style-css-av-wzzziy-7d3ac96099efa650bd91a920e71d47ab\">\n#top .av-special-heading.av-wzzziy-7d3ac96099efa650bd91a920e71d47ab{\npadding-bottom:0px;\n}\n<\/style>\n<div  class='av-special-heading av-wzzziy-7d3ac96099efa650bd91a920e71d47ab av-special-heading-h3 blockquote modern-quote  avia-builder-el-31  el_before_av_textblock  avia-builder-el-first  av-linked-heading '><h3 class='av-special-heading-tag '  itemprop=\"headline\"  >Zone fournisseurs<\/h3><div class='special-heading-border'><div class='special-heading-inner-border'><\/div><\/div><\/div><br \/>\n<section class=\"av_textblock_section \"  itemscope=\"itemscope\" itemtype=\"https:\/\/schema.org\/CreativeWork\" ><div class='avia_textblock  '   itemprop=\"text\" ><p>Devenir fournisseur de ProLogium<\/p>\n<\/div><\/section><br \/>\n<br \/>\n\n<style type=\"text\/css\" id=\"style-css-av-r8shuy-cfb080b4de2f3eabce9d9be7042b6143\">\n.hr.av-r8shuy-cfb080b4de2f3eabce9d9be7042b6143{\nheight:50px;\n}\n<\/style>\n<div  class='hr av-r8shuy-cfb080b4de2f3eabce9d9be7042b6143 hr-invisible  avia-builder-el-34  el_after_av_codeblock  avia-builder-el-last   av-desktop-hide av-medium-hide'><span class='hr-inner '><span class=\"hr-inner-style\"><\/span><\/span><\/div><\/p><\/div>\n<style type=\"text\/css\" id=\"style-css-av-q8vexm-df87b24be2af0dd8a7418281f2df729d\">\n#top .flex_column.av-q8vexm-df87b24be2af0dd8a7418281f2df729d{\nborder-radius:0px;\n-webkit-border-radius:0px;\n-moz-border-radius:0px;\npadding:0px;\n}\n<\/style>\n<div class='flex_column av-q8vexm-df87b24be2af0dd8a7418281f2df729d av_one_full  avia-builder-el-35  el_after_av_one_full  el_before_av_one_full  first flex_column_div av-zero-column-padding column-top-margin'   ><p>\n<style type=\"text\/css\" id=\"style-css-av-ok9p9m-8f44fdd0c6cab2508c4b8f2f52d2f359\">\n#top .av-special-heading.av-ok9p9m-8f44fdd0c6cab2508c4b8f2f52d2f359{\npadding-bottom:0px;\n}\n<\/style>\n<div  class='av-special-heading av-ok9p9m-8f44fdd0c6cab2508c4b8f2f52d2f359 av-special-heading-h3 blockquote modern-quote  avia-builder-el-36  el_before_av_textblock  avia-builder-el-first  av-linked-heading '><h3 class='av-special-heading-tag '  itemprop=\"headline\"  >Demande des m\u00e9dias<\/h3><div class='special-heading-border'><div class='special-heading-inner-border'><\/div><\/div><\/div><br \/>\n<section class=\"av_textblock_section \"  itemscope=\"itemscope\" itemtype=\"https:\/\/schema.org\/CreativeWork\" ><div class='avia_textblock  '   itemprop=\"text\" ><p>Soumettre vos demandes d\u2019assistance m\u00e9dias<\/p>\n<\/div><\/section><br \/>\n<br \/>\n\n<style type=\"text\/css\" id=\"style-css-av-isx2ey-e2602c169f57c55c66ca5f21102c0a50\">\n.hr.av-isx2ey-e2602c169f57c55c66ca5f21102c0a50{\nheight:50px;\n}\n<\/style>\n<div  class='hr av-isx2ey-e2602c169f57c55c66ca5f21102c0a50 hr-invisible  avia-builder-el-39  el_after_av_codeblock  avia-builder-el-last   av-desktop-hide av-medium-hide'><span class='hr-inner '><span class=\"hr-inner-style\"><\/span><\/span><\/div><\/p><\/div>\n<style type=\"text\/css\" id=\"style-css-av-hccpey-7b03d771511778f9ccb94cf6eb6643a4\">\n#top .flex_column.av-hccpey-7b03d771511778f9ccb94cf6eb6643a4{\nborder-radius:0px;\n-webkit-border-radius:0px;\n-moz-border-radius:0px;\npadding:0px;\n}\n<\/style>\n<div class='flex_column av-hccpey-7b03d771511778f9ccb94cf6eb6643a4 av_one_full  avia-builder-el-40  el_after_av_one_full  avia-builder-el-last  first flex_column_div av-zero-column-padding column-top-margin'   ><p>\n<style type=\"text\/css\" id=\"style-css-av-f9vlcq-c3764718bbf63eb2046051e4a285f963\">\n#top .av-special-heading.av-f9vlcq-c3764718bbf63eb2046051e4a285f963{\npadding-bottom:0px;\n}\n<\/style>\n<div  class='av-special-heading av-f9vlcq-c3764718bbf63eb2046051e4a285f963 av-special-heading-h3 blockquote modern-quote  avia-builder-el-41  el_before_av_textblock  avia-builder-el-first  av-linked-heading '><h3 class='av-special-heading-tag '  itemprop=\"headline\"  >Suivre notre actualit\u00e9<\/h3><div class='special-heading-border'><div class='special-heading-inner-border'><\/div><\/div><\/div><br \/>\n<section class=\"av_textblock_section \"  itemscope=\"itemscope\" itemtype=\"https:\/\/schema.org\/CreativeWork\" ><div class='avia_textblock  '   itemprop=\"text\" ><p>S\u2019inscrire pour recevoir nos derni\u00e8res nouvelles<\/p>\n<\/div><\/section><br \/>\n<\/p><\/div>\n<\/p>\n<\/div><\/div><\/div><!-- close content main div --><\/div><\/div>\n<style type=\"text\/css\" id=\"style-css-av-a5uxp6-c8e7e913c89bec2fa7ebaf2e325ca896\">\n.avia-section.av-a5uxp6-c8e7e913c89bec2fa7ebaf2e325ca896{\nbackground-color:#ffffff;\n}\n<\/style>\n<div id='av_section_3'  class='avia-section av-a5uxp6-c8e7e913c89bec2fa7ebaf2e325ca896 main_color avia-section-large avia-no-shadow  avia-builder-el-44  el_after_av_section  avia-builder-el-last  avia-bg-style-scroll  container_wrap sidebar_right'  ><div class='container av-section-cont-open' ><div class='template-page content  av-content-small alpha units'><div class='post-entry post-entry-type-page post-entry-12442'><div class='entry-content-wrapper clearfix'>\n<section class=\"av_textblock_section \"  itemscope=\"itemscope\" itemtype=\"https:\/\/schema.org\/CreativeWork\" ><div class='avia_textblock  av_inherit_color '   itemprop=\"text\" ><h3>Autres questions<\/h3>\n<\/div><\/section>\n\n<style type=\"text\/css\" id=\"style-css-av-820ydm-3a5950f306b80d0da1aacc87ba5225fd\">\n.hr.av-820ydm-3a5950f306b80d0da1aacc87ba5225fd{\nheight:10px;\n}\n<\/style>\n<div  class='hr av-820ydm-3a5950f306b80d0da1aacc87ba5225fd hr-invisible  avia-builder-el-46  el_after_av_textblock  el_before_av_codeblock  '><span class='hr-inner '><span class=\"hr-inner-style\"><\/span><\/span><\/div>\n\n\n<style type=\"text\/css\" id=\"style-css-av-u2mw0q-183de3e08c6ee1e5f4e2d875e4c543b1\">\n.hr.av-u2mw0q-183de3e08c6ee1e5f4e2d875e4c543b1{\nheight:10px;\n}\n<\/style>\n<div  class='hr av-u2mw0q-183de3e08c6ee1e5f4e2d875e4c543b1 hr-invisible  avia-builder-el-48  el_after_av_codeblock  el_before_av_codeblock  '><span class='hr-inner '><span class=\"hr-inner-style\"><\/span><\/span><\/div>\n\n<\/div><\/div><\/div><!-- close content main div --><\/div><\/div><div id='after_section_3'  class='main_color av_default_container_wrap container_wrap sidebar_right'  ><div class='container av-section-cont-open' ><div class='template-page content  av-content-small alpha units'><div class='post-entry post-entry-type-page post-entry-12442'><div class='entry-content-wrapper clearfix'>\n","protected":false},"excerpt":{"rendered":"","protected":false},"author":10,"featured_media":0,"parent":0,"menu_order":7,"comment_status":"closed","ping_status":"closed","template":"","meta":[],"yoast_head":"<!-- This site is optimized with the Yoast SEO plugin v16.8 - https:\/\/yoast.com\/wordpress\/plugins\/seo\/ -->\n<title>Contact - ProLogium Technology Co., Ltd<\/title>\n<meta name=\"robots\" content=\"index, follow, max-snippet:-1, max-image-preview:large, max-video-preview:-1\" \/>\n<link rel=\"canonical\" href=\"https:\/\/prologium.com\/fr\/contact\/\" \/>\n<meta property=\"og:locale\" content=\"fr_FR\" \/>\n<meta property=\"og:type\" content=\"article\" \/>\n<meta property=\"og:title\" content=\"Contact - ProLogium Technology Co., Ltd\" \/>\n<meta property=\"og:url\" content=\"https:\/\/prologium.com\/fr\/contact\/\" \/>\n<meta property=\"og:site_name\" content=\"ProLogium Technology Co., Ltd\" \/>\n<meta property=\"article:modified_time\" content=\"2025-10-15T02:39:17+00:00\" \/>\n<meta name=\"twitter:card\" content=\"summary\" \/>\n<meta name=\"twitter:label1\" content=\"Dur\u00e9e de lecture est.\" \/>\n\t<meta name=\"twitter:data1\" content=\"8 minutes\" \/>\n<script type=\"application\/ld+json\" class=\"yoast-schema-graph\">{\"@context\":\"https:\/\/schema.org\",\"@graph\":[{\"@type\":\"WebSite\",\"@id\":\"https:\/\/prologium.com\/#website\",\"url\":\"https:\/\/prologium.com\/\",\"name\":\"ProLogium Technology Co., Ltd\",\"description\":\"\",\"potentialAction\":[{\"@type\":\"SearchAction\",\"target\":{\"@type\":\"EntryPoint\",\"urlTemplate\":\"https:\/\/prologium.com\/?s={search_term_string}\"},\"query-input\":\"required name=search_term_string\"}],\"inLanguage\":\"fr-FR\"},{\"@type\":\"WebPage\",\"@id\":\"https:\/\/prologium.com\/fr\/contact\/#webpage\",\"url\":\"https:\/\/prologium.com\/fr\/contact\/\",\"name\":\"Contact - ProLogium Technology Co., Ltd\",\"isPartOf\":{\"@id\":\"https:\/\/prologium.com\/#website\"},\"datePublished\":\"2021-04-27T06:57:51+00:00\",\"dateModified\":\"2025-10-15T02:39:17+00:00\",\"breadcrumb\":{\"@id\":\"https:\/\/prologium.com\/fr\/contact\/#breadcrumb\"},\"inLanguage\":\"fr-FR\",\"potentialAction\":[{\"@type\":\"ReadAction\",\"target\":[\"https:\/\/prologium.com\/fr\/contact\/\"]}]},{\"@type\":\"BreadcrumbList\",\"@id\":\"https:\/\/prologium.com\/fr\/contact\/#breadcrumb\",\"itemListElement\":[{\"@type\":\"ListItem\",\"position\":1,\"name\":\"\\u9996\\u9801\",\"item\":\"https:\/\/prologium.com\/fr\/index\/\"},{\"@type\":\"ListItem\",\"position\":2,\"name\":\"Contact\"}]}]}<\/script>\n<!-- \/ Yoast SEO plugin. -->","yoast_head_json":{"title":"Contact - ProLogium Technology Co., Ltd","robots":{"index":"index","follow":"follow","max-snippet":"max-snippet:-1","max-image-preview":"max-image-preview:large","max-video-preview":"max-video-preview:-1"},"canonical":"https:\/\/prologium.com\/fr\/contact\/","og_locale":"fr_FR","og_type":"article","og_title":"Contact - ProLogium Technology Co., Ltd","og_url":"https:\/\/prologium.com\/fr\/contact\/","og_site_name":"ProLogium Technology Co., Ltd","article_modified_time":"2025-10-15T02:39:17+00:00","twitter_card":"summary","twitter_misc":{"Dur\u00e9e de lecture est.":"8 minutes"},"schema":{"@context":"https:\/\/schema.org","@graph":[{"@type":"WebSite","@id":"https:\/\/prologium.com\/#website","url":"https:\/\/prologium.com\/","name":"ProLogium Technology Co., Ltd","description":"","potentialAction":[{"@type":"SearchAction","target":{"@type":"EntryPoint","urlTemplate":"https:\/\/prologium.com\/?s={search_term_string}"},"query-input":"required name=search_term_string"}],"inLanguage":"fr-FR"},{"@type":"WebPage","@id":"https:\/\/prologium.com\/fr\/contact\/#webpage","url":"https:\/\/prologium.com\/fr\/contact\/","name":"Contact - ProLogium Technology Co., Ltd","isPartOf":{"@id":"https:\/\/prologium.com\/#website"},"datePublished":"2021-04-27T06:57:51+00:00","dateModified":"2025-10-15T02:39:17+00:00","breadcrumb":{"@id":"https:\/\/prologium.com\/fr\/contact\/#breadcrumb"},"inLanguage":"fr-FR","potentialAction":[{"@type":"ReadAction","target":["https:\/\/prologium.com\/fr\/contact\/"]}]},{"@type":"BreadcrumbList","@id":"https:\/\/prologium.com\/fr\/contact\/#breadcrumb","itemListElement":[{"@type":"ListItem","position":1,"name":"\u9996\u9801","item":"https:\/\/prologium.com\/fr\/index\/"},{"@type":"ListItem","position":2,"name":"Contact"}]}]}},"_links":{"self":[{"href":"https:\/\/prologium.com\/fr\/wp-json\/wp\/v2\/pages\/12442"}],"collection":[{"href":"https:\/\/prologium.com\/fr\/wp-json\/wp\/v2\/pages"}],"about":[{"href":"https:\/\/prologium.com\/fr\/wp-json\/wp\/v2\/types\/page"}],"author":[{"embeddable":true,"href":"https:\/\/prologium.com\/fr\/wp-json\/wp\/v2\/users\/10"}],"replies":[{"embeddable":true,"href":"https:\/\/prologium.com\/fr\/wp-json\/wp\/v2\/comments?post=12442"}],"version-history":[{"count":15,"href":"https:\/\/prologium.com\/fr\/wp-json\/wp\/v2\/pages\/12442\/revisions"}],"predecessor-version":[{"id":39301,"href":"https:\/\/prologium.com\/fr\/wp-json\/wp\/v2\/pages\/12442\/revisions\/39301"}],"wp:attachment":[{"href":"https:\/\/prologium.com\/fr\/wp-json\/wp\/v2\/media?parent=12442"}],"curies":[{"name":"wp","href":"https:\/\/api.w.org\/{rel}","templated":true}]}}