{"id":12431,"date":"2022-06-07T10:29:19","date_gmt":"2022-06-07T02:29:19","guid":{"rendered":"https:\/\/prologium.com\/applications\/consumer-applications\/"},"modified":"2025-09-05T15:29:56","modified_gmt":"2025-09-05T07:29:56","slug":"applications-des-consmmateurs","status":"publish","type":"page","link":"https:\/\/prologium.com\/fr\/applications\/applications-des-consmmateurs\/","title":{"rendered":"Applications des consmmateurs"},"content":{"rendered":"\n<style type=\"text\/css\" id=\"style-css-av-87kug8-155a6bf53d3b876c7af7aa5fab76df30\">\n.avia-section.av-87kug8-155a6bf53d3b876c7af7aa5fab76df30{\nbackground-color:#ffffff;\n}\n<\/style>\n<div id='av_section_1'  class='avia-section av-87kug8-155a6bf53d3b876c7af7aa5fab76df30 alternate_color avia-section-default avia-no-border-styling  avia-builder-el-0  avia-builder-el-no-sibling  avia-bg-style-scroll  av-minimum-height av-minimum-height-100  container_wrap sidebar_right'   data-av_minimum_height_pc='100'><div class='container av-section-cont-open' ><main  role=\"main\" itemprop=\"mainContentOfPage\"  class='template-page content  av-content-small alpha units'><div class='post-entry post-entry-type-page post-entry-12431'><div class='entry-content-wrapper clearfix'>\n<div class='flex_column_table av-60v4k8-e6ed3fde16549d694ddf6cd97d212a2d sc-av_one_half av-equal-height-column-flextable'>\n<style type=\"text\/css\" id=\"style-css-av-60v4k8-e6ed3fde16549d694ddf6cd97d212a2d\">\n#top .flex_column.av-60v4k8-e6ed3fde16549d694ddf6cd97d212a2d{\nborder-radius:0px;\n-webkit-border-radius:0px;\n-moz-border-radius:0px;\npadding:2.5%;\n}\n<\/style>\n<div class='flex_column av-60v4k8-e6ed3fde16549d694ddf6cd97d212a2d av_one_half  avia-builder-el-1  el_before_av_one_half  avia-builder-el-first  first no_margin flex_column_table_cell av-equal-height-column av-align-top '   ><style type=\"text\/css\" id=\"style-css-av-l43jlan4-10e072d1d67a87e6d8b63271a11753de\">\n.avia-image-container.av-l43jlan4-10e072d1d67a87e6d8b63271a11753de .av-image-caption-overlay-center{\ncolor:#ffffff;\n}\n<\/style>\n<div  class='avia-image-container av-l43jlan4-10e072d1d67a87e6d8b63271a11753de av-styling-no-styling avia-align-center  avia-builder-el-2  avia-builder-el-no-sibling  '  itemprop=\"image\" itemscope=\"itemscope\" itemtype=\"https:\/\/schema.org\/ImageObject\" ><div class=\"avia-image-container-inner\"><div class=\"avia-image-overlay-wrap\"><img class='wp-image-37864 avia-img-lazy-loading-not-37864 avia_image' src=\"https:\/\/prologium.com\/wp-content\/uploads\/2025\/05\/20250217-20.jpg\" alt='' title='20250217-20'  height=\"500\" width=\"750\"  itemprop=\"thumbnailUrl\" srcset=\"https:\/\/prologium.com\/wp-content\/uploads\/2025\/05\/20250217-20.jpg 750w, https:\/\/prologium.com\/wp-content\/uploads\/2025\/05\/20250217-20-300x200.jpg 300w, https:\/\/prologium.com\/wp-content\/uploads\/2025\/05\/20250217-20-705x470.jpg 705w\" sizes=\"(max-width: 750px) 100vw, 750px\" \/><\/div><\/div><\/div><\/div>\n<style type=\"text\/css\" id=\"style-css-av-40ho9k-01b463581e6ee0338a1c6c5791bfbc98\">\n#top .flex_column.av-40ho9k-01b463581e6ee0338a1c6c5791bfbc98{\nborder-radius:0px;\n-webkit-border-radius:0px;\n-moz-border-radius:0px;\npadding:2.5%;\n}\n<\/style>\n<div class='flex_column av-40ho9k-01b463581e6ee0338a1c6c5791bfbc98 av_one_half  avia-builder-el-3  el_after_av_one_half  avia-builder-el-last  no_margin flex_column_table_cell av-equal-height-column av-align-top '   ><p>\n<style type=\"text\/css\" id=\"style-css-av-lmyholag-5b840d9f13325dff8047105880a35f71\">\n#top .av-special-heading.av-lmyholag-5b840d9f13325dff8047105880a35f71{\nmargin:0px;\npadding-bottom:10px;\ncolor:#b89843;\n}\n.av-special-heading.av-lmyholag-5b840d9f13325dff8047105880a35f71 .special-heading-inner-border{\nborder-color:#b89843;\n}\n<\/style>\n<div  class='av-special-heading av-lmyholag-5b840d9f13325dff8047105880a35f71 av-special-heading-h3 custom-color-heading blockquote modern-quote  avia-builder-el-4  el_before_av_hr  avia-builder-el-first  '><h3 class='av-special-heading-tag '  itemprop=\"headline\"  ><u> Robot <\/u><\/h3><div class='special-heading-border'><div class='special-heading-inner-border'><\/div><\/div><\/div><br \/>\n\n<style type=\"text\/css\" id=\"style-css-av-25yp4o-71238c0a7e29a8452aaa9590dd0e8615\">\n.hr.av-25yp4o-71238c0a7e29a8452aaa9590dd0e8615{\nheight:10px;\n}\n<\/style>\n<div  class='hr av-25yp4o-71238c0a7e29a8452aaa9590dd0e8615 hr-invisible  avia-builder-el-5  el_after_av_heading  el_before_av_textblock  '><span class='hr-inner '><span class=\"hr-inner-style\"><\/span><\/span><\/div><br \/>\n<section class=\"av_textblock_section \"  itemscope=\"itemscope\" itemtype=\"https:\/\/schema.org\/CreativeWork\" ><div class='avia_textblock  av_inherit_color '  style='color:#b89843; '  itemprop=\"text\" ><ul>\n<li><strong>Drone<\/strong>\n<ul>\n<li>S\u00e9curit\u00e9 fondamentale<\/li>\n<li>Haute densit\u00e9 \u00e9nerg\u00e9tique<\/li>\n<li>Haute capacit\u00e9 en courant de d\u00e9charge (C-rate)<\/li>\n<li>Large plage de fonctionnement<\/li>\n<li>Design modulaire \u00e9changeable<\/li>\n<li>Conception l\u00e9g\u00e8re de la structure<\/li>\n<\/ul>\n<\/li>\n<li><strong> Andro\u00efde <\/strong>\n<ul>\n<li>S\u00e9curit\u00e9 fondamentale<\/li>\n<li>Haute densit\u00e9 \u00e9nerg\u00e9tique<\/li>\n<li>Recharge rapide<\/li>\n<li>Conception l\u00e9g\u00e8re de la structure<\/li>\n<\/ul>\n<\/li>\n<li><strong>AMR<\/strong>\n<ul>\n<li>S\u00e9curit\u00e9 fondamentale<\/li>\n<li>Haute densit\u00e9 \u00e9nerg\u00e9tique<\/li>\n<li>Recharge rapide<\/li>\n<\/ul>\n<\/li>\n<\/ul>\n<\/div><\/section><\/p><\/div><\/div><!--close column table wrapper. Autoclose: 1 --><\/div><\/div><\/main><!-- close content main element --><\/div><\/div><div id='after_section_1'  class='main_color av_default_container_wrap container_wrap sidebar_right'  ><div class='container av-section-cont-open' ><div class='template-page content  av-content-small alpha units'><div class='post-entry post-entry-type-page post-entry-12431'><div class='entry-content-wrapper clearfix'>\n","protected":false},"excerpt":{"rendered":"","protected":false},"author":12,"featured_media":0,"parent":12386,"menu_order":4,"comment_status":"closed","ping_status":"closed","template":"","meta":[],"yoast_head":"<!-- This site is optimized with the Yoast SEO plugin v16.8 - https:\/\/yoast.com\/wordpress\/plugins\/seo\/ -->\n<title>Applications des consmmateurs - ProLogium Technology Co., Ltd<\/title>\n<meta name=\"robots\" content=\"index, follow, max-snippet:-1, max-image-preview:large, max-video-preview:-1\" \/>\n<link rel=\"canonical\" href=\"https:\/\/prologium.com\/fr\/applications\/applications-des-consmmateurs\/\" \/>\n<meta property=\"og:locale\" content=\"fr_FR\" \/>\n<meta property=\"og:type\" content=\"article\" \/>\n<meta property=\"og:title\" content=\"Applications des consmmateurs - ProLogium Technology Co., Ltd\" \/>\n<meta property=\"og:url\" content=\"https:\/\/prologium.com\/fr\/applications\/applications-des-consmmateurs\/\" \/>\n<meta property=\"og:site_name\" content=\"ProLogium Technology Co., Ltd\" \/>\n<meta property=\"article:modified_time\" content=\"2025-09-05T07:29:56+00:00\" \/>\n<meta name=\"twitter:card\" content=\"summary\" \/>\n<script type=\"application\/ld+json\" class=\"yoast-schema-graph\">{\"@context\":\"https:\/\/schema.org\",\"@graph\":[{\"@type\":\"WebSite\",\"@id\":\"https:\/\/prologium.com\/#website\",\"url\":\"https:\/\/prologium.com\/\",\"name\":\"ProLogium Technology Co., Ltd\",\"description\":\"\",\"potentialAction\":[{\"@type\":\"SearchAction\",\"target\":{\"@type\":\"EntryPoint\",\"urlTemplate\":\"https:\/\/prologium.com\/?s={search_term_string}\"},\"query-input\":\"required name=search_term_string\"}],\"inLanguage\":\"fr-FR\"},{\"@type\":\"WebPage\",\"@id\":\"https:\/\/prologium.com\/fr\/applications\/applications-des-consmmateurs\/#webpage\",\"url\":\"https:\/\/prologium.com\/fr\/applications\/applications-des-consmmateurs\/\",\"name\":\"Applications des consmmateurs - ProLogium Technology Co., Ltd\",\"isPartOf\":{\"@id\":\"https:\/\/prologium.com\/#website\"},\"datePublished\":\"2022-06-07T02:29:19+00:00\",\"dateModified\":\"2025-09-05T07:29:56+00:00\",\"breadcrumb\":{\"@id\":\"https:\/\/prologium.com\/fr\/applications\/applications-des-consmmateurs\/#breadcrumb\"},\"inLanguage\":\"fr-FR\",\"potentialAction\":[{\"@type\":\"ReadAction\",\"target\":[\"https:\/\/prologium.com\/fr\/applications\/applications-des-consmmateurs\/\"]}]},{\"@type\":\"BreadcrumbList\",\"@id\":\"https:\/\/prologium.com\/fr\/applications\/applications-des-consmmateurs\/#breadcrumb\",\"itemListElement\":[{\"@type\":\"ListItem\",\"position\":1,\"name\":\"\\u9996\\u9801\",\"item\":\"https:\/\/prologium.com\/fr\/index\/\"},{\"@type\":\"ListItem\",\"position\":2,\"name\":\"Applications\",\"item\":\"https:\/\/prologium.com\/fr\/applications\/\"},{\"@type\":\"ListItem\",\"position\":3,\"name\":\"Applications des consmmateurs\"}]}]}<\/script>\n<!-- \/ Yoast SEO plugin. -->","yoast_head_json":{"title":"Applications des consmmateurs - ProLogium Technology Co., Ltd","robots":{"index":"index","follow":"follow","max-snippet":"max-snippet:-1","max-image-preview":"max-image-preview:large","max-video-preview":"max-video-preview:-1"},"canonical":"https:\/\/prologium.com\/fr\/applications\/applications-des-consmmateurs\/","og_locale":"fr_FR","og_type":"article","og_title":"Applications des consmmateurs - ProLogium Technology Co., Ltd","og_url":"https:\/\/prologium.com\/fr\/applications\/applications-des-consmmateurs\/","og_site_name":"ProLogium Technology Co., Ltd","article_modified_time":"2025-09-05T07:29:56+00:00","twitter_card":"summary","schema":{"@context":"https:\/\/schema.org","@graph":[{"@type":"WebSite","@id":"https:\/\/prologium.com\/#website","url":"https:\/\/prologium.com\/","name":"ProLogium Technology Co., Ltd","description":"","potentialAction":[{"@type":"SearchAction","target":{"@type":"EntryPoint","urlTemplate":"https:\/\/prologium.com\/?s={search_term_string}"},"query-input":"required name=search_term_string"}],"inLanguage":"fr-FR"},{"@type":"WebPage","@id":"https:\/\/prologium.com\/fr\/applications\/applications-des-consmmateurs\/#webpage","url":"https:\/\/prologium.com\/fr\/applications\/applications-des-consmmateurs\/","name":"Applications des consmmateurs - ProLogium Technology Co., Ltd","isPartOf":{"@id":"https:\/\/prologium.com\/#website"},"datePublished":"2022-06-07T02:29:19+00:00","dateModified":"2025-09-05T07:29:56+00:00","breadcrumb":{"@id":"https:\/\/prologium.com\/fr\/applications\/applications-des-consmmateurs\/#breadcrumb"},"inLanguage":"fr-FR","potentialAction":[{"@type":"ReadAction","target":["https:\/\/prologium.com\/fr\/applications\/applications-des-consmmateurs\/"]}]},{"@type":"BreadcrumbList","@id":"https:\/\/prologium.com\/fr\/applications\/applications-des-consmmateurs\/#breadcrumb","itemListElement":[{"@type":"ListItem","position":1,"name":"\u9996\u9801","item":"https:\/\/prologium.com\/fr\/index\/"},{"@type":"ListItem","position":2,"name":"Applications","item":"https:\/\/prologium.com\/fr\/applications\/"},{"@type":"ListItem","position":3,"name":"Applications des consmmateurs"}]}]}},"_links":{"self":[{"href":"https:\/\/prologium.com\/fr\/wp-json\/wp\/v2\/pages\/12431"}],"collection":[{"href":"https:\/\/prologium.com\/fr\/wp-json\/wp\/v2\/pages"}],"about":[{"href":"https:\/\/prologium.com\/fr\/wp-json\/wp\/v2\/types\/page"}],"author":[{"embeddable":true,"href":"https:\/\/prologium.com\/fr\/wp-json\/wp\/v2\/users\/12"}],"replies":[{"embeddable":true,"href":"https:\/\/prologium.com\/fr\/wp-json\/wp\/v2\/comments?post=12431"}],"version-history":[{"count":9,"href":"https:\/\/prologium.com\/fr\/wp-json\/wp\/v2\/pages\/12431\/revisions"}],"predecessor-version":[{"id":39098,"href":"https:\/\/prologium.com\/fr\/wp-json\/wp\/v2\/pages\/12431\/revisions\/39098"}],"up":[{"embeddable":true,"href":"https:\/\/prologium.com\/fr\/wp-json\/wp\/v2\/pages\/12386"}],"wp:attachment":[{"href":"https:\/\/prologium.com\/fr\/wp-json\/wp\/v2\/media?parent=12431"}],"curies":[{"name":"wp","href":"https:\/\/api.w.org\/{rel}","templated":true}]}}