{"id":12426,"date":"2022-06-07T10:25:36","date_gmt":"2022-06-07T02:25:36","guid":{"rendered":"https:\/\/prologium.com\/applications\/industrial-special-environment-application\/"},"modified":"2025-10-30T16:54:23","modified_gmt":"2025-10-30T08:54:23","slug":"lapplication-dans-lenvironement-special-industriel","status":"publish","type":"page","link":"https:\/\/prologium.com\/fr\/applications\/lapplication-dans-lenvironement-special-industriel\/","title":{"rendered":"L&#8217;application dans l&#8217;environement sp\u00e9cial \/ industriel"},"content":{"rendered":"\n<style type=\"text\/css\" id=\"style-css-av-6swuva-54f5b6d11375ecf31a17d498a1d35641\">\n.avia-section.av-6swuva-54f5b6d11375ecf31a17d498a1d35641{\nbackground-color:#ffffff;\n}\n<\/style>\n<div id='av_section_1'  class='avia-section av-6swuva-54f5b6d11375ecf31a17d498a1d35641 alternate_color avia-section-default avia-no-border-styling  avia-builder-el-0  avia-builder-el-no-sibling  avia-bg-style-scroll  av-minimum-height av-minimum-height-100  container_wrap sidebar_right'   data-av_minimum_height_pc='100'><div class='container av-section-cont-open' ><main  role=\"main\" itemprop=\"mainContentOfPage\"  class='template-page content  av-content-small alpha units'><div class='post-entry post-entry-type-page post-entry-12426'><div class='entry-content-wrapper clearfix'>\n<div class='flex_column_table av-5lfkk6-a2331f125a3ec3d9caf365eba4d8dc13 sc-av_one_half av-equal-height-column-flextable'>\n<style type=\"text\/css\" id=\"style-css-av-5lfkk6-a2331f125a3ec3d9caf365eba4d8dc13\">\n#top .flex_column.av-5lfkk6-a2331f125a3ec3d9caf365eba4d8dc13{\nborder-radius:0px;\n-webkit-border-radius:0px;\n-moz-border-radius:0px;\npadding:2.5%;\n}\n<\/style>\n<div class='flex_column av-5lfkk6-a2331f125a3ec3d9caf365eba4d8dc13 av_one_half  avia-builder-el-1  el_before_av_one_half  avia-builder-el-first  first no_margin flex_column_table_cell av-equal-height-column av-align-top '   ><style type=\"text\/css\" id=\"style-css-av-l43jffe7-798a99b3569e83682b61288d76f2fbec\">\n.avia-image-container.av-l43jffe7-798a99b3569e83682b61288d76f2fbec .av-image-caption-overlay-center{\ncolor:#ffffff;\n}\n<\/style>\n<div  class='avia-image-container av-l43jffe7-798a99b3569e83682b61288d76f2fbec av-styling-no-styling avia-align-center  avia-builder-el-2  avia-builder-el-no-sibling  '  itemprop=\"image\" itemscope=\"itemscope\" itemtype=\"https:\/\/schema.org\/ImageObject\" ><div class=\"avia-image-container-inner\"><div class=\"avia-image-overlay-wrap\"><img class='wp-image-39498 avia-img-lazy-loading-not-39498 avia_image' src=\"https:\/\/prologium.com\/wp-content\/uploads\/2025\/10\/20251028\u5b98\u7db2\u63db\u5716_\u61c9\u7528_\u5167\u9801_\u6cd5\u6587\u7ba1\u5236\u660e\u6587.jpg\" alt='' title='20251028\u5b98\u7db2\u63db\u5716_\u61c9\u7528_\u5167\u9801_\u6cd5\u6587(\u7ba1\u5236\u660e\u6587)'  height=\"1042\" width=\"1562\"  itemprop=\"thumbnailUrl\" srcset=\"https:\/\/prologium.com\/wp-content\/uploads\/2025\/10\/20251028\u5b98\u7db2\u63db\u5716_\u61c9\u7528_\u5167\u9801_\u6cd5\u6587\u7ba1\u5236\u660e\u6587.jpg 1562w, https:\/\/prologium.com\/wp-content\/uploads\/2025\/10\/20251028\u5b98\u7db2\u63db\u5716_\u61c9\u7528_\u5167\u9801_\u6cd5\u6587\u7ba1\u5236\u660e\u6587-300x200.jpg 300w, https:\/\/prologium.com\/wp-content\/uploads\/2025\/10\/20251028\u5b98\u7db2\u63db\u5716_\u61c9\u7528_\u5167\u9801_\u6cd5\u6587\u7ba1\u5236\u660e\u6587-1030x687.jpg 1030w, https:\/\/prologium.com\/wp-content\/uploads\/2025\/10\/20251028\u5b98\u7db2\u63db\u5716_\u61c9\u7528_\u5167\u9801_\u6cd5\u6587\u7ba1\u5236\u660e\u6587-768x512.jpg 768w, https:\/\/prologium.com\/wp-content\/uploads\/2025\/10\/20251028\u5b98\u7db2\u63db\u5716_\u61c9\u7528_\u5167\u9801_\u6cd5\u6587\u7ba1\u5236\u660e\u6587-1536x1025.jpg 1536w, https:\/\/prologium.com\/wp-content\/uploads\/2025\/10\/20251028\u5b98\u7db2\u63db\u5716_\u61c9\u7528_\u5167\u9801_\u6cd5\u6587\u7ba1\u5236\u660e\u6587-1500x1001.jpg 1500w, https:\/\/prologium.com\/wp-content\/uploads\/2025\/10\/20251028\u5b98\u7db2\u63db\u5716_\u61c9\u7528_\u5167\u9801_\u6cd5\u6587\u7ba1\u5236\u660e\u6587-705x470.jpg 705w\" sizes=\"(max-width: 1562px) 100vw, 1562px\" \/><\/div><\/div><\/div><\/div>\n<style type=\"text\/css\" id=\"style-css-av-dcqk6-04b4c041b45f80cc7e1cb2e84fa9b149\">\n#top .flex_column.av-dcqk6-04b4c041b45f80cc7e1cb2e84fa9b149{\nborder-radius:0px;\n-webkit-border-radius:0px;\n-moz-border-radius:0px;\npadding:2.5%;\n}\n<\/style>\n<div class='flex_column av-dcqk6-04b4c041b45f80cc7e1cb2e84fa9b149 av_one_half  avia-builder-el-3  el_after_av_one_half  avia-builder-el-last  no_margin flex_column_table_cell av-equal-height-column av-align-top '   ><p>\n<style type=\"text\/css\" id=\"style-css-av-lmyhmvpr-a0ac1a15bc28f5648bd5f92a18650da9\">\n#top .av-special-heading.av-lmyhmvpr-a0ac1a15bc28f5648bd5f92a18650da9{\nmargin:0px;\npadding-bottom:10px;\ncolor:#b89843;\n}\n.av-special-heading.av-lmyhmvpr-a0ac1a15bc28f5648bd5f92a18650da9 .special-heading-inner-border{\nborder-color:#b89843;\n}\n<\/style>\n<div  class='av-special-heading av-lmyhmvpr-a0ac1a15bc28f5648bd5f92a18650da9 av-special-heading-h3 custom-color-heading blockquote modern-quote  avia-builder-el-4  el_before_av_hr  avia-builder-el-first  '><h3 class='av-special-heading-tag '  itemprop=\"headline\"  ><u>March\u00e9 de niche<\/u><\/h3><div class='special-heading-border'><div class='special-heading-inner-border'><\/div><\/div><\/div><br \/>\n\n<style type=\"text\/css\" id=\"style-css-av-2bc106-0e931f709d6473f1c1883f7d3d5c0680\">\n.hr.av-2bc106-0e931f709d6473f1c1883f7d3d5c0680{\nheight:10px;\n}\n<\/style>\n<div  class='hr av-2bc106-0e931f709d6473f1c1883f7d3d5c0680 hr-invisible  avia-builder-el-5  el_after_av_heading  el_before_av_textblock  '><span class='hr-inner '><span class=\"hr-inner-style\"><\/span><\/span><\/div><br \/>\n<section class=\"av_textblock_section \"  itemscope=\"itemscope\" itemtype=\"https:\/\/schema.org\/CreativeWork\" ><div class='avia_textblock  av_inherit_color '  style='color:#b89843; '  itemprop=\"text\" ><ul>\n<li><strong> Satellite <\/strong>\n<ul>\n<li>S\u00e9curit\u00e9 fondamentale<\/li>\n<li>Large plage de fonctionnement<\/li>\n<li>Excellente r\u00e9sistance aux chocs et au vide<\/li>\n<li>Capacit\u00e9 thermique sup\u00e9rieure<\/li>\n<\/ul>\n<\/li>\n<li><strong> Tablette robuste <\/strong>\n<ul>\n<li>S\u00e9curit\u00e9 fondamentale<\/li>\n<li>Large plage de fonctionnement<\/li>\n<\/ul>\n<\/li>\n<li><strong> Appareil antid\u00e9flagrant <\/strong>\n<ul>\n<li>S\u00e9curit\u00e9 fondamentale<\/li>\n<li>Large plage de fonctionnement<\/li>\n<li>Excellente durabilit\u00e9 \u00e0 la pression<\/li>\n<\/ul>\n<\/li>\n<li><strong> Outil \u00e9lectrique <\/strong>\n<ul>\n<li>S\u00e9curit\u00e9 fondamentale<\/li>\n<li>Haute capacit\u00e9 en courant de d\u00e9charge (C-rate)<\/li>\n<li>Large plage de fonctionnement<\/li>\n<\/ul>\n<\/li>\n<li><strong> V\u00e9hicule de chantier <\/strong>\n<ul>\n<li>S\u00e9curit\u00e9 fondamentale<\/li>\n<li>Haute densit\u00e9 \u00e9nerg\u00e9tique du pack<\/li>\n<li>Recharge rapide<\/li>\n<li>W Large plage de fonctionnement<\/li>\n<li>Conception efficace pour la dissipation thermique<\/li>\n<\/ul>\n<\/li>\n<li><strong> Haut-parleur <\/strong>\n<ul>\n<li>S\u00e9curit\u00e9 fondamentale<\/li>\n<li>Haute densit\u00e9 \u00e9nerg\u00e9tique<\/li>\n<li>Conception l\u00e9g\u00e8re de la structure<\/li>\n<\/ul>\n<\/li>\n<li><strong> Semi-conducteur <\/strong>\n<ul>\n<li>S\u00e9curit\u00e9 fondamentale<\/li>\n<li>D\u00e9charge stable<\/li>\n<\/ul>\n<\/li>\n<\/ul>\n<\/div><\/section><\/p><\/div><\/div><!--close column table wrapper. Autoclose: 1 --><\/div><\/div><\/main><!-- close content main element --><\/div><\/div><div id='after_section_1'  class='main_color av_default_container_wrap container_wrap sidebar_right'  ><div class='container av-section-cont-open' ><div class='template-page content  av-content-small alpha units'><div class='post-entry post-entry-type-page post-entry-12426'><div class='entry-content-wrapper clearfix'>\n","protected":false},"excerpt":{"rendered":"","protected":false},"author":12,"featured_media":0,"parent":12386,"menu_order":3,"comment_status":"closed","ping_status":"closed","template":"","meta":[],"yoast_head":"<!-- This site is optimized with the Yoast SEO plugin v16.8 - https:\/\/yoast.com\/wordpress\/plugins\/seo\/ -->\n<title>L&#039;application dans l&#039;environement sp\u00e9cial \/ industriel - ProLogium Technology Co., Ltd<\/title>\n<meta name=\"robots\" content=\"index, follow, max-snippet:-1, max-image-preview:large, max-video-preview:-1\" \/>\n<link rel=\"canonical\" href=\"https:\/\/prologium.com\/fr\/applications\/lapplication-dans-lenvironement-special-industriel\/\" \/>\n<meta property=\"og:locale\" content=\"fr_FR\" \/>\n<meta property=\"og:type\" content=\"article\" \/>\n<meta property=\"og:title\" content=\"L&#039;application dans l&#039;environement sp\u00e9cial \/ industriel - ProLogium Technology Co., Ltd\" \/>\n<meta property=\"og:url\" content=\"https:\/\/prologium.com\/fr\/applications\/lapplication-dans-lenvironement-special-industriel\/\" \/>\n<meta property=\"og:site_name\" content=\"ProLogium Technology Co., Ltd\" \/>\n<meta property=\"article:modified_time\" content=\"2025-10-30T08:54:23+00:00\" \/>\n<meta name=\"twitter:card\" content=\"summary\" \/>\n<meta name=\"twitter:label1\" content=\"Dur\u00e9e de lecture est.\" \/>\n\t<meta name=\"twitter:data1\" content=\"2 minutes\" \/>\n<script type=\"application\/ld+json\" class=\"yoast-schema-graph\">{\"@context\":\"https:\/\/schema.org\",\"@graph\":[{\"@type\":\"WebSite\",\"@id\":\"https:\/\/prologium.com\/#website\",\"url\":\"https:\/\/prologium.com\/\",\"name\":\"ProLogium Technology Co., Ltd\",\"description\":\"\",\"potentialAction\":[{\"@type\":\"SearchAction\",\"target\":{\"@type\":\"EntryPoint\",\"urlTemplate\":\"https:\/\/prologium.com\/?s={search_term_string}\"},\"query-input\":\"required name=search_term_string\"}],\"inLanguage\":\"fr-FR\"},{\"@type\":\"WebPage\",\"@id\":\"https:\/\/prologium.com\/fr\/applications\/lapplication-dans-lenvironement-special-industriel\/#webpage\",\"url\":\"https:\/\/prologium.com\/fr\/applications\/lapplication-dans-lenvironement-special-industriel\/\",\"name\":\"L'application dans l'environement sp\\u00e9cial \/ industriel - ProLogium Technology Co., Ltd\",\"isPartOf\":{\"@id\":\"https:\/\/prologium.com\/#website\"},\"datePublished\":\"2022-06-07T02:25:36+00:00\",\"dateModified\":\"2025-10-30T08:54:23+00:00\",\"breadcrumb\":{\"@id\":\"https:\/\/prologium.com\/fr\/applications\/lapplication-dans-lenvironement-special-industriel\/#breadcrumb\"},\"inLanguage\":\"fr-FR\",\"potentialAction\":[{\"@type\":\"ReadAction\",\"target\":[\"https:\/\/prologium.com\/fr\/applications\/lapplication-dans-lenvironement-special-industriel\/\"]}]},{\"@type\":\"BreadcrumbList\",\"@id\":\"https:\/\/prologium.com\/fr\/applications\/lapplication-dans-lenvironement-special-industriel\/#breadcrumb\",\"itemListElement\":[{\"@type\":\"ListItem\",\"position\":1,\"name\":\"\\u9996\\u9801\",\"item\":\"https:\/\/prologium.com\/fr\/index\/\"},{\"@type\":\"ListItem\",\"position\":2,\"name\":\"Applications\",\"item\":\"https:\/\/prologium.com\/fr\/applications\/\"},{\"@type\":\"ListItem\",\"position\":3,\"name\":\"L&#8217;application dans l&#8217;environement sp\\u00e9cial \/ industriel\"}]}]}<\/script>\n<!-- \/ Yoast SEO plugin. -->","yoast_head_json":{"title":"L'application dans l'environement sp\u00e9cial \/ industriel - ProLogium Technology Co., Ltd","robots":{"index":"index","follow":"follow","max-snippet":"max-snippet:-1","max-image-preview":"max-image-preview:large","max-video-preview":"max-video-preview:-1"},"canonical":"https:\/\/prologium.com\/fr\/applications\/lapplication-dans-lenvironement-special-industriel\/","og_locale":"fr_FR","og_type":"article","og_title":"L'application dans l'environement sp\u00e9cial \/ industriel - ProLogium Technology Co., Ltd","og_url":"https:\/\/prologium.com\/fr\/applications\/lapplication-dans-lenvironement-special-industriel\/","og_site_name":"ProLogium Technology Co., Ltd","article_modified_time":"2025-10-30T08:54:23+00:00","twitter_card":"summary","twitter_misc":{"Dur\u00e9e de lecture est.":"2 minutes"},"schema":{"@context":"https:\/\/schema.org","@graph":[{"@type":"WebSite","@id":"https:\/\/prologium.com\/#website","url":"https:\/\/prologium.com\/","name":"ProLogium Technology Co., Ltd","description":"","potentialAction":[{"@type":"SearchAction","target":{"@type":"EntryPoint","urlTemplate":"https:\/\/prologium.com\/?s={search_term_string}"},"query-input":"required name=search_term_string"}],"inLanguage":"fr-FR"},{"@type":"WebPage","@id":"https:\/\/prologium.com\/fr\/applications\/lapplication-dans-lenvironement-special-industriel\/#webpage","url":"https:\/\/prologium.com\/fr\/applications\/lapplication-dans-lenvironement-special-industriel\/","name":"L'application dans l'environement sp\u00e9cial \/ industriel - ProLogium Technology Co., Ltd","isPartOf":{"@id":"https:\/\/prologium.com\/#website"},"datePublished":"2022-06-07T02:25:36+00:00","dateModified":"2025-10-30T08:54:23+00:00","breadcrumb":{"@id":"https:\/\/prologium.com\/fr\/applications\/lapplication-dans-lenvironement-special-industriel\/#breadcrumb"},"inLanguage":"fr-FR","potentialAction":[{"@type":"ReadAction","target":["https:\/\/prologium.com\/fr\/applications\/lapplication-dans-lenvironement-special-industriel\/"]}]},{"@type":"BreadcrumbList","@id":"https:\/\/prologium.com\/fr\/applications\/lapplication-dans-lenvironement-special-industriel\/#breadcrumb","itemListElement":[{"@type":"ListItem","position":1,"name":"\u9996\u9801","item":"https:\/\/prologium.com\/fr\/index\/"},{"@type":"ListItem","position":2,"name":"Applications","item":"https:\/\/prologium.com\/fr\/applications\/"},{"@type":"ListItem","position":3,"name":"L&#8217;application dans l&#8217;environement sp\u00e9cial \/ industriel"}]}]}},"_links":{"self":[{"href":"https:\/\/prologium.com\/fr\/wp-json\/wp\/v2\/pages\/12426"}],"collection":[{"href":"https:\/\/prologium.com\/fr\/wp-json\/wp\/v2\/pages"}],"about":[{"href":"https:\/\/prologium.com\/fr\/wp-json\/wp\/v2\/types\/page"}],"author":[{"embeddable":true,"href":"https:\/\/prologium.com\/fr\/wp-json\/wp\/v2\/users\/12"}],"replies":[{"embeddable":true,"href":"https:\/\/prologium.com\/fr\/wp-json\/wp\/v2\/comments?post=12426"}],"version-history":[{"count":14,"href":"https:\/\/prologium.com\/fr\/wp-json\/wp\/v2\/pages\/12426\/revisions"}],"predecessor-version":[{"id":39091,"href":"https:\/\/prologium.com\/fr\/wp-json\/wp\/v2\/pages\/12426\/revisions\/39091"}],"up":[{"embeddable":true,"href":"https:\/\/prologium.com\/fr\/wp-json\/wp\/v2\/pages\/12386"}],"wp:attachment":[{"href":"https:\/\/prologium.com\/fr\/wp-json\/wp\/v2\/media?parent=12426"}],"curies":[{"name":"wp","href":"https:\/\/api.w.org\/{rel}","templated":true}]}}