{"id":12421,"date":"2022-06-07T10:32:22","date_gmt":"2022-06-07T02:32:22","guid":{"rendered":"https:\/\/prologium.com\/applications\/ess\/"},"modified":"2025-11-03T17:30:57","modified_gmt":"2025-11-03T09:30:57","slug":"ess","status":"publish","type":"page","link":"https:\/\/prologium.com\/fr\/applications\/ess\/","title":{"rendered":"ESS"},"content":{"rendered":"\n<style type=\"text\/css\" id=\"style-css-av-7spv6y-29cb762d71ee418bf390cd21d2bd3782\">\n.avia-section.av-7spv6y-29cb762d71ee418bf390cd21d2bd3782{\nbackground-color:#ffffff;\n}\n<\/style>\n<div id='av_section_1'  class='avia-section av-7spv6y-29cb762d71ee418bf390cd21d2bd3782 alternate_color avia-section-default avia-no-border-styling  avia-builder-el-0  avia-builder-el-no-sibling  avia-bg-style-scroll  av-minimum-height av-minimum-height-100  container_wrap sidebar_right'   data-av_minimum_height_pc='100'><div class='container av-section-cont-open' ><main  role=\"main\" itemprop=\"mainContentOfPage\"  class='template-page content  av-content-small alpha units'><div class='post-entry post-entry-type-page post-entry-12421'><div class='entry-content-wrapper clearfix'>\n<div class='flex_column_table av-npgru-20baf585c0d6c35ee112077ca5d0a84f sc-av_one_half av-equal-height-column-flextable'>\n<style type=\"text\/css\" id=\"style-css-av-npgru-20baf585c0d6c35ee112077ca5d0a84f\">\n#top .flex_column.av-npgru-20baf585c0d6c35ee112077ca5d0a84f{\nborder-radius:0px;\n-webkit-border-radius:0px;\n-moz-border-radius:0px;\npadding:2.5%;\n}\n<\/style>\n<div class='flex_column av-npgru-20baf585c0d6c35ee112077ca5d0a84f av_one_half  avia-builder-el-1  el_before_av_one_half  avia-builder-el-first  first no_margin flex_column_table_cell av-equal-height-column av-align-middle '   ><style type=\"text\/css\" id=\"style-css-av-l43jpkes-8cb43649773e9fd8b0b2a4bb95c2f793\">\n.avia-image-container.av-l43jpkes-8cb43649773e9fd8b0b2a4bb95c2f793 .av-image-caption-overlay-center{\ncolor:#ffffff;\n}\n<\/style>\n<div  class='avia-image-container av-l43jpkes-8cb43649773e9fd8b0b2a4bb95c2f793 av-styling-no-styling avia-align-center  avia-builder-el-2  avia-builder-el-no-sibling  '  itemprop=\"image\" itemscope=\"itemscope\" itemtype=\"https:\/\/schema.org\/ImageObject\" ><div class=\"avia-image-container-inner\"><div class=\"avia-image-overlay-wrap\"><img class='wp-image-39085 avia-img-lazy-loading-not-39085 avia_image' src=\"https:\/\/prologium.com\/wp-content\/uploads\/2025\/09\/ESS_1500x1000-1.jpg\" alt='' title='ESS_1500x1000'  height=\"500\" width=\"750\"  itemprop=\"thumbnailUrl\" srcset=\"https:\/\/prologium.com\/wp-content\/uploads\/2025\/09\/ESS_1500x1000-1.jpg 750w, https:\/\/prologium.com\/wp-content\/uploads\/2025\/09\/ESS_1500x1000-1-300x200.jpg 300w, https:\/\/prologium.com\/wp-content\/uploads\/2025\/09\/ESS_1500x1000-1-705x470.jpg 705w\" sizes=\"(max-width: 750px) 100vw, 750px\" \/><\/div><\/div><\/div><\/div>\n<style type=\"text\/css\" id=\"style-css-av-4gaqdm-0a978a4eb3b8849c21eb57fa177eddb1\">\n#top .flex_column.av-4gaqdm-0a978a4eb3b8849c21eb57fa177eddb1{\nborder-radius:0px;\n-webkit-border-radius:0px;\n-moz-border-radius:0px;\npadding:2.5%;\n}\n<\/style>\n<div class='flex_column av-4gaqdm-0a978a4eb3b8849c21eb57fa177eddb1 av_one_half  avia-builder-el-3  el_after_av_one_half  avia-builder-el-last  no_margin flex_column_table_cell av-equal-height-column av-align-middle '   ><p>\n<style type=\"text\/css\" id=\"style-css-av-lmyhjrbl-1d86c0db28a8f5cabf4641c1bc518f6b\">\n#top .av-special-heading.av-lmyhjrbl-1d86c0db28a8f5cabf4641c1bc518f6b{\nmargin:0px;\npadding-bottom:10px;\ncolor:#b89843;\n}\n.av-special-heading.av-lmyhjrbl-1d86c0db28a8f5cabf4641c1bc518f6b .special-heading-inner-border{\nborder-color:#b89843;\n}\n<\/style>\n<div  class='av-special-heading av-lmyhjrbl-1d86c0db28a8f5cabf4641c1bc518f6b av-special-heading-h3 custom-color-heading blockquote modern-quote  avia-builder-el-4  el_before_av_hr  avia-builder-el-first  '><h3 class='av-special-heading-tag '  itemprop=\"headline\"  ><u>ESS<\/u><\/h3><div class='special-heading-border'><div class='special-heading-inner-border'><\/div><\/div><\/div><br \/>\n\n<style type=\"text\/css\" id=\"style-css-av-2fys3e-63cf21e7bad74fbc5d01602cf6316144\">\n.hr.av-2fys3e-63cf21e7bad74fbc5d01602cf6316144{\nheight:10px;\n}\n<\/style>\n<div  class='hr av-2fys3e-63cf21e7bad74fbc5d01602cf6316144 hr-invisible  avia-builder-el-5  el_after_av_heading  el_before_av_textblock  '><span class='hr-inner '><span class=\"hr-inner-style\"><\/span><\/span><\/div><br \/>\n<section class=\"av_textblock_section \"  itemscope=\"itemscope\" itemtype=\"https:\/\/schema.org\/CreativeWork\" ><div class='avia_textblock  av_inherit_color '  style='color:#b89843; '  itemprop=\"text\" ><ul>\n<li><strong>ESS<\/strong>\n<ul>\n<li>S\u00e9curit\u00e9 fondamentale<\/li>\n<li>Haute densit\u00e9 \u00e9nerg\u00e9tique<\/li>\n<li>Longue dur\u00e9e de vie calendaire<\/li>\n<\/ul>\n<\/li>\n<li><strong> BBU <\/strong>\n<ul>\n<li>S\u00e9curit\u00e9 fondamentale<\/li>\n<li>Haute capacit\u00e9 en courant de d\u00e9charge (C-rate)<\/li>\n<li>Longue dur\u00e9e de vie calendaire<\/li>\n<\/ul>\n<\/li>\n<\/ul>\n<\/div><\/section><\/p><\/div><\/div><!--close column table wrapper. Autoclose: 1 --><\/div><\/div><\/main><!-- close content main element --><\/div><\/div><div id='after_section_1'  class='main_color av_default_container_wrap container_wrap sidebar_right'  ><div class='container av-section-cont-open' ><div class='template-page content  av-content-small alpha units'><div class='post-entry post-entry-type-page post-entry-12421'><div class='entry-content-wrapper clearfix'>\n","protected":false},"excerpt":{"rendered":"","protected":false},"author":12,"featured_media":0,"parent":12386,"menu_order":2,"comment_status":"closed","ping_status":"closed","template":"","meta":[],"yoast_head":"<!-- This site is optimized with the Yoast SEO plugin v16.8 - https:\/\/yoast.com\/wordpress\/plugins\/seo\/ -->\n<title>ESS - ProLogium Technology Co., Ltd<\/title>\n<meta name=\"robots\" content=\"index, follow, max-snippet:-1, max-image-preview:large, max-video-preview:-1\" \/>\n<link rel=\"canonical\" href=\"https:\/\/prologium.com\/fr\/applications\/ess\/\" \/>\n<meta property=\"og:locale\" content=\"fr_FR\" \/>\n<meta property=\"og:type\" content=\"article\" \/>\n<meta property=\"og:title\" content=\"ESS - ProLogium Technology Co., Ltd\" \/>\n<meta property=\"og:url\" content=\"https:\/\/prologium.com\/fr\/applications\/ess\/\" \/>\n<meta property=\"og:site_name\" content=\"ProLogium Technology Co., Ltd\" \/>\n<meta property=\"article:modified_time\" content=\"2025-11-03T09:30:57+00:00\" \/>\n<meta name=\"twitter:card\" content=\"summary\" \/>\n<meta name=\"twitter:label1\" content=\"Dur\u00e9e de lecture est.\" \/>\n\t<meta name=\"twitter:data1\" content=\"2 minutes\" \/>\n<script type=\"application\/ld+json\" class=\"yoast-schema-graph\">{\"@context\":\"https:\/\/schema.org\",\"@graph\":[{\"@type\":\"WebSite\",\"@id\":\"https:\/\/prologium.com\/#website\",\"url\":\"https:\/\/prologium.com\/\",\"name\":\"ProLogium Technology Co., Ltd\",\"description\":\"\",\"potentialAction\":[{\"@type\":\"SearchAction\",\"target\":{\"@type\":\"EntryPoint\",\"urlTemplate\":\"https:\/\/prologium.com\/?s={search_term_string}\"},\"query-input\":\"required name=search_term_string\"}],\"inLanguage\":\"fr-FR\"},{\"@type\":\"WebPage\",\"@id\":\"https:\/\/prologium.com\/fr\/applications\/ess\/#webpage\",\"url\":\"https:\/\/prologium.com\/fr\/applications\/ess\/\",\"name\":\"ESS - ProLogium Technology Co., Ltd\",\"isPartOf\":{\"@id\":\"https:\/\/prologium.com\/#website\"},\"datePublished\":\"2022-06-07T02:32:22+00:00\",\"dateModified\":\"2025-11-03T09:30:57+00:00\",\"breadcrumb\":{\"@id\":\"https:\/\/prologium.com\/fr\/applications\/ess\/#breadcrumb\"},\"inLanguage\":\"fr-FR\",\"potentialAction\":[{\"@type\":\"ReadAction\",\"target\":[\"https:\/\/prologium.com\/fr\/applications\/ess\/\"]}]},{\"@type\":\"BreadcrumbList\",\"@id\":\"https:\/\/prologium.com\/fr\/applications\/ess\/#breadcrumb\",\"itemListElement\":[{\"@type\":\"ListItem\",\"position\":1,\"name\":\"\\u9996\\u9801\",\"item\":\"https:\/\/prologium.com\/fr\/index\/\"},{\"@type\":\"ListItem\",\"position\":2,\"name\":\"Applications\",\"item\":\"https:\/\/prologium.com\/fr\/applications\/\"},{\"@type\":\"ListItem\",\"position\":3,\"name\":\"ESS\"}]}]}<\/script>\n<!-- \/ Yoast SEO plugin. -->","yoast_head_json":{"title":"ESS - ProLogium Technology Co., Ltd","robots":{"index":"index","follow":"follow","max-snippet":"max-snippet:-1","max-image-preview":"max-image-preview:large","max-video-preview":"max-video-preview:-1"},"canonical":"https:\/\/prologium.com\/fr\/applications\/ess\/","og_locale":"fr_FR","og_type":"article","og_title":"ESS - ProLogium Technology Co., Ltd","og_url":"https:\/\/prologium.com\/fr\/applications\/ess\/","og_site_name":"ProLogium Technology Co., Ltd","article_modified_time":"2025-11-03T09:30:57+00:00","twitter_card":"summary","twitter_misc":{"Dur\u00e9e de lecture est.":"2 minutes"},"schema":{"@context":"https:\/\/schema.org","@graph":[{"@type":"WebSite","@id":"https:\/\/prologium.com\/#website","url":"https:\/\/prologium.com\/","name":"ProLogium Technology Co., Ltd","description":"","potentialAction":[{"@type":"SearchAction","target":{"@type":"EntryPoint","urlTemplate":"https:\/\/prologium.com\/?s={search_term_string}"},"query-input":"required name=search_term_string"}],"inLanguage":"fr-FR"},{"@type":"WebPage","@id":"https:\/\/prologium.com\/fr\/applications\/ess\/#webpage","url":"https:\/\/prologium.com\/fr\/applications\/ess\/","name":"ESS - ProLogium Technology Co., Ltd","isPartOf":{"@id":"https:\/\/prologium.com\/#website"},"datePublished":"2022-06-07T02:32:22+00:00","dateModified":"2025-11-03T09:30:57+00:00","breadcrumb":{"@id":"https:\/\/prologium.com\/fr\/applications\/ess\/#breadcrumb"},"inLanguage":"fr-FR","potentialAction":[{"@type":"ReadAction","target":["https:\/\/prologium.com\/fr\/applications\/ess\/"]}]},{"@type":"BreadcrumbList","@id":"https:\/\/prologium.com\/fr\/applications\/ess\/#breadcrumb","itemListElement":[{"@type":"ListItem","position":1,"name":"\u9996\u9801","item":"https:\/\/prologium.com\/fr\/index\/"},{"@type":"ListItem","position":2,"name":"Applications","item":"https:\/\/prologium.com\/fr\/applications\/"},{"@type":"ListItem","position":3,"name":"ESS"}]}]}},"_links":{"self":[{"href":"https:\/\/prologium.com\/fr\/wp-json\/wp\/v2\/pages\/12421"}],"collection":[{"href":"https:\/\/prologium.com\/fr\/wp-json\/wp\/v2\/pages"}],"about":[{"href":"https:\/\/prologium.com\/fr\/wp-json\/wp\/v2\/types\/page"}],"author":[{"embeddable":true,"href":"https:\/\/prologium.com\/fr\/wp-json\/wp\/v2\/users\/12"}],"replies":[{"embeddable":true,"href":"https:\/\/prologium.com\/fr\/wp-json\/wp\/v2\/comments?post=12421"}],"version-history":[{"count":10,"href":"https:\/\/prologium.com\/fr\/wp-json\/wp\/v2\/pages\/12421\/revisions"}],"predecessor-version":[{"id":39578,"href":"https:\/\/prologium.com\/fr\/wp-json\/wp\/v2\/pages\/12421\/revisions\/39578"}],"up":[{"embeddable":true,"href":"https:\/\/prologium.com\/fr\/wp-json\/wp\/v2\/pages\/12386"}],"wp:attachment":[{"href":"https:\/\/prologium.com\/fr\/wp-json\/wp\/v2\/media?parent=12421"}],"curies":[{"name":"wp","href":"https:\/\/api.w.org\/{rel}","templated":true}]}}