{"id":12416,"date":"2022-05-24T15:06:22","date_gmt":"2022-05-24T07:06:22","guid":{"rendered":"https:\/\/prologium.com\/applications\/electric-vehicle\/"},"modified":"2025-09-05T15:25:30","modified_gmt":"2025-09-05T07:25:30","slug":"vehicule-electrique","status":"publish","type":"page","link":"https:\/\/prologium.com\/fr\/applications\/vehicule-electrique\/","title":{"rendered":"V\u00e9hicule \u00e9lectrique"},"content":{"rendered":"\n<style type=\"text\/css\" id=\"style-css-av-l3o3wjgb-230aedf8605b86e7a968f68ec2372ccb\">\n.avia-section.av-l3o3wjgb-230aedf8605b86e7a968f68ec2372ccb{\nbackground-color:#ffffff;\nmargin-top:0px;\nmargin-bottom:0px;\n}\n<\/style>\n<div id='av_section_1'  class='avia-section av-l3o3wjgb-230aedf8605b86e7a968f68ec2372ccb alternate_color avia-section-default avia-no-border-styling  avia-builder-el-0  avia-builder-el-no-sibling  avia-bg-style-scroll  av-minimum-height av-minimum-height-100  container_wrap sidebar_right'   data-av_minimum_height_pc='100'><div class='container av-section-cont-open' ><main  role=\"main\" itemprop=\"mainContentOfPage\"  class='template-page content  av-content-small alpha units'><div class='post-entry post-entry-type-page post-entry-12416'><div class='entry-content-wrapper clearfix'>\n<div class='flex_column_table av-d0tz34-9ffbeaec317ad4314fb386ed4296f923 sc-av_one_half av-equal-height-column-flextable'>\n<style type=\"text\/css\" id=\"style-css-av-d0tz34-9ffbeaec317ad4314fb386ed4296f923\">\n#top .flex_column.av-d0tz34-9ffbeaec317ad4314fb386ed4296f923{\nborder-radius:0px;\n-webkit-border-radius:0px;\n-moz-border-radius:0px;\npadding:2.5%;\n}\n<\/style>\n<div class='flex_column av-d0tz34-9ffbeaec317ad4314fb386ed4296f923 av_one_half  avia-builder-el-1  el_before_av_one_half  avia-builder-el-first  first no_margin flex_column_table_cell av-equal-height-column av-align-top '   ><style type=\"text\/css\" id=\"style-css-av-ax0umo-aff66a8b8914a4fc2568ee995bc02b55\">\n.avia-image-container.av-ax0umo-aff66a8b8914a4fc2568ee995bc02b55 .av-image-caption-overlay-center{\ncolor:#ffffff;\n}\n<\/style>\n<div  class='avia-image-container av-ax0umo-aff66a8b8914a4fc2568ee995bc02b55 av-styling-no-styling avia-align-center  avia-builder-el-2  avia-builder-el-no-sibling  '  itemprop=\"image\" itemscope=\"itemscope\" itemtype=\"https:\/\/schema.org\/ImageObject\" ><div class=\"avia-image-container-inner\"><div class=\"avia-image-overlay-wrap\"><img class='wp-image-39070 avia-img-lazy-loading-not-39070 avia_image' src=\"https:\/\/prologium.com\/wp-content\/uploads\/2025\/09\/20250217-19.jpg\" alt='' title='20250217-19'  height=\"500\" width=\"750\"  itemprop=\"thumbnailUrl\" srcset=\"https:\/\/prologium.com\/wp-content\/uploads\/2025\/09\/20250217-19.jpg 750w, https:\/\/prologium.com\/wp-content\/uploads\/2025\/09\/20250217-19-300x200.jpg 300w, https:\/\/prologium.com\/wp-content\/uploads\/2025\/09\/20250217-19-705x470.jpg 705w\" sizes=\"(max-width: 750px) 100vw, 750px\" \/><\/div><\/div><\/div><\/div>\n<style type=\"text\/css\" id=\"style-css-av-9vmm4g-49245fc08f950a2afd9f7de96a25c78b\">\n#top .flex_column.av-9vmm4g-49245fc08f950a2afd9f7de96a25c78b{\nborder-radius:0px;\n-webkit-border-radius:0px;\n-moz-border-radius:0px;\npadding:2.5%;\n}\n<\/style>\n<div class='flex_column av-9vmm4g-49245fc08f950a2afd9f7de96a25c78b av_one_half  avia-builder-el-3  el_after_av_one_half  avia-builder-el-last  no_margin flex_column_table_cell av-equal-height-column av-align-top '   ><p>\n<style type=\"text\/css\" id=\"style-css-av-lmyhg1xs-77719fdf0391b06eca4bd97baf9b215b\">\n#top .av-special-heading.av-lmyhg1xs-77719fdf0391b06eca4bd97baf9b215b{\nmargin:0px;\npadding-bottom:10px;\ncolor:#b89843;\n}\n.av-special-heading.av-lmyhg1xs-77719fdf0391b06eca4bd97baf9b215b .special-heading-inner-border{\nborder-color:#b89843;\n}\n<\/style>\n<div  class='av-special-heading av-lmyhg1xs-77719fdf0391b06eca4bd97baf9b215b av-special-heading-h3 custom-color-heading blockquote modern-quote  avia-builder-el-4  el_before_av_hr  avia-builder-el-first  '><h3 class='av-special-heading-tag '  itemprop=\"headline\"  ><u>V\u00e9hicule \u00e9lectrique<\/u><\/h3><div class='special-heading-border'><div class='special-heading-inner-border'><\/div><\/div><\/div><br \/>\n\n<style type=\"text\/css\" id=\"style-css-av-4sgtkw-2781d9df611eca9f3a6e289ee64d4c73\">\n.hr.av-4sgtkw-2781d9df611eca9f3a6e289ee64d4c73{\nheight:10px;\n}\n<\/style>\n<div  class='hr av-4sgtkw-2781d9df611eca9f3a6e289ee64d4c73 hr-invisible  avia-builder-el-5  el_after_av_heading  el_before_av_textblock  '><span class='hr-inner '><span class=\"hr-inner-style\"><\/span><\/span><\/div><br \/>\n<section class=\"av_textblock_section \"  itemscope=\"itemscope\" itemtype=\"https:\/\/schema.org\/CreativeWork\" ><div class='avia_textblock  av_inherit_color '  style='color:#b89843; '  itemprop=\"text\" ><ul>\n<li><strong>EV, E-bus, E-truck<\/strong>\n<ul>\n<li>S\u00e9curit\u00e9 fondamentale<\/li>\n<li>Haute densit\u00e9 \u00e9nerg\u00e9tique du pack<\/li>\n<li>Recharge rapide<\/li>\n<li>Large plage de fonctionnement<\/li>\n<li>Conception efficace pour la dissipation thermique<\/li>\n<\/ul>\n<\/li>\n<li><strong>E-bike, E-motor, E-scooter<\/strong>\n<ul>\n<li>S\u00e9curit\u00e9 fondamentale<\/li>\n<li>Haute densit\u00e9 \u00e9nerg\u00e9tique<\/li>\n<li>Recharge rapide<\/li>\n<li>Conception l\u00e9g\u00e8re de la structure<\/li>\n<\/ul>\n<\/li>\n<li><strong> Bateau <\/strong>\n<ul>\n<li>S\u00e9curit\u00e9 fondamentale<\/li>\n<li>Recharge rapide<\/li>\n<li>Conception efficace pour la dissipation thermique<\/li>\n<li>Large plage de fonctionnement<\/li>\n<\/ul>\n<\/li>\n<li><strong>Avion (Aircraft)<\/strong>\n<ul>\n<li>S\u00e9curit\u00e9 fondamentale<\/li>\n<li>Recharge rapide<\/li>\n<li>Large plage de fonctionnement<\/li>\n<li>Excellente r\u00e9sistance \u00e0 la pression<\/li>\n<li>Conception l\u00e9g\u00e8re de la structure<\/li>\n<\/ul>\n<\/li>\n<\/ul>\n<\/div><\/section><br \/>\n\n<style type=\"text\/css\" id=\"style-css-av-2g1k00-ffd731d7871765a060c745dcefb759aa\">\n.hr.av-2g1k00-ffd731d7871765a060c745dcefb759aa{\nheight:10px;\n}\n<\/style>\n<div  class='hr av-2g1k00-ffd731d7871765a060c745dcefb759aa hr-invisible  avia-builder-el-7  el_after_av_textblock  el_before_av_button  '><span class='hr-inner '><span class=\"hr-inner-style\"><\/span><\/span><\/div><br \/>\n<div  class='avia-button-wrap avia-button-left  avia-builder-el-8  el_after_av_hr  avia-builder-el-last ' ><a href='https:\/\/prologium.com\/fr\/nos-batteries\/tech-essentielle\/#mab'  class='avia-button av-l43j9jkn-0cd1e217a28141c347157bb8ac96f393 avia-icon_select-no avia-size-medium avia-position-left avia-color-dark ' ><span class='avia_iconbox_title' >Lire plus pour MAB<\/span><\/a><\/div><\/p><\/div><\/div><!--close column table wrapper. Autoclose: 1 --><\/div><\/div><\/main><!-- close content main element --><\/div><\/div><div id='after_section_1'  class='main_color av_default_container_wrap container_wrap sidebar_right'  ><div class='container av-section-cont-open' ><div class='template-page content  av-content-small alpha units'><div class='post-entry post-entry-type-page post-entry-12416'><div class='entry-content-wrapper clearfix'>\n","protected":false},"excerpt":{"rendered":"","protected":false},"author":10,"featured_media":0,"parent":12386,"menu_order":1,"comment_status":"closed","ping_status":"closed","template":"","meta":[],"yoast_head":"<!-- This site is optimized with the Yoast SEO plugin v16.8 - https:\/\/yoast.com\/wordpress\/plugins\/seo\/ -->\n<title>V\u00e9hicule \u00e9lectrique - ProLogium Technology Co., Ltd<\/title>\n<meta name=\"robots\" content=\"index, follow, max-snippet:-1, max-image-preview:large, max-video-preview:-1\" \/>\n<link rel=\"canonical\" href=\"https:\/\/prologium.com\/fr\/applications\/vehicule-electrique\/\" \/>\n<meta property=\"og:locale\" content=\"fr_FR\" \/>\n<meta property=\"og:type\" content=\"article\" \/>\n<meta property=\"og:title\" content=\"V\u00e9hicule \u00e9lectrique - ProLogium Technology Co., Ltd\" \/>\n<meta property=\"og:url\" content=\"https:\/\/prologium.com\/fr\/applications\/vehicule-electrique\/\" \/>\n<meta property=\"og:site_name\" content=\"ProLogium Technology Co., Ltd\" \/>\n<meta property=\"article:modified_time\" content=\"2025-09-05T07:25:30+00:00\" \/>\n<meta name=\"twitter:card\" content=\"summary\" \/>\n<meta name=\"twitter:label1\" content=\"Dur\u00e9e de lecture est.\" \/>\n\t<meta name=\"twitter:data1\" content=\"2 minutes\" \/>\n<script type=\"application\/ld+json\" class=\"yoast-schema-graph\">{\"@context\":\"https:\/\/schema.org\",\"@graph\":[{\"@type\":\"WebSite\",\"@id\":\"https:\/\/prologium.com\/#website\",\"url\":\"https:\/\/prologium.com\/\",\"name\":\"ProLogium Technology Co., Ltd\",\"description\":\"\",\"potentialAction\":[{\"@type\":\"SearchAction\",\"target\":{\"@type\":\"EntryPoint\",\"urlTemplate\":\"https:\/\/prologium.com\/?s={search_term_string}\"},\"query-input\":\"required name=search_term_string\"}],\"inLanguage\":\"fr-FR\"},{\"@type\":\"WebPage\",\"@id\":\"https:\/\/prologium.com\/fr\/applications\/vehicule-electrique\/#webpage\",\"url\":\"https:\/\/prologium.com\/fr\/applications\/vehicule-electrique\/\",\"name\":\"V\\u00e9hicule \\u00e9lectrique - ProLogium Technology Co., Ltd\",\"isPartOf\":{\"@id\":\"https:\/\/prologium.com\/#website\"},\"datePublished\":\"2022-05-24T07:06:22+00:00\",\"dateModified\":\"2025-09-05T07:25:30+00:00\",\"breadcrumb\":{\"@id\":\"https:\/\/prologium.com\/fr\/applications\/vehicule-electrique\/#breadcrumb\"},\"inLanguage\":\"fr-FR\",\"potentialAction\":[{\"@type\":\"ReadAction\",\"target\":[\"https:\/\/prologium.com\/fr\/applications\/vehicule-electrique\/\"]}]},{\"@type\":\"BreadcrumbList\",\"@id\":\"https:\/\/prologium.com\/fr\/applications\/vehicule-electrique\/#breadcrumb\",\"itemListElement\":[{\"@type\":\"ListItem\",\"position\":1,\"name\":\"\\u9996\\u9801\",\"item\":\"https:\/\/prologium.com\/fr\/index\/\"},{\"@type\":\"ListItem\",\"position\":2,\"name\":\"Applications\",\"item\":\"https:\/\/prologium.com\/fr\/applications\/\"},{\"@type\":\"ListItem\",\"position\":3,\"name\":\"V\\u00e9hicule \\u00e9lectrique\"}]}]}<\/script>\n<!-- \/ Yoast SEO plugin. -->","yoast_head_json":{"title":"V\u00e9hicule \u00e9lectrique - ProLogium Technology Co., Ltd","robots":{"index":"index","follow":"follow","max-snippet":"max-snippet:-1","max-image-preview":"max-image-preview:large","max-video-preview":"max-video-preview:-1"},"canonical":"https:\/\/prologium.com\/fr\/applications\/vehicule-electrique\/","og_locale":"fr_FR","og_type":"article","og_title":"V\u00e9hicule \u00e9lectrique - ProLogium Technology Co., Ltd","og_url":"https:\/\/prologium.com\/fr\/applications\/vehicule-electrique\/","og_site_name":"ProLogium Technology Co., Ltd","article_modified_time":"2025-09-05T07:25:30+00:00","twitter_card":"summary","twitter_misc":{"Dur\u00e9e de lecture est.":"2 minutes"},"schema":{"@context":"https:\/\/schema.org","@graph":[{"@type":"WebSite","@id":"https:\/\/prologium.com\/#website","url":"https:\/\/prologium.com\/","name":"ProLogium Technology Co., Ltd","description":"","potentialAction":[{"@type":"SearchAction","target":{"@type":"EntryPoint","urlTemplate":"https:\/\/prologium.com\/?s={search_term_string}"},"query-input":"required name=search_term_string"}],"inLanguage":"fr-FR"},{"@type":"WebPage","@id":"https:\/\/prologium.com\/fr\/applications\/vehicule-electrique\/#webpage","url":"https:\/\/prologium.com\/fr\/applications\/vehicule-electrique\/","name":"V\u00e9hicule \u00e9lectrique - ProLogium Technology Co., Ltd","isPartOf":{"@id":"https:\/\/prologium.com\/#website"},"datePublished":"2022-05-24T07:06:22+00:00","dateModified":"2025-09-05T07:25:30+00:00","breadcrumb":{"@id":"https:\/\/prologium.com\/fr\/applications\/vehicule-electrique\/#breadcrumb"},"inLanguage":"fr-FR","potentialAction":[{"@type":"ReadAction","target":["https:\/\/prologium.com\/fr\/applications\/vehicule-electrique\/"]}]},{"@type":"BreadcrumbList","@id":"https:\/\/prologium.com\/fr\/applications\/vehicule-electrique\/#breadcrumb","itemListElement":[{"@type":"ListItem","position":1,"name":"\u9996\u9801","item":"https:\/\/prologium.com\/fr\/index\/"},{"@type":"ListItem","position":2,"name":"Applications","item":"https:\/\/prologium.com\/fr\/applications\/"},{"@type":"ListItem","position":3,"name":"V\u00e9hicule \u00e9lectrique"}]}]}},"_links":{"self":[{"href":"https:\/\/prologium.com\/fr\/wp-json\/wp\/v2\/pages\/12416"}],"collection":[{"href":"https:\/\/prologium.com\/fr\/wp-json\/wp\/v2\/pages"}],"about":[{"href":"https:\/\/prologium.com\/fr\/wp-json\/wp\/v2\/types\/page"}],"author":[{"embeddable":true,"href":"https:\/\/prologium.com\/fr\/wp-json\/wp\/v2\/users\/10"}],"replies":[{"embeddable":true,"href":"https:\/\/prologium.com\/fr\/wp-json\/wp\/v2\/comments?post=12416"}],"version-history":[{"count":17,"href":"https:\/\/prologium.com\/fr\/wp-json\/wp\/v2\/pages\/12416\/revisions"}],"predecessor-version":[{"id":39095,"href":"https:\/\/prologium.com\/fr\/wp-json\/wp\/v2\/pages\/12416\/revisions\/39095"}],"up":[{"embeddable":true,"href":"https:\/\/prologium.com\/fr\/wp-json\/wp\/v2\/pages\/12386"}],"wp:attachment":[{"href":"https:\/\/prologium.com\/fr\/wp-json\/wp\/v2\/media?parent=12416"}],"curies":[{"name":"wp","href":"https:\/\/api.w.org\/{rel}","templated":true}]}}