{"id":12406,"date":"2022-06-07T10:54:10","date_gmt":"2022-06-07T02:54:10","guid":{"rendered":"https:\/\/prologium.com\/products\/lithium_ceramic_battery_module\/"},"modified":"2025-10-30T16:27:58","modified_gmt":"2025-10-30T08:27:58","slug":"module-de-lcb-en-ceramique","status":"publish","type":"page","link":"https:\/\/prologium.com\/fr\/produits\/module-de-lcb-en-ceramique\/","title":{"rendered":"Module de LCB en c\u00e9ramique"},"content":{"rendered":"\n<style type=\"text\/css\" id=\"style-css-av-7wnjib-d0072af76b8ee210207a9aee34a89b94\">\n.avia-section.av-7wnjib-d0072af76b8ee210207a9aee34a89b94{\nbackground-color:#ffffff;\n}\n<\/style>\n<div id='av_section_1'  class='avia-section av-7wnjib-d0072af76b8ee210207a9aee34a89b94 alternate_color avia-section-default avia-no-border-styling  avia-builder-el-0  avia-builder-el-no-sibling  avia-bg-style-scroll  av-minimum-height av-minimum-height-100  container_wrap sidebar_right'   data-av_minimum_height_pc='100'><div class='container av-section-cont-open' ><main  role=\"main\" itemprop=\"mainContentOfPage\"  class='template-page content  av-content-small alpha units'><div class='post-entry post-entry-type-page post-entry-12406'><div class='entry-content-wrapper clearfix'>\n<div class='flex_column_table av-63157n-f04cdf0ad6c60cb55d845ed0ec133473 sc-av_one_half av-equal-height-column-flextable'>\n<style type=\"text\/css\" id=\"style-css-av-63157n-f04cdf0ad6c60cb55d845ed0ec133473\">\n#top .flex_column.av-63157n-f04cdf0ad6c60cb55d845ed0ec133473{\nborder-radius:0px;\n-webkit-border-radius:0px;\n-moz-border-radius:0px;\npadding:2.5%;\n}\n<\/style>\n<div class='flex_column av-63157n-f04cdf0ad6c60cb55d845ed0ec133473 av_one_half  avia-builder-el-1  el_before_av_one_half  avia-builder-el-first  first no_margin flex_column_table_cell av-equal-height-column av-align-middle '   ><style type=\"text\/css\" id=\"style-css-av-l43kkus7-a0b19531a77fa191c8f3c08ab9a07b48\">\n.avia-image-container.av-l43kkus7-a0b19531a77fa191c8f3c08ab9a07b48 .av-image-caption-overlay-center{\ncolor:#ffffff;\n}\n<\/style>\n<div  class='avia-image-container av-l43kkus7-a0b19531a77fa191c8f3c08ab9a07b48 av-styling-no-styling avia-align-center  avia-builder-el-2  avia-builder-el-no-sibling  '  itemprop=\"image\" itemscope=\"itemscope\" itemtype=\"https:\/\/schema.org\/ImageObject\" ><div class=\"avia-image-container-inner\"><div class=\"avia-image-overlay-wrap\"><img class='wp-image-39432 avia-img-lazy-loading-not-39432 avia_image' src=\"https:\/\/prologium.com\/wp-content\/uploads\/2025\/10\/20251028\u5b98\u7db2\u63db\u5716_\u5167\u9801_\u6cd5\u6587-28\u7ba1\u5236\u660e\u6587-1.jpg\" alt='' title='20251028\u5b98\u7db2\u63db\u5716_\u5167\u9801_\u6cd5\u6587-28(\u7ba1\u5236\u660e\u6587)'  height=\"1042\" width=\"1562\"  itemprop=\"thumbnailUrl\" srcset=\"https:\/\/prologium.com\/wp-content\/uploads\/2025\/10\/20251028\u5b98\u7db2\u63db\u5716_\u5167\u9801_\u6cd5\u6587-28\u7ba1\u5236\u660e\u6587-1.jpg 1562w, https:\/\/prologium.com\/wp-content\/uploads\/2025\/10\/20251028\u5b98\u7db2\u63db\u5716_\u5167\u9801_\u6cd5\u6587-28\u7ba1\u5236\u660e\u6587-1-300x200.jpg 300w, https:\/\/prologium.com\/wp-content\/uploads\/2025\/10\/20251028\u5b98\u7db2\u63db\u5716_\u5167\u9801_\u6cd5\u6587-28\u7ba1\u5236\u660e\u6587-1-1030x687.jpg 1030w, https:\/\/prologium.com\/wp-content\/uploads\/2025\/10\/20251028\u5b98\u7db2\u63db\u5716_\u5167\u9801_\u6cd5\u6587-28\u7ba1\u5236\u660e\u6587-1-768x512.jpg 768w, https:\/\/prologium.com\/wp-content\/uploads\/2025\/10\/20251028\u5b98\u7db2\u63db\u5716_\u5167\u9801_\u6cd5\u6587-28\u7ba1\u5236\u660e\u6587-1-1536x1025.jpg 1536w, https:\/\/prologium.com\/wp-content\/uploads\/2025\/10\/20251028\u5b98\u7db2\u63db\u5716_\u5167\u9801_\u6cd5\u6587-28\u7ba1\u5236\u660e\u6587-1-1500x1001.jpg 1500w, https:\/\/prologium.com\/wp-content\/uploads\/2025\/10\/20251028\u5b98\u7db2\u63db\u5716_\u5167\u9801_\u6cd5\u6587-28\u7ba1\u5236\u660e\u6587-1-705x470.jpg 705w\" sizes=\"(max-width: 1562px) 100vw, 1562px\" \/><\/div><\/div><\/div><\/div>\n<style type=\"text\/css\" id=\"style-css-av-4l4zj7-6252cadaf01926eac890fae94a612f9b\">\n#top .flex_column.av-4l4zj7-6252cadaf01926eac890fae94a612f9b{\nborder-radius:0px;\n-webkit-border-radius:0px;\n-moz-border-radius:0px;\npadding:2.5%;\n}\n<\/style>\n<div class='flex_column av-4l4zj7-6252cadaf01926eac890fae94a612f9b av_one_half  avia-builder-el-3  el_after_av_one_half  avia-builder-el-last  no_margin flex_column_table_cell av-equal-height-column av-align-middle '   ><p>\n<style type=\"text\/css\" id=\"style-css-av-lmyi0upv-4eb39c73dc01848fc184b46c9c6b2465\">\n#top .av-special-heading.av-lmyi0upv-4eb39c73dc01848fc184b46c9c6b2465{\nmargin:0px;\npadding-bottom:10px;\ncolor:#b89843;\n}\n.av-special-heading.av-lmyi0upv-4eb39c73dc01848fc184b46c9c6b2465 .special-heading-inner-border{\nborder-color:#b89843;\n}\n<\/style>\n<div  class='av-special-heading av-lmyi0upv-4eb39c73dc01848fc184b46c9c6b2465 av-special-heading-h3 custom-color-heading blockquote modern-quote  avia-builder-el-4  el_before_av_hr  avia-builder-el-first  '><h3 class='av-special-heading-tag '  itemprop=\"headline\"  ><u>Module de batterie c\u00e9ramique au lithium<\/u><\/h3><div class='special-heading-border'><div class='special-heading-inner-border'><\/div><\/div><\/div><br \/>\n\n<style type=\"text\/css\" id=\"style-css-av-245bqr-35dd7df1607e213257929744b9802d25\">\n.hr.av-245bqr-35dd7df1607e213257929744b9802d25{\nheight:10px;\n}\n<\/style>\n<div  class='hr av-245bqr-35dd7df1607e213257929744b9802d25 hr-invisible  avia-builder-el-5  el_after_av_heading  el_before_av_textblock  '><span class='hr-inner '><span class=\"hr-inner-style\"><\/span><\/span><\/div><br \/>\n<section class=\"av_textblock_section \"  itemscope=\"itemscope\" itemtype=\"https:\/\/schema.org\/CreativeWork\" ><div class='avia_textblock  av_inherit_color '  style='color:#b89843; '  itemprop=\"text\" ><ul>\n<li>VDA355\u3001VDA590<\/li>\n<li>s\u00e9curit\u00e9 fondamentale, s\u00fbre \u00e0 100%, fiable et sans risque d&#8217;incendie<\/li>\n<li>Chargement ultra-rapide<\/li>\n<li>Grande densit\u00e9 \u00e9nerg\u00e9tique<\/li>\n<\/ul>\n<\/div><\/section><br \/>\n<section class=\"av_textblock_section \"  itemscope=\"itemscope\" itemtype=\"https:\/\/schema.org\/CreativeWork\" ><div class='avia_textblock  av_inherit_color '  style='color:#b89843; '  itemprop=\"text\" ><p>Conception de module d&#8217;automobile pour une production \u00e0 grande \u00e9chelle; transition en douceur<\/p>\n<\/div><\/section><\/p><\/div><\/div><!--close column table wrapper. Autoclose: 1 --><\/div><\/div><\/main><!-- close content main element --><\/div><\/div><div id='after_section_1'  class='main_color av_default_container_wrap container_wrap sidebar_right'  ><div class='container av-section-cont-open' ><div class='template-page content  av-content-small alpha units'><div class='post-entry post-entry-type-page post-entry-12406'><div class='entry-content-wrapper clearfix'>\n","protected":false},"excerpt":{"rendered":"","protected":false},"author":12,"featured_media":0,"parent":12390,"menu_order":4,"comment_status":"closed","ping_status":"closed","template":"","meta":[],"yoast_head":"<!-- This site is optimized with the Yoast SEO plugin v16.8 - https:\/\/yoast.com\/wordpress\/plugins\/seo\/ -->\n<title>Module de LCB en c\u00e9ramique - ProLogium Technology Co., Ltd<\/title>\n<meta name=\"robots\" content=\"index, follow, max-snippet:-1, max-image-preview:large, max-video-preview:-1\" \/>\n<link rel=\"canonical\" href=\"https:\/\/prologium.com\/fr\/produits\/module-de-lcb-en-ceramique\/\" \/>\n<meta property=\"og:locale\" content=\"fr_FR\" \/>\n<meta property=\"og:type\" content=\"article\" \/>\n<meta property=\"og:title\" content=\"Module de LCB en c\u00e9ramique - ProLogium Technology Co., Ltd\" \/>\n<meta property=\"og:url\" content=\"https:\/\/prologium.com\/fr\/produits\/module-de-lcb-en-ceramique\/\" \/>\n<meta property=\"og:site_name\" content=\"ProLogium Technology Co., Ltd\" \/>\n<meta property=\"article:modified_time\" content=\"2025-10-30T08:27:58+00:00\" \/>\n<meta name=\"twitter:card\" content=\"summary\" \/>\n<meta name=\"twitter:label1\" content=\"Dur\u00e9e de lecture est.\" \/>\n\t<meta name=\"twitter:data1\" content=\"5 minutes\" \/>\n<script type=\"application\/ld+json\" class=\"yoast-schema-graph\">{\"@context\":\"https:\/\/schema.org\",\"@graph\":[{\"@type\":\"WebSite\",\"@id\":\"https:\/\/prologium.com\/#website\",\"url\":\"https:\/\/prologium.com\/\",\"name\":\"ProLogium Technology Co., Ltd\",\"description\":\"\",\"potentialAction\":[{\"@type\":\"SearchAction\",\"target\":{\"@type\":\"EntryPoint\",\"urlTemplate\":\"https:\/\/prologium.com\/?s={search_term_string}\"},\"query-input\":\"required name=search_term_string\"}],\"inLanguage\":\"fr-FR\"},{\"@type\":\"WebPage\",\"@id\":\"https:\/\/prologium.com\/fr\/produits\/module-de-lcb-en-ceramique\/#webpage\",\"url\":\"https:\/\/prologium.com\/fr\/produits\/module-de-lcb-en-ceramique\/\",\"name\":\"Module de LCB en c\\u00e9ramique - ProLogium Technology Co., Ltd\",\"isPartOf\":{\"@id\":\"https:\/\/prologium.com\/#website\"},\"datePublished\":\"2022-06-07T02:54:10+00:00\",\"dateModified\":\"2025-10-30T08:27:58+00:00\",\"breadcrumb\":{\"@id\":\"https:\/\/prologium.com\/fr\/produits\/module-de-lcb-en-ceramique\/#breadcrumb\"},\"inLanguage\":\"fr-FR\",\"potentialAction\":[{\"@type\":\"ReadAction\",\"target\":[\"https:\/\/prologium.com\/fr\/produits\/module-de-lcb-en-ceramique\/\"]}]},{\"@type\":\"BreadcrumbList\",\"@id\":\"https:\/\/prologium.com\/fr\/produits\/module-de-lcb-en-ceramique\/#breadcrumb\",\"itemListElement\":[{\"@type\":\"ListItem\",\"position\":1,\"name\":\"\\u9996\\u9801\",\"item\":\"https:\/\/prologium.com\/fr\/index\/\"},{\"@type\":\"ListItem\",\"position\":2,\"name\":\"Produits\",\"item\":\"https:\/\/prologium.com\/fr\/produits\/\"},{\"@type\":\"ListItem\",\"position\":3,\"name\":\"Module de LCB en c\\u00e9ramique\"}]}]}<\/script>\n<!-- \/ Yoast SEO plugin. -->","yoast_head_json":{"title":"Module de LCB en c\u00e9ramique - ProLogium Technology Co., Ltd","robots":{"index":"index","follow":"follow","max-snippet":"max-snippet:-1","max-image-preview":"max-image-preview:large","max-video-preview":"max-video-preview:-1"},"canonical":"https:\/\/prologium.com\/fr\/produits\/module-de-lcb-en-ceramique\/","og_locale":"fr_FR","og_type":"article","og_title":"Module de LCB en c\u00e9ramique - ProLogium Technology Co., Ltd","og_url":"https:\/\/prologium.com\/fr\/produits\/module-de-lcb-en-ceramique\/","og_site_name":"ProLogium Technology Co., Ltd","article_modified_time":"2025-10-30T08:27:58+00:00","twitter_card":"summary","twitter_misc":{"Dur\u00e9e de lecture est.":"5 minutes"},"schema":{"@context":"https:\/\/schema.org","@graph":[{"@type":"WebSite","@id":"https:\/\/prologium.com\/#website","url":"https:\/\/prologium.com\/","name":"ProLogium Technology Co., Ltd","description":"","potentialAction":[{"@type":"SearchAction","target":{"@type":"EntryPoint","urlTemplate":"https:\/\/prologium.com\/?s={search_term_string}"},"query-input":"required name=search_term_string"}],"inLanguage":"fr-FR"},{"@type":"WebPage","@id":"https:\/\/prologium.com\/fr\/produits\/module-de-lcb-en-ceramique\/#webpage","url":"https:\/\/prologium.com\/fr\/produits\/module-de-lcb-en-ceramique\/","name":"Module de LCB en c\u00e9ramique - ProLogium Technology Co., Ltd","isPartOf":{"@id":"https:\/\/prologium.com\/#website"},"datePublished":"2022-06-07T02:54:10+00:00","dateModified":"2025-10-30T08:27:58+00:00","breadcrumb":{"@id":"https:\/\/prologium.com\/fr\/produits\/module-de-lcb-en-ceramique\/#breadcrumb"},"inLanguage":"fr-FR","potentialAction":[{"@type":"ReadAction","target":["https:\/\/prologium.com\/fr\/produits\/module-de-lcb-en-ceramique\/"]}]},{"@type":"BreadcrumbList","@id":"https:\/\/prologium.com\/fr\/produits\/module-de-lcb-en-ceramique\/#breadcrumb","itemListElement":[{"@type":"ListItem","position":1,"name":"\u9996\u9801","item":"https:\/\/prologium.com\/fr\/index\/"},{"@type":"ListItem","position":2,"name":"Produits","item":"https:\/\/prologium.com\/fr\/produits\/"},{"@type":"ListItem","position":3,"name":"Module de LCB en c\u00e9ramique"}]}]}},"_links":{"self":[{"href":"https:\/\/prologium.com\/fr\/wp-json\/wp\/v2\/pages\/12406"}],"collection":[{"href":"https:\/\/prologium.com\/fr\/wp-json\/wp\/v2\/pages"}],"about":[{"href":"https:\/\/prologium.com\/fr\/wp-json\/wp\/v2\/types\/page"}],"author":[{"embeddable":true,"href":"https:\/\/prologium.com\/fr\/wp-json\/wp\/v2\/users\/12"}],"replies":[{"embeddable":true,"href":"https:\/\/prologium.com\/fr\/wp-json\/wp\/v2\/comments?post=12406"}],"version-history":[{"count":10,"href":"https:\/\/prologium.com\/fr\/wp-json\/wp\/v2\/pages\/12406\/revisions"}],"predecessor-version":[{"id":39431,"href":"https:\/\/prologium.com\/fr\/wp-json\/wp\/v2\/pages\/12406\/revisions\/39431"}],"up":[{"embeddable":true,"href":"https:\/\/prologium.com\/fr\/wp-json\/wp\/v2\/pages\/12390"}],"wp:attachment":[{"href":"https:\/\/prologium.com\/fr\/wp-json\/wp\/v2\/media?parent=12406"}],"curies":[{"name":"wp","href":"https:\/\/api.w.org\/{rel}","templated":true}]}}