{"id":12401,"date":"2022-06-07T10:52:19","date_gmt":"2022-06-07T02:52:19","guid":{"rendered":"https:\/\/prologium.com\/products\/plcb\/"},"modified":"2025-10-30T16:11:57","modified_gmt":"2025-10-30T08:11:57","slug":"plcb","status":"publish","type":"page","link":"https:\/\/prologium.com\/fr\/produits\/plcb\/","title":{"rendered":"PLCB"},"content":{"rendered":"\n<style type=\"text\/css\" id=\"style-css-av-6xi3y9-85caaa845675f37f0d2e76bf92663670\">\n.avia-section.av-6xi3y9-85caaa845675f37f0d2e76bf92663670{\nbackground-color:#ffffff;\n}\n<\/style>\n<div id='av_section_1'  class='avia-section av-6xi3y9-85caaa845675f37f0d2e76bf92663670 alternate_color avia-section-default avia-no-border-styling  avia-builder-el-0  avia-builder-el-no-sibling  avia-bg-style-scroll  av-minimum-height av-minimum-height-100  container_wrap sidebar_right'   data-av_minimum_height_pc='100'><div class='container av-section-cont-open' ><main  role=\"main\" itemprop=\"mainContentOfPage\"  class='template-page content  av-content-small alpha units'><div class='post-entry post-entry-type-page post-entry-12401'><div class='entry-content-wrapper clearfix'>\n<div class='flex_column_table av-5bgcgx-50a345fe8b73472f7a86e3ba049a7063 sc-av_one_half av-equal-height-column-flextable'>\n<style type=\"text\/css\" id=\"style-css-av-5bgcgx-50a345fe8b73472f7a86e3ba049a7063\">\n#top .flex_column.av-5bgcgx-50a345fe8b73472f7a86e3ba049a7063{\nborder-radius:0px;\n-webkit-border-radius:0px;\n-moz-border-radius:0px;\npadding:2.5%;\n}\n<\/style>\n<div class='flex_column av-5bgcgx-50a345fe8b73472f7a86e3ba049a7063 av_one_half  avia-builder-el-1  el_before_av_one_half  avia-builder-el-first  first no_margin flex_column_table_cell av-equal-height-column av-align-middle '   ><style type=\"text\/css\" id=\"style-css-av-l43keeew-04004012df484d73c04dc214f0ba09c1\">\n.avia-image-container.av-l43keeew-04004012df484d73c04dc214f0ba09c1 .av-image-caption-overlay-center{\ncolor:#ffffff;\n}\n<\/style>\n<div  class='avia-image-container av-l43keeew-04004012df484d73c04dc214f0ba09c1 av-styling-no-styling avia-align-center  avia-builder-el-2  avia-builder-el-no-sibling  '  itemprop=\"image\" itemscope=\"itemscope\" itemtype=\"https:\/\/schema.org\/ImageObject\" ><div class=\"avia-image-container-inner\"><div class=\"avia-image-overlay-wrap\"><img class='wp-image-39403 avia-img-lazy-loading-not-39403 avia_image' src=\"https:\/\/prologium.com\/wp-content\/uploads\/2025\/10\/20251028\u5b98\u7db2\u63db\u5716_\u5167\u9801_\u6cd5\u6587-31\u7ba1\u5236\u660e\u6587-1.jpg\" alt='' title='20251028\u5b98\u7db2\u63db\u5716_\u5167\u9801_\u6cd5\u6587-31(\u7ba1\u5236\u660e\u6587)'  height=\"1042\" width=\"1562\"  itemprop=\"thumbnailUrl\" srcset=\"https:\/\/prologium.com\/wp-content\/uploads\/2025\/10\/20251028\u5b98\u7db2\u63db\u5716_\u5167\u9801_\u6cd5\u6587-31\u7ba1\u5236\u660e\u6587-1.jpg 1562w, https:\/\/prologium.com\/wp-content\/uploads\/2025\/10\/20251028\u5b98\u7db2\u63db\u5716_\u5167\u9801_\u6cd5\u6587-31\u7ba1\u5236\u660e\u6587-1-300x200.jpg 300w, https:\/\/prologium.com\/wp-content\/uploads\/2025\/10\/20251028\u5b98\u7db2\u63db\u5716_\u5167\u9801_\u6cd5\u6587-31\u7ba1\u5236\u660e\u6587-1-1030x687.jpg 1030w, https:\/\/prologium.com\/wp-content\/uploads\/2025\/10\/20251028\u5b98\u7db2\u63db\u5716_\u5167\u9801_\u6cd5\u6587-31\u7ba1\u5236\u660e\u6587-1-768x512.jpg 768w, https:\/\/prologium.com\/wp-content\/uploads\/2025\/10\/20251028\u5b98\u7db2\u63db\u5716_\u5167\u9801_\u6cd5\u6587-31\u7ba1\u5236\u660e\u6587-1-1536x1025.jpg 1536w, https:\/\/prologium.com\/wp-content\/uploads\/2025\/10\/20251028\u5b98\u7db2\u63db\u5716_\u5167\u9801_\u6cd5\u6587-31\u7ba1\u5236\u660e\u6587-1-1500x1001.jpg 1500w, https:\/\/prologium.com\/wp-content\/uploads\/2025\/10\/20251028\u5b98\u7db2\u63db\u5716_\u5167\u9801_\u6cd5\u6587-31\u7ba1\u5236\u660e\u6587-1-705x470.jpg 705w\" sizes=\"(max-width: 1562px) 100vw, 1562px\" \/><\/div><\/div><\/div><\/div>\n<style type=\"text\/css\" id=\"style-css-av-43ucep-8b0ae9d13c8ea646081802cc83ffe8d7\">\n#top .flex_column.av-43ucep-8b0ae9d13c8ea646081802cc83ffe8d7{\nborder-radius:0px;\n-webkit-border-radius:0px;\n-moz-border-radius:0px;\npadding:2.5%;\n}\n<\/style>\n<div class='flex_column av-43ucep-8b0ae9d13c8ea646081802cc83ffe8d7 av_one_half  avia-builder-el-3  el_after_av_one_half  avia-builder-el-last  no_margin flex_column_table_cell av-equal-height-column av-align-middle '   ><p>\n<style type=\"text\/css\" id=\"style-css-av-lmyhvudn-88e370fd489d25298e3c1155f726ef82\">\n#top .av-special-heading.av-lmyhvudn-88e370fd489d25298e3c1155f726ef82{\nmargin:0px;\npadding-bottom:10px;\ncolor:#b89843;\n}\n.av-special-heading.av-lmyhvudn-88e370fd489d25298e3c1155f726ef82 .special-heading-inner-border{\nborder-color:#b89843;\n}\n<\/style>\n<div  class='av-special-heading av-lmyhvudn-88e370fd489d25298e3c1155f726ef82 av-special-heading-h3 custom-color-heading blockquote modern-quote  avia-builder-el-4  el_before_av_heading  avia-builder-el-first   av-small-hide av-mini-hide'><h3 class='av-special-heading-tag '  itemprop=\"headline\"  ><u>PLCB (Batterie pouchette de Lithium C\u00e9ramique)<\/u><\/h3><div class='special-heading-border'><div class='special-heading-inner-border'><\/div><\/div><\/div><br \/>\n\n<style type=\"text\/css\" id=\"style-css-av-lmyhw7zi-e5bcad7f33b0da41ea77552a7bf9c6cd\">\n#top .av-special-heading.av-lmyhw7zi-e5bcad7f33b0da41ea77552a7bf9c6cd{\nmargin:0px;\npadding-bottom:10px;\ncolor:#b89843;\n}\n.av-special-heading.av-lmyhw7zi-e5bcad7f33b0da41ea77552a7bf9c6cd .special-heading-inner-border{\nborder-color:#b89843;\n}\n<\/style>\n<div  class='av-special-heading av-lmyhw7zi-e5bcad7f33b0da41ea77552a7bf9c6cd av-special-heading-h3 custom-color-heading blockquote modern-quote  avia-builder-el-5  el_after_av_heading  el_before_av_hr   av-desktop-hide av-medium-hide'><h3 class='av-special-heading-tag '  itemprop=\"headline\"  ><u>PLCB<br \/>\n(Batterie pouchette de Lithium C\u00e9ramique)<\/u><\/h3><div class='special-heading-border'><div class='special-heading-inner-border'><\/div><\/div><\/div><br \/>\n\n<style type=\"text\/css\" id=\"style-css-av-304axd-cb560ac8e55b5dcffab0b8a172c2eed2\">\n.hr.av-304axd-cb560ac8e55b5dcffab0b8a172c2eed2{\nheight:10px;\n}\n<\/style>\n<div  class='hr av-304axd-cb560ac8e55b5dcffab0b8a172c2eed2 hr-invisible  avia-builder-el-6  el_after_av_heading  el_before_av_textblock  '><span class='hr-inner '><span class=\"hr-inner-style\"><\/span><\/span><\/div><br \/>\n<section class=\"av_textblock_section \"  itemscope=\"itemscope\" itemtype=\"https:\/\/schema.org\/CreativeWork\" ><div class='avia_textblock  av_inherit_color '  style='color:#b89843; '  itemprop=\"text\" ><ul>\n<li>La s\u00e9curit\u00e9 fondamentale, s\u00fbre \u00e0 100%, fiable et sans risque d&#8217;incendie<\/li>\n<li>Chargement ultra-rapide : 60% en 4 mins, 80% en 6.4 mins<\/li>\n<li>Large plage de travail de d\u00e9charge\/charge en -30\u00b0C ~ 85\u00b0C<\/li>\n<\/ul>\n<\/div><\/section><br \/>\n<section class=\"av_textblock_section \"  itemscope=\"itemscope\" itemtype=\"https:\/\/schema.org\/CreativeWork\" ><div class='avia_textblock  av_inherit_color '  style='color:#b89843; '  itemprop=\"text\" ><p>March\u00e9s vis\u00e9s: V\u00e9hicule, AGV\/AMRs, ESS\/MARITIME, \u00e9lectronique grand public, applications industrielles.<\/p>\n<\/div><\/section><\/p><\/div><\/div><!--close column table wrapper. Autoclose: 1 --><\/div><\/div><\/main><!-- close content main element --><\/div><\/div><div id='after_section_1'  class='main_color av_default_container_wrap container_wrap sidebar_right'  ><div class='container av-section-cont-open' ><div class='template-page content  av-content-small alpha units'><div class='post-entry post-entry-type-page post-entry-12401'><div class='entry-content-wrapper clearfix'>\n","protected":false},"excerpt":{"rendered":"","protected":false},"author":12,"featured_media":0,"parent":12390,"menu_order":2,"comment_status":"closed","ping_status":"closed","template":"","meta":[],"yoast_head":"<!-- This site is optimized with the Yoast SEO plugin v16.8 - https:\/\/yoast.com\/wordpress\/plugins\/seo\/ -->\n<title>PLCB - ProLogium Technology Co., Ltd<\/title>\n<meta name=\"robots\" content=\"index, follow, max-snippet:-1, max-image-preview:large, max-video-preview:-1\" \/>\n<link rel=\"canonical\" href=\"https:\/\/prologium.com\/fr\/produits\/plcb\/\" \/>\n<meta property=\"og:locale\" content=\"fr_FR\" \/>\n<meta property=\"og:type\" content=\"article\" \/>\n<meta property=\"og:title\" content=\"PLCB - ProLogium Technology Co., Ltd\" \/>\n<meta property=\"og:url\" content=\"https:\/\/prologium.com\/fr\/produits\/plcb\/\" \/>\n<meta property=\"og:site_name\" content=\"ProLogium Technology Co., Ltd\" \/>\n<meta property=\"article:modified_time\" content=\"2025-10-30T08:11:57+00:00\" \/>\n<meta name=\"twitter:card\" content=\"summary\" \/>\n<script type=\"application\/ld+json\" class=\"yoast-schema-graph\">{\"@context\":\"https:\/\/schema.org\",\"@graph\":[{\"@type\":\"WebSite\",\"@id\":\"https:\/\/prologium.com\/#website\",\"url\":\"https:\/\/prologium.com\/\",\"name\":\"ProLogium Technology Co., Ltd\",\"description\":\"\",\"potentialAction\":[{\"@type\":\"SearchAction\",\"target\":{\"@type\":\"EntryPoint\",\"urlTemplate\":\"https:\/\/prologium.com\/?s={search_term_string}\"},\"query-input\":\"required name=search_term_string\"}],\"inLanguage\":\"fr-FR\"},{\"@type\":\"WebPage\",\"@id\":\"https:\/\/prologium.com\/fr\/produits\/plcb\/#webpage\",\"url\":\"https:\/\/prologium.com\/fr\/produits\/plcb\/\",\"name\":\"PLCB - ProLogium Technology Co., Ltd\",\"isPartOf\":{\"@id\":\"https:\/\/prologium.com\/#website\"},\"datePublished\":\"2022-06-07T02:52:19+00:00\",\"dateModified\":\"2025-10-30T08:11:57+00:00\",\"breadcrumb\":{\"@id\":\"https:\/\/prologium.com\/fr\/produits\/plcb\/#breadcrumb\"},\"inLanguage\":\"fr-FR\",\"potentialAction\":[{\"@type\":\"ReadAction\",\"target\":[\"https:\/\/prologium.com\/fr\/produits\/plcb\/\"]}]},{\"@type\":\"BreadcrumbList\",\"@id\":\"https:\/\/prologium.com\/fr\/produits\/plcb\/#breadcrumb\",\"itemListElement\":[{\"@type\":\"ListItem\",\"position\":1,\"name\":\"\\u9996\\u9801\",\"item\":\"https:\/\/prologium.com\/fr\/index\/\"},{\"@type\":\"ListItem\",\"position\":2,\"name\":\"Produits\",\"item\":\"https:\/\/prologium.com\/fr\/produits\/\"},{\"@type\":\"ListItem\",\"position\":3,\"name\":\"PLCB\"}]}]}<\/script>\n<!-- \/ Yoast SEO plugin. -->","yoast_head_json":{"title":"PLCB - ProLogium Technology Co., Ltd","robots":{"index":"index","follow":"follow","max-snippet":"max-snippet:-1","max-image-preview":"max-image-preview:large","max-video-preview":"max-video-preview:-1"},"canonical":"https:\/\/prologium.com\/fr\/produits\/plcb\/","og_locale":"fr_FR","og_type":"article","og_title":"PLCB - ProLogium Technology Co., Ltd","og_url":"https:\/\/prologium.com\/fr\/produits\/plcb\/","og_site_name":"ProLogium Technology Co., Ltd","article_modified_time":"2025-10-30T08:11:57+00:00","twitter_card":"summary","schema":{"@context":"https:\/\/schema.org","@graph":[{"@type":"WebSite","@id":"https:\/\/prologium.com\/#website","url":"https:\/\/prologium.com\/","name":"ProLogium Technology Co., Ltd","description":"","potentialAction":[{"@type":"SearchAction","target":{"@type":"EntryPoint","urlTemplate":"https:\/\/prologium.com\/?s={search_term_string}"},"query-input":"required name=search_term_string"}],"inLanguage":"fr-FR"},{"@type":"WebPage","@id":"https:\/\/prologium.com\/fr\/produits\/plcb\/#webpage","url":"https:\/\/prologium.com\/fr\/produits\/plcb\/","name":"PLCB - ProLogium Technology Co., Ltd","isPartOf":{"@id":"https:\/\/prologium.com\/#website"},"datePublished":"2022-06-07T02:52:19+00:00","dateModified":"2025-10-30T08:11:57+00:00","breadcrumb":{"@id":"https:\/\/prologium.com\/fr\/produits\/plcb\/#breadcrumb"},"inLanguage":"fr-FR","potentialAction":[{"@type":"ReadAction","target":["https:\/\/prologium.com\/fr\/produits\/plcb\/"]}]},{"@type":"BreadcrumbList","@id":"https:\/\/prologium.com\/fr\/produits\/plcb\/#breadcrumb","itemListElement":[{"@type":"ListItem","position":1,"name":"\u9996\u9801","item":"https:\/\/prologium.com\/fr\/index\/"},{"@type":"ListItem","position":2,"name":"Produits","item":"https:\/\/prologium.com\/fr\/produits\/"},{"@type":"ListItem","position":3,"name":"PLCB"}]}]}},"_links":{"self":[{"href":"https:\/\/prologium.com\/fr\/wp-json\/wp\/v2\/pages\/12401"}],"collection":[{"href":"https:\/\/prologium.com\/fr\/wp-json\/wp\/v2\/pages"}],"about":[{"href":"https:\/\/prologium.com\/fr\/wp-json\/wp\/v2\/types\/page"}],"author":[{"embeddable":true,"href":"https:\/\/prologium.com\/fr\/wp-json\/wp\/v2\/users\/12"}],"replies":[{"embeddable":true,"href":"https:\/\/prologium.com\/fr\/wp-json\/wp\/v2\/comments?post=12401"}],"version-history":[{"count":10,"href":"https:\/\/prologium.com\/fr\/wp-json\/wp\/v2\/pages\/12401\/revisions"}],"predecessor-version":[{"id":39375,"href":"https:\/\/prologium.com\/fr\/wp-json\/wp\/v2\/pages\/12401\/revisions\/39375"}],"up":[{"embeddable":true,"href":"https:\/\/prologium.com\/fr\/wp-json\/wp\/v2\/pages\/12390"}],"wp:attachment":[{"href":"https:\/\/prologium.com\/fr\/wp-json\/wp\/v2\/media?parent=12401"}],"curies":[{"name":"wp","href":"https:\/\/api.w.org\/{rel}","templated":true}]}}