{"id":12396,"date":"2022-06-07T10:47:31","date_gmt":"2022-06-07T02:47:31","guid":{"rendered":"https:\/\/prologium.com\/products\/flcb\/"},"modified":"2025-10-30T16:24:38","modified_gmt":"2025-10-30T08:24:38","slug":"flcb","status":"publish","type":"page","link":"https:\/\/prologium.com\/fr\/produits\/flcb\/","title":{"rendered":"FLCB"},"content":{"rendered":"\n<style type=\"text\/css\" id=\"style-css-av-6vl3dq-6bc9aa63fda2b729fd2912543ba06835\">\n.avia-section.av-6vl3dq-6bc9aa63fda2b729fd2912543ba06835{\nbackground-color:#ffffff;\n}\n<\/style>\n<div id='av_section_1'  class='avia-section av-6vl3dq-6bc9aa63fda2b729fd2912543ba06835 alternate_color avia-section-default avia-no-border-styling  avia-builder-el-0  avia-builder-el-no-sibling  avia-bg-style-scroll  av-minimum-height av-minimum-height-100  container_wrap sidebar_right'   data-av_minimum_height_pc='100'><div class='container av-section-cont-open' ><main  role=\"main\" itemprop=\"mainContentOfPage\"  class='template-page content  av-content-small alpha units'><div class='post-entry post-entry-type-page post-entry-12396'><div class='entry-content-wrapper clearfix'>\n<div class='flex_column_table av-5ztm9a-f5e5e27f1f4d31bd85aad1f36ca6a706 sc-av_one_half av-equal-height-column-flextable'>\n<style type=\"text\/css\" id=\"style-css-av-5ztm9a-f5e5e27f1f4d31bd85aad1f36ca6a706\">\n#top .flex_column.av-5ztm9a-f5e5e27f1f4d31bd85aad1f36ca6a706{\nborder-radius:0px;\n-webkit-border-radius:0px;\n-moz-border-radius:0px;\npadding:2.5%;\n}\n<\/style>\n<div class='flex_column av-5ztm9a-f5e5e27f1f4d31bd85aad1f36ca6a706 av_one_half  avia-builder-el-1  el_before_av_one_half  avia-builder-el-first  first no_margin flex_column_table_cell av-equal-height-column av-align-middle '   ><style type=\"text\/css\" id=\"style-css-av-l43k9e2e-55d7872b02643dd17d7fb4f54f6aed0b\">\n.avia-image-container.av-l43k9e2e-55d7872b02643dd17d7fb4f54f6aed0b .av-image-caption-overlay-center{\ncolor:#ffffff;\n}\n<\/style>\n<div  class='avia-image-container av-l43k9e2e-55d7872b02643dd17d7fb4f54f6aed0b av-styling-no-styling avia-align-center  avia-builder-el-2  avia-builder-el-no-sibling  '  itemprop=\"image\" itemscope=\"itemscope\" itemtype=\"https:\/\/schema.org\/ImageObject\" ><div class=\"avia-image-container-inner\"><div class=\"avia-image-overlay-wrap\"><img class='wp-image-39420 avia-img-lazy-loading-not-39420 avia_image' src=\"https:\/\/prologium.com\/wp-content\/uploads\/2025\/10\/20251028\u5b98\u7db2\u63db\u5716_\u5167\u9801_\u6cd5\u6587-30\u7ba1\u5236\u660e\u6587-1.jpg\" alt='' title='20251028\u5b98\u7db2\u63db\u5716_\u5167\u9801_\u6cd5\u6587-30(\u7ba1\u5236\u660e\u6587)'  height=\"1042\" width=\"1562\"  itemprop=\"thumbnailUrl\" srcset=\"https:\/\/prologium.com\/wp-content\/uploads\/2025\/10\/20251028\u5b98\u7db2\u63db\u5716_\u5167\u9801_\u6cd5\u6587-30\u7ba1\u5236\u660e\u6587-1.jpg 1562w, https:\/\/prologium.com\/wp-content\/uploads\/2025\/10\/20251028\u5b98\u7db2\u63db\u5716_\u5167\u9801_\u6cd5\u6587-30\u7ba1\u5236\u660e\u6587-1-300x200.jpg 300w, https:\/\/prologium.com\/wp-content\/uploads\/2025\/10\/20251028\u5b98\u7db2\u63db\u5716_\u5167\u9801_\u6cd5\u6587-30\u7ba1\u5236\u660e\u6587-1-1030x687.jpg 1030w, https:\/\/prologium.com\/wp-content\/uploads\/2025\/10\/20251028\u5b98\u7db2\u63db\u5716_\u5167\u9801_\u6cd5\u6587-30\u7ba1\u5236\u660e\u6587-1-768x512.jpg 768w, https:\/\/prologium.com\/wp-content\/uploads\/2025\/10\/20251028\u5b98\u7db2\u63db\u5716_\u5167\u9801_\u6cd5\u6587-30\u7ba1\u5236\u660e\u6587-1-1536x1025.jpg 1536w, https:\/\/prologium.com\/wp-content\/uploads\/2025\/10\/20251028\u5b98\u7db2\u63db\u5716_\u5167\u9801_\u6cd5\u6587-30\u7ba1\u5236\u660e\u6587-1-1500x1001.jpg 1500w, https:\/\/prologium.com\/wp-content\/uploads\/2025\/10\/20251028\u5b98\u7db2\u63db\u5716_\u5167\u9801_\u6cd5\u6587-30\u7ba1\u5236\u660e\u6587-1-705x470.jpg 705w\" sizes=\"(max-width: 1562px) 100vw, 1562px\" \/><\/div><\/div><\/div><\/div>\n<style type=\"text\/css\" id=\"style-css-av-ex3vy-b2f888f5c77f2a0db51869f2c24190fa\">\n#top .flex_column.av-ex3vy-b2f888f5c77f2a0db51869f2c24190fa{\nborder-radius:0px;\n-webkit-border-radius:0px;\n-moz-border-radius:0px;\npadding:2.5%;\n}\n<\/style>\n<div class='flex_column av-ex3vy-b2f888f5c77f2a0db51869f2c24190fa av_one_half  avia-builder-el-3  el_after_av_one_half  avia-builder-el-last  no_margin flex_column_table_cell av-equal-height-column av-align-middle '   ><p>\n<style type=\"text\/css\" id=\"style-css-av-lmyht9nt-75eabc60639e217f35e82a6ccb758539\">\n#top .av-special-heading.av-lmyht9nt-75eabc60639e217f35e82a6ccb758539{\nmargin:0px;\npadding-bottom:10px;\ncolor:#b89843;\n}\n.av-special-heading.av-lmyht9nt-75eabc60639e217f35e82a6ccb758539 .special-heading-inner-border{\nborder-color:#b89843;\n}\n<\/style>\n<div  class='av-special-heading av-lmyht9nt-75eabc60639e217f35e82a6ccb758539 av-special-heading-h3 custom-color-heading blockquote modern-quote  avia-builder-el-4  el_before_av_heading  avia-builder-el-first   av-small-hide av-mini-hide'><h3 class='av-special-heading-tag '  itemprop=\"headline\"  ><u>FLCB (Batteries Lithium c\u00e9ramique fl\u00e9xible)<\/u><\/h3><div class='special-heading-border'><div class='special-heading-inner-border'><\/div><\/div><\/div><br \/>\n\n<style type=\"text\/css\" id=\"style-css-av-lmyhu03n-f564b384124b024e87128c0f3fe4a62e\">\n#top .av-special-heading.av-lmyhu03n-f564b384124b024e87128c0f3fe4a62e{\nmargin:0px;\npadding-bottom:10px;\ncolor:#b89843;\n}\n.av-special-heading.av-lmyhu03n-f564b384124b024e87128c0f3fe4a62e .special-heading-inner-border{\nborder-color:#b89843;\n}\n<\/style>\n<div  class='av-special-heading av-lmyhu03n-f564b384124b024e87128c0f3fe4a62e av-special-heading-h3 custom-color-heading blockquote modern-quote  avia-builder-el-5  el_after_av_heading  el_before_av_hr   av-desktop-hide av-medium-hide'><h3 class='av-special-heading-tag '  itemprop=\"headline\"  ><u>FLCB<br \/>\n(Batteries Lithium c\u00e9ramique fl\u00e9xible)<\/u><\/h3><div class='special-heading-border'><div class='special-heading-inner-border'><\/div><\/div><\/div><br \/>\n\n<style type=\"text\/css\" id=\"style-css-av-2b8t9q-9948af228127157724d727adddf2ba70\">\n.hr.av-2b8t9q-9948af228127157724d727adddf2ba70{\nheight:10px;\n}\n<\/style>\n<div  class='hr av-2b8t9q-9948af228127157724d727adddf2ba70 hr-invisible  avia-builder-el-6  el_after_av_heading  el_before_av_textblock  '><span class='hr-inner '><span class=\"hr-inner-style\"><\/span><\/span><\/div><br \/>\n<section class=\"av_textblock_section \"  itemscope=\"itemscope\" itemtype=\"https:\/\/schema.org\/CreativeWork\" ><div class='avia_textblock  av_inherit_color '  style='color:#b89843; '  itemprop=\"text\" ><ul>\n<li>FPC emballage<\/li>\n<li>La s\u00e9curit\u00e9 fondamentale, s\u00fbre \u00e0 100%, fiable et sans risque d&#8217;incendie<\/li>\n<li>Ultra fin : 0.5mm<\/li>\n<li>Grande plage de pression ; depuis du fond de la mer jusqu&#8217;\u00e0 l&#8217;espace<\/li>\n<\/ul>\n<\/div><\/section><br \/>\n<section class=\"av_textblock_section \"  itemscope=\"itemscope\" itemtype=\"https:\/\/schema.org\/CreativeWork\" ><div class='avia_textblock  av_inherit_color '  style='color:#b89843; '  itemprop=\"text\" ><p>March\u00e9s vis\u00e9s : \u00e9lectronique grand public, portable, IoT et application a\u00e9ronautique<\/p>\n<\/div><\/section><\/p><\/div><\/div><!--close column table wrapper. Autoclose: 1 --><\/div><\/div><\/main><!-- close content main element --><\/div><\/div><div id='after_section_1'  class='main_color av_default_container_wrap container_wrap sidebar_right'  ><div class='container av-section-cont-open' ><div class='template-page content  av-content-small alpha units'><div class='post-entry post-entry-type-page post-entry-12396'><div class='entry-content-wrapper clearfix'>\n","protected":false},"excerpt":{"rendered":"","protected":false},"author":12,"featured_media":0,"parent":12390,"menu_order":1,"comment_status":"closed","ping_status":"closed","template":"","meta":[],"yoast_head":"<!-- This site is optimized with the Yoast SEO plugin v16.8 - https:\/\/yoast.com\/wordpress\/plugins\/seo\/ -->\n<title>FLCB - ProLogium Technology Co., Ltd<\/title>\n<meta name=\"robots\" content=\"index, follow, max-snippet:-1, max-image-preview:large, max-video-preview:-1\" \/>\n<link rel=\"canonical\" href=\"https:\/\/prologium.com\/fr\/produits\/flcb\/\" \/>\n<meta property=\"og:locale\" content=\"fr_FR\" \/>\n<meta property=\"og:type\" content=\"article\" \/>\n<meta property=\"og:title\" content=\"FLCB - ProLogium Technology Co., Ltd\" \/>\n<meta property=\"og:url\" content=\"https:\/\/prologium.com\/fr\/produits\/flcb\/\" \/>\n<meta property=\"og:site_name\" content=\"ProLogium Technology Co., Ltd\" \/>\n<meta property=\"article:modified_time\" content=\"2025-10-30T08:24:38+00:00\" \/>\n<meta name=\"twitter:card\" content=\"summary\" \/>\n<script type=\"application\/ld+json\" class=\"yoast-schema-graph\">{\"@context\":\"https:\/\/schema.org\",\"@graph\":[{\"@type\":\"WebSite\",\"@id\":\"https:\/\/prologium.com\/#website\",\"url\":\"https:\/\/prologium.com\/\",\"name\":\"ProLogium Technology Co., Ltd\",\"description\":\"\",\"potentialAction\":[{\"@type\":\"SearchAction\",\"target\":{\"@type\":\"EntryPoint\",\"urlTemplate\":\"https:\/\/prologium.com\/?s={search_term_string}\"},\"query-input\":\"required name=search_term_string\"}],\"inLanguage\":\"fr-FR\"},{\"@type\":\"WebPage\",\"@id\":\"https:\/\/prologium.com\/fr\/produits\/flcb\/#webpage\",\"url\":\"https:\/\/prologium.com\/fr\/produits\/flcb\/\",\"name\":\"FLCB - ProLogium Technology Co., Ltd\",\"isPartOf\":{\"@id\":\"https:\/\/prologium.com\/#website\"},\"datePublished\":\"2022-06-07T02:47:31+00:00\",\"dateModified\":\"2025-10-30T08:24:38+00:00\",\"breadcrumb\":{\"@id\":\"https:\/\/prologium.com\/fr\/produits\/flcb\/#breadcrumb\"},\"inLanguage\":\"fr-FR\",\"potentialAction\":[{\"@type\":\"ReadAction\",\"target\":[\"https:\/\/prologium.com\/fr\/produits\/flcb\/\"]}]},{\"@type\":\"BreadcrumbList\",\"@id\":\"https:\/\/prologium.com\/fr\/produits\/flcb\/#breadcrumb\",\"itemListElement\":[{\"@type\":\"ListItem\",\"position\":1,\"name\":\"\\u9996\\u9801\",\"item\":\"https:\/\/prologium.com\/fr\/index\/\"},{\"@type\":\"ListItem\",\"position\":2,\"name\":\"Produits\",\"item\":\"https:\/\/prologium.com\/fr\/produits\/\"},{\"@type\":\"ListItem\",\"position\":3,\"name\":\"FLCB\"}]}]}<\/script>\n<!-- \/ Yoast SEO plugin. -->","yoast_head_json":{"title":"FLCB - ProLogium Technology Co., Ltd","robots":{"index":"index","follow":"follow","max-snippet":"max-snippet:-1","max-image-preview":"max-image-preview:large","max-video-preview":"max-video-preview:-1"},"canonical":"https:\/\/prologium.com\/fr\/produits\/flcb\/","og_locale":"fr_FR","og_type":"article","og_title":"FLCB - ProLogium Technology Co., Ltd","og_url":"https:\/\/prologium.com\/fr\/produits\/flcb\/","og_site_name":"ProLogium Technology Co., Ltd","article_modified_time":"2025-10-30T08:24:38+00:00","twitter_card":"summary","schema":{"@context":"https:\/\/schema.org","@graph":[{"@type":"WebSite","@id":"https:\/\/prologium.com\/#website","url":"https:\/\/prologium.com\/","name":"ProLogium Technology Co., Ltd","description":"","potentialAction":[{"@type":"SearchAction","target":{"@type":"EntryPoint","urlTemplate":"https:\/\/prologium.com\/?s={search_term_string}"},"query-input":"required name=search_term_string"}],"inLanguage":"fr-FR"},{"@type":"WebPage","@id":"https:\/\/prologium.com\/fr\/produits\/flcb\/#webpage","url":"https:\/\/prologium.com\/fr\/produits\/flcb\/","name":"FLCB - ProLogium Technology Co., Ltd","isPartOf":{"@id":"https:\/\/prologium.com\/#website"},"datePublished":"2022-06-07T02:47:31+00:00","dateModified":"2025-10-30T08:24:38+00:00","breadcrumb":{"@id":"https:\/\/prologium.com\/fr\/produits\/flcb\/#breadcrumb"},"inLanguage":"fr-FR","potentialAction":[{"@type":"ReadAction","target":["https:\/\/prologium.com\/fr\/produits\/flcb\/"]}]},{"@type":"BreadcrumbList","@id":"https:\/\/prologium.com\/fr\/produits\/flcb\/#breadcrumb","itemListElement":[{"@type":"ListItem","position":1,"name":"\u9996\u9801","item":"https:\/\/prologium.com\/fr\/index\/"},{"@type":"ListItem","position":2,"name":"Produits","item":"https:\/\/prologium.com\/fr\/produits\/"},{"@type":"ListItem","position":3,"name":"FLCB"}]}]}},"_links":{"self":[{"href":"https:\/\/prologium.com\/fr\/wp-json\/wp\/v2\/pages\/12396"}],"collection":[{"href":"https:\/\/prologium.com\/fr\/wp-json\/wp\/v2\/pages"}],"about":[{"href":"https:\/\/prologium.com\/fr\/wp-json\/wp\/v2\/types\/page"}],"author":[{"embeddable":true,"href":"https:\/\/prologium.com\/fr\/wp-json\/wp\/v2\/users\/12"}],"replies":[{"embeddable":true,"href":"https:\/\/prologium.com\/fr\/wp-json\/wp\/v2\/comments?post=12396"}],"version-history":[{"count":10,"href":"https:\/\/prologium.com\/fr\/wp-json\/wp\/v2\/pages\/12396\/revisions"}],"predecessor-version":[{"id":39419,"href":"https:\/\/prologium.com\/fr\/wp-json\/wp\/v2\/pages\/12396\/revisions\/39419"}],"up":[{"embeddable":true,"href":"https:\/\/prologium.com\/fr\/wp-json\/wp\/v2\/pages\/12390"}],"wp:attachment":[{"href":"https:\/\/prologium.com\/fr\/wp-json\/wp\/v2\/media?parent=12396"}],"curies":[{"name":"wp","href":"https:\/\/api.w.org\/{rel}","templated":true}]}}